{"id":977,"date":"2020-04-06T13:33:33","date_gmt":"2020-04-06T11:33:33","guid":{"rendered":"http:\/\/www.cf-coding.de\/?page_id=977"},"modified":"2020-06-07T11:16:16","modified_gmt":"2020-06-07T09:16:16","slug":"tarraco-kn","status":"publish","type":"page","link":"https:\/\/www.cf-coding.de\/index.php\/fahrzeugauswahl\/seat\/tarraco-kn\/","title":{"rendered":"Tarraco (KN)"},"content":{"rendered":"\t\t<div data-elementor-type=\"wp-page\" data-elementor-id=\"977\" class=\"elementor elementor-977\">\n\t\t\t\t\t\t<section class=\"elementor-section elementor-top-section elementor-element elementor-element-e129052 elementor-section-boxed elementor-section-height-default elementor-section-height-default\" data-id=\"e129052\" data-element_type=\"section\">\n\t\t\t\t\t\t<div class=\"elementor-container elementor-column-gap-default\">\n\t\t\t\t\t<div class=\"elementor-column elementor-col-100 elementor-top-column elementor-element elementor-element-b86daaf\" data-id=\"b86daaf\" data-element_type=\"column\">\n\t\t\t<div class=\"elementor-widget-wrap elementor-element-populated\">\n\t\t\t\t\t\t<div class=\"elementor-element elementor-element-6c16ee3 elementor-widget elementor-widget-text-editor\" data-id=\"6c16ee3\" data-element_type=\"widget\" data-widget_type=\"text-editor.default\">\n\t\t\t\t<div class=\"elementor-widget-container\">\n\t\t\t\t\t\t\t\t\tBeim Seat Tarraco (KN) gibt es u.a. folgende Codierm\u00f6glichkeiten:\n<ul>\n \t<li>\u201eAuto-Hold\u201c anpassen<\/li>\n \t<li>Abbiegelicht bei R\u00fcckw\u00e4rtsfahrt aktivieren\/deaktivieren<\/li>\n \t<li>Abbiegelicht \u00fcber Nebelscheinwerfer<\/li>\n \t<li>Abdimmgeschwindigkeit des Abbiegelichtes \u00e4ndern<\/li>\n \t<li>Abschaltgeschwindigkeit der Einparkhilfe anpassen (nur bei Einparkhilfe vorne und hinten)<\/li>\n \t<li>Abstand zum Bordstein anpassen (Parklenkassistent)<\/li>\n \t<li>Air Care aktiviert lassen (nach Z\u00fcndungswechsel weiterhin aktiv)<\/li>\n \t<li>Aktivierungston der Einparkhilfe aktivieren\/deaktivieren<\/li>\n \t<li>AM-Band im Radio ausblenden<\/li>\n \t<li>Anpassen der Lenkunterst\u00fctzung (Komfort, Dynamik)<\/li>\n \t<li>Audioabsenkung der Einparkhilfe aktivieren\/deaktivieren<\/li>\n \t<li>Automatisches Verriegeln (T\u00fcrzuschlagsverriegelung, nur bei Kessy)<\/li>\n \t<li>Automatisches Wischen der Heckscheibe aktivieren<\/li>\n \t<li>Beifahrerspiegelabsenkung beim R\u00fcckw\u00e4rtsfahren<\/li>\n \t<li>Berganfahrassistent anpassen<\/li>\n \t<li>Blinkzyklen des Komfortblinkers \u00e4ndern<\/li>\n \t<li>Coming Home aktivieren (ohne verbauten Lichtsensor)<\/li>\n \t<li>Coming-\/Leaving Home \u00fcber Nebelscheinwerfer und Abblendlicht<\/li>\n \t<li>Coming-Home Einschaltereignis \u00e4ndern (Fahrert\u00fcre oder Z\u00fcndung)<\/li>\n \t<li>Coming-Home \u00fcber Nebelscheinwerfer<\/li>\n \t<li>Coming-Home von manueller Aktivierung auf \u201eautomatisch\u201c \u00e4ndern<\/li>\n \t<li>Dachrollo beim Komfort\u00f6ffnen\/-schlie\u00dfen aktivieren\/deaktivieren<\/li>\n \t<li>Dachrollo schlie\u00dfen trotz ge\u00f6ffnetem Schiebedach<\/li>\n \t<li>Design\/Skin vom Active-Info-Display \u00e4ndern<\/li>\n \t<li>Design\/Skin vom Discover Pro \u00e4ndern<\/li>\n \t<li>Dynamischen Anfahrassistenten anpassen<\/li>\n \t<li>ESP und ASR komplett im Men\u00fc deaktivierbar<\/li>\n \t<li>Fensterheber auch nach T\u00fcr\u00f6ffnen weiter aktiv<\/li>\n \t<li>Fernlichtassistent aktiviert lassen (nach Z\u00fcndungswechsel weiterhin aktiv)<\/li>\n \t<li>Fernlichtassistent freischalten<\/li>\n \t<li>Front Assist anpassen (Warnschwelle im Radio einstellbar \u201efr\u00fch\/mittel\/sp\u00e4t\u201c, nach Z\u00fcndungswechsel standardm\u00e4\u00dfig deaktiviert)<\/li>\n \t<li>Gebl\u00e4sestufe im \u201eAuto\u201c-Modus der Klimaanlage anzeigen<\/li>\n \t<li>Geschwindigkeitsschwelle des Abbiegelichtes (statisch) anpassen<\/li>\n \t<li>Gurtwarnung deaktivieren<\/li>\n \t<li>Komfortblinken deaktivieren<\/li>\n \t<li>Komfort\u00f6ffnung Panoramadach \u00e4ndern (Kippstellung\/ganz auf)<\/li>\n \t<li>Laptimer\/Rundenz\u00e4hler aktivieren<\/li>\n \t<li>LED-Fu\u00dfraumbeleuchtung aktivieren (nach Nachr\u00fcstung)<\/li>\n \t<li>Lichthupe bei ausgeschalteter Z\u00fcndung<\/li>\n \t<li>Meldung \u201eAbblendlicht einschalten\u201c im Active-Info-Display deaktivieren<\/li>\n \t<li>Mikrofonempfindlichkeit anpassen (+\/- 10 dB)<\/li>\n \t<li>Nachheizzeit der Standheizung anpassen<\/li>\n \t<li>Nachtankmenge im Kombiinstrument<\/li>\n \t<li>Nebelscheinwerfer zus\u00e4tzlich bei Fernlicht aktiv<\/li>\n \t<li>Nebelscheinwerfer zus\u00e4tzlich zum Tagfahrlicht aktiv<\/li>\n \t<li>\u00d6ffnungsh\u00f6he der elektrischen Heckklappe begrenzen\/reduzieren<\/li>\n \t<li>Offroad-Anzeige im Discover Pro aktivieren (nur mit MIB2)<\/li>\n \t<li>Quittierungston\/Hornquittierung beim Verriegeln\/Entriegeln des Fahrzeugs<\/li>\n \t<li>R\u00fcckfahrkamera codieren (nach Nachr\u00fcstung)<\/li>\n \t<li>Scheinwerferreinigungsanlage anpassen (Verz\u00f6gerungszeit, Aktivierungsintervall, Waschzeit)<\/li>\n \t<li>Speicherung der zuletzt gew\u00e4hlten Sitzheizungsstufe<\/li>\n \t<li>Spiegelanklappen (nach Nachr\u00fcstung)<\/li>\n \t<li>Spiegelanklappen anpassen (FFB kurz dr\u00fccken\/FFB lang dr\u00fccken zum Einklappen)<\/li>\n \t<li>Spurhalteassistent freischalten*<\/li>\n \t<li>Start\/Stopp-System deaktivieren<\/li>\n \t<li>Startlogo im Discover Pro \u00e4ndern<\/li>\n \t<li>Tagfahrlicht bei aktiver\/gezogener Handbremse ausschalten<\/li>\n \t<li>Tagfahrlicht beim Blinken herunterdimmen aktivieren\/deaktivieren<\/li>\n \t<li>Tagfahrlicht im CAR-Men\u00fc ein-\/ausschaltbar<\/li>\n \t<li>Tagfahrlicht in Lichtschalterstellung \u201eStandlicht\u201c aktivieren\/deaktivieren<\/li>\n \t<li>Tagfahrlicht mit aktiven R\u00fcckleuchten<\/li>\n \t<li>Tagfahrlicht nur in Lichtschalterstellung \u201eAuto\u201c<\/li>\n \t<li>Trailer Assist aktivieren**<\/li>\n \t<li>Tr\u00e4nenwischen aktivieren\/deaktivieren<\/li>\n \t<li>T\u00fcrwarnleuchten aktivieren (nach Nachr\u00fcstung)<\/li>\n \t<li>Umfeldbeleuchtung bei eingeklappten Spiegeln<\/li>\n \t<li>Umfeldbeleuchtung freischalten (nach Nachr\u00fcstung)<\/li>\n \t<li>Verbrauchsanzeige im Kombiinstrument anpassen<\/li>\n \t<li>Verkehrszeichenerkennung freischalten*<\/li>\n \t<li>Video in Motion (VIM) freischalten<\/li>\n \t<li>Warnhinweis bei aktivem Nebelschlusslicht und \u00fcberscheiten der gespeicherten Geschwindigkeit<\/li>\n \t<li>Warnton \u201eZ\u00fcndung ist eingeschaltet\u201c deaktivieren<\/li>\n \t<li>Warnton der elektrischen Heckklappe deaktivieren<\/li>\n \t<li>Zeigertest \/ Staging aktivieren<\/li>\n<\/ul><br><br>\n*Multifunktionskamera muss verbaut sein\n<br><br>\n**Parklenkassistent, R\u00fcckfahrkamera High sowie Area View ben\u00f6tigt\n<br><br>\nSollte eine Codierung nicht aufgelistet sein oder Sie haben Fragen zu einer Codierung, dann schicken Sie mir gerne eine Nachricht \u00fcber das Kontaktformular.\n\n\n\n<span><br><br><br>\n<font size=\"-2\">Letzte \u00c4nderung 07.06.2020<\/font><\/span>\t\t\t\t\t\t\t\t<\/div>\n\t\t\t\t<\/div>\n\t\t\t\t\t<\/div>\n\t\t<\/div>\n\t\t\t\t\t<\/div>\n\t\t<\/section>\n\t\t\t\t<\/div>\n\t\t","protected":false},"excerpt":{"rendered":"<p>Beim Seat Tarraco (KN) gibt es u.a. folgende Codierm\u00f6glichkeiten: \u201eAuto-Hold\u201c anpassen Abbiegelicht bei R\u00fcckw\u00e4rtsfahrt aktivieren\/deaktivieren Abbiegelicht \u00fcber Nebelscheinwerfer Abdimmgeschwindigkeit des Abbiegelichtes \u00e4ndern Abschaltgeschwindigkeit der Einparkhilfe anpassen (nur bei Einparkhilfe vorne und hinten) Abstand zum Bordstein anpassen (Parklenkassistent) Air Care aktiviert lassen (nach Z\u00fcndungswechsel weiterhin aktiv) Aktivierungston der Einparkhilfe aktivieren\/deaktivieren AM-Band im Radio ausblenden Anpassen der<\/p>\n<p><a href=\"https:\/\/www.cf-coding.de\/index.php\/fahrzeugauswahl\/seat\/tarraco-kn\/\" class=\"more-link\">Weiterlesen<\/a><\/p>\n","protected":false},"author":5,"featured_media":0,"parent":125,"menu_order":0,"comment_status":"closed","ping_status":"closed","template":"","meta":{"_glsr_average":0,"_glsr_ranking":0,"_glsr_reviews":0,"footnotes":""},"class_list":["post-977","page","type-page","status-publish","hentry"],"_links":{"self":[{"href":"https:\/\/www.cf-coding.de\/index.php\/wp-json\/wp\/v2\/pages\/977","targetHints":{"allow":["GET"]}}],"collection":[{"href":"https:\/\/www.cf-coding.de\/index.php\/wp-json\/wp\/v2\/pages"}],"about":[{"href":"https:\/\/www.cf-coding.de\/index.php\/wp-json\/wp\/v2\/types\/page"}],"author":[{"embeddable":true,"href":"https:\/\/www.cf-coding.de\/index.php\/wp-json\/wp\/v2\/users\/5"}],"replies":[{"embeddable":true,"href":"https:\/\/www.cf-coding.de\/index.php\/wp-json\/wp\/v2\/comments?post=977"}],"version-history":[{"count":0,"href":"https:\/\/www.cf-coding.de\/index.php\/wp-json\/wp\/v2\/pages\/977\/revisions"}],"up":[{"embeddable":true,"href":"https:\/\/www.cf-coding.de\/index.php\/wp-json\/wp\/v2\/pages\/125"}],"wp:attachment":[{"href":"https:\/\/www.cf-coding.de\/index.php\/wp-json\/wp\/v2\/media?parent=977"}],"curies":[{"name":"wp","href":"https:\/\/api.w.org\/{rel}","templated":true}]}}