{"id":916,"date":"2020-02-24T19:27:22","date_gmt":"2020-02-24T17:27:22","guid":{"rendered":"http:\/\/www.cf-coding.de\/?page_id=916"},"modified":"2023-08-13T11:35:17","modified_gmt":"2023-08-13T09:35:17","slug":"service-kombiinstrumente","status":"publish","type":"page","link":"https:\/\/www.cf-coding.de\/index.php\/diverses\/service-kombiinstrumente\/","title":{"rendered":"Service Kombiinstrumente"},"content":{"rendered":"\t\t<div data-elementor-type=\"wp-page\" data-elementor-id=\"916\" class=\"elementor elementor-916\">\n\t\t\t\t\t\t<section class=\"elementor-section elementor-top-section elementor-element elementor-element-dde3771 elementor-section-boxed elementor-section-height-default elementor-section-height-default\" data-id=\"dde3771\" data-element_type=\"section\">\n\t\t\t\t\t\t<div class=\"elementor-container elementor-column-gap-default\">\n\t\t\t\t\t<div class=\"elementor-column elementor-col-100 elementor-top-column elementor-element elementor-element-40fd5bb\" data-id=\"40fd5bb\" data-element_type=\"column\">\n\t\t\t<div class=\"elementor-widget-wrap elementor-element-populated\">\n\t\t\t\t\t\t<div class=\"elementor-element elementor-element-d74d559 elementor-widget elementor-widget-heading\" data-id=\"d74d559\" data-element_type=\"widget\" data-widget_type=\"heading.default\">\n\t\t\t\t<div class=\"elementor-widget-container\">\n\t\t\t\t\t<h2 class=\"elementor-heading-title elementor-size-default\">Kombiinstrumente bis 2004<\/h2>\t\t\t\t<\/div>\n\t\t\t\t<\/div>\n\t\t\t\t<section class=\"elementor-section elementor-inner-section elementor-element elementor-element-2768a9e elementor-section-boxed elementor-section-height-default elementor-section-height-default\" data-id=\"2768a9e\" data-element_type=\"section\">\n\t\t\t\t\t\t<div class=\"elementor-container elementor-column-gap-default\">\n\t\t\t\t\t<div class=\"elementor-column elementor-col-100 elementor-inner-column elementor-element elementor-element-63273b8\" data-id=\"63273b8\" data-element_type=\"column\">\n\t\t\t<div class=\"elementor-widget-wrap elementor-element-populated\">\n\t\t\t\t\t\t<div class=\"elementor-element elementor-element-c10b0a9 elementor-widget elementor-widget-text-editor\" data-id=\"c10b0a9\" data-element_type=\"widget\" data-widget_type=\"text-editor.default\">\n\t\t\t\t<div class=\"elementor-widget-container\">\n\t\t\t\t\t\t\t\t\t<p>Nachfolgende \u00c4nderungen sind m\u00f6glich:<\/p>\n<ul>\n<li>\u201eWillkommen\u201c-Meldung aktivieren<\/li>\n<li>Beleuchtung von Zeiger und Skalen anpassen (z.B. Zeigerbeleuchtung \u201eein\u201c oder Zeigerbeleuchtung und Skalenbeleuchtung \u201eein\u201c bei eingeschalter Z\u00fcndung)<\/li>\n<li>Glatteiswarnung (nur mit farbiger MFA) aktivieren<\/li>\n<li>GRA-LED aktivieren<\/li>\n<li>Linearisierung der Temperaturkennlinie (Anzeige der realen Wassertemperatur)<\/li>\n<li>\u00d6lstands- und Temperatursensor (G266) aktivieren\/deaktivieren<\/li>\n<li>Restreichweitenanzeige aktivieren<\/li>\n<li>Staging\/Zeigerwischen aktivieren<\/li><\/ul><div><br><\/div><div>Weitere Anpassungen sind auf Nachfrage m\u00f6glich.<br><\/div><ul>\n<\/ul>\n<div><br><\/div>\n<ul>\n<\/ul>\t\t\t\t\t\t\t\t<\/div>\n\t\t\t\t<\/div>\n\t\t\t\t\t<\/div>\n\t\t<\/div>\n\t\t\t\t\t<\/div>\n\t\t<\/section>\n\t\t\t\t\t<\/div>\n\t\t<\/div>\n\t\t\t\t\t<\/div>\n\t\t<\/section>\n\t\t\t\t<section class=\"elementor-section elementor-top-section elementor-element elementor-element-5c7cc5f elementor-section-boxed elementor-section-height-default elementor-section-height-default\" data-id=\"5c7cc5f\" data-element_type=\"section\">\n\t\t\t\t\t\t<div class=\"elementor-container elementor-column-gap-default\">\n\t\t\t\t\t<div class=\"elementor-column elementor-col-100 elementor-top-column elementor-element elementor-element-324eb8f\" data-id=\"324eb8f\" data-element_type=\"column\">\n\t\t\t<div class=\"elementor-widget-wrap elementor-element-populated\">\n\t\t\t\t\t\t<div class=\"elementor-element elementor-element-231d57a elementor-widget elementor-widget-heading\" data-id=\"231d57a\" data-element_type=\"widget\" data-widget_type=\"heading.default\">\n\t\t\t\t<div class=\"elementor-widget-container\">\n\t\t\t\t\t<h2 class=\"elementor-heading-title elementor-size-default\">Kombiinstrumente ab 2004<\/h2>\t\t\t\t<\/div>\n\t\t\t\t<\/div>\n\t\t\t\t<section class=\"elementor-section elementor-inner-section elementor-element elementor-element-6bcb751 elementor-section-boxed elementor-section-height-default elementor-section-height-default\" data-id=\"6bcb751\" data-element_type=\"section\">\n\t\t\t\t\t\t<div class=\"elementor-container elementor-column-gap-default\">\n\t\t\t\t\t<div class=\"elementor-column elementor-col-100 elementor-inner-column elementor-element elementor-element-0b89876\" data-id=\"0b89876\" data-element_type=\"column\">\n\t\t\t<div class=\"elementor-widget-wrap elementor-element-populated\">\n\t\t\t\t\t\t<div class=\"elementor-element elementor-element-2917c01 elementor-widget elementor-widget-text-editor\" data-id=\"2917c01\" data-element_type=\"widget\" data-widget_type=\"text-editor.default\">\n\t\t\t\t<div class=\"elementor-widget-container\">\n\t\t\t\t\t\t\t\t\t<p>Nachfolgende \u00c4nderungen sind m\u00f6glich:<\/p>\n<ul>\n<li>Beleuchtung von Zeiger und Skalen anpassen, z.B. auch am Tage Hintergrundbeleuchtung mit voller Intensit\u00e4t<\/li>\n<li>Linearisierung der Temperaturkennlinie (Anzeige der tats\u00e4chlichen Wassertemperatur)<\/li>\n<li>Piktogramme (\u201eWillkommen\u201c-Logo\/Fahrzeug) \u00e4ndern<\/li>\n<li>Staging\/Zeigerwischen beim Einschalten der Z\u00fcndung aktivieren<\/li>\n<li>Anpassen der Geschwindigkeitsanzeige (Korrektur Radumfang, Anzeige der tats\u00e4chlichen Geschwindigkeit)<\/li>\n<li>Freischalten der Boost-Anzeige (Audi A3 8P \/ TT 8J &#8211; nur Facelift)<\/li>\n<li>Konversion mph nach km\/h<\/li>\n<\/ul>\n<div>&nbsp;<\/div>\n<div>Weitere Anpassungen sind auf Nachfrage m\u00f6glich.<\/div>\t\t\t\t\t\t\t\t<\/div>\n\t\t\t\t<\/div>\n\t\t\t\t\t<\/div>\n\t\t<\/div>\n\t\t\t\t\t<\/div>\n\t\t<\/section>\n\t\t\t\t\t<\/div>\n\t\t<\/div>\n\t\t\t\t\t<\/div>\n\t\t<\/section>\n\t\t\t\t<section class=\"elementor-section elementor-top-section elementor-element elementor-element-a46ab36 elementor-section-boxed elementor-section-height-default elementor-section-height-default\" data-id=\"a46ab36\" data-element_type=\"section\">\n\t\t\t\t\t\t<div class=\"elementor-container elementor-column-gap-default\">\n\t\t\t\t\t<div class=\"elementor-column elementor-col-100 elementor-top-column elementor-element elementor-element-67244cd\" data-id=\"67244cd\" data-element_type=\"column\">\n\t\t\t<div class=\"elementor-widget-wrap elementor-element-populated\">\n\t\t\t\t\t\t<div class=\"elementor-element elementor-element-96560aa elementor-widget elementor-widget-text-editor\" data-id=\"96560aa\" data-element_type=\"widget\" data-widget_type=\"text-editor.default\">\n\t\t\t\t<div class=\"elementor-widget-container\">\n\t\t\t\t\t\t\t\t\t<p style=\"text-align: center;\">Bitte beachten Sie, dass nicht alle aufgez\u00e4hlten Anpassungsm\u00f6glichkeiten von jedem Kombiinstrument unterst\u00fctzt werden!<\/p>\t\t\t\t\t\t\t\t<\/div>\n\t\t\t\t<\/div>\n\t\t\t\t\t<\/div>\n\t\t<\/div>\n\t\t\t\t\t<\/div>\n\t\t<\/section>\n\t\t\t\t<\/div>\n\t\t","protected":false},"excerpt":{"rendered":"<p>Kombiinstrumente bis 2004 Nachfolgende \u00c4nderungen sind m\u00f6glich: \u201eWillkommen\u201c-Meldung aktivieren Beleuchtung von Zeiger und Skalen anpassen (z.B. Zeigerbeleuchtung \u201eein\u201c oder Zeigerbeleuchtung und Skalenbeleuchtung \u201eein\u201c bei eingeschalter Z\u00fcndung) Glatteiswarnung (nur mit farbiger MFA) aktivieren GRA-LED aktivieren Linearisierung der Temperaturkennlinie (Anzeige der realen Wassertemperatur) \u00d6lstands- und Temperatursensor (G266) aktivieren\/deaktivieren Restreichweitenanzeige aktivieren Staging\/Zeigerwischen aktivieren Weitere Anpassungen sind auf Nachfrage<\/p>\n<p><a href=\"https:\/\/www.cf-coding.de\/index.php\/diverses\/service-kombiinstrumente\/\" class=\"more-link\">Weiterlesen<\/a><\/p>\n","protected":false},"author":5,"featured_media":0,"parent":867,"menu_order":0,"comment_status":"closed","ping_status":"closed","template":"","meta":{"_glsr_average":0,"_glsr_ranking":0,"_glsr_reviews":0,"footnotes":""},"class_list":["post-916","page","type-page","status-publish","hentry"],"_links":{"self":[{"href":"https:\/\/www.cf-coding.de\/index.php\/wp-json\/wp\/v2\/pages\/916","targetHints":{"allow":["GET"]}}],"collection":[{"href":"https:\/\/www.cf-coding.de\/index.php\/wp-json\/wp\/v2\/pages"}],"about":[{"href":"https:\/\/www.cf-coding.de\/index.php\/wp-json\/wp\/v2\/types\/page"}],"author":[{"embeddable":true,"href":"https:\/\/www.cf-coding.de\/index.php\/wp-json\/wp\/v2\/users\/5"}],"replies":[{"embeddable":true,"href":"https:\/\/www.cf-coding.de\/index.php\/wp-json\/wp\/v2\/comments?post=916"}],"version-history":[{"count":7,"href":"https:\/\/www.cf-coding.de\/index.php\/wp-json\/wp\/v2\/pages\/916\/revisions"}],"predecessor-version":[{"id":1879,"href":"https:\/\/www.cf-coding.de\/index.php\/wp-json\/wp\/v2\/pages\/916\/revisions\/1879"}],"up":[{"embeddable":true,"href":"https:\/\/www.cf-coding.de\/index.php\/wp-json\/wp\/v2\/pages\/867"}],"wp:attachment":[{"href":"https:\/\/www.cf-coding.de\/index.php\/wp-json\/wp\/v2\/media?parent=916"}],"curies":[{"name":"wp","href":"https:\/\/api.w.org\/{rel}","templated":true}]}}