{"id":914,"date":"2020-02-24T19:27:22","date_gmt":"2020-02-24T17:27:22","guid":{"rendered":"http:\/\/www.cf-coding.de\/?page_id=914"},"modified":"2025-10-22T07:04:22","modified_gmt":"2025-10-22T05:04:22","slug":"reparatur-pdc-steuergeraet","status":"publish","type":"page","link":"https:\/\/www.cf-coding.de\/index.php\/diverses\/reparatur-pdc-steuergeraet\/","title":{"rendered":"Reparatur PDC-Steuerger\u00e4t"},"content":{"rendered":"\t\t<div data-elementor-type=\"wp-page\" data-elementor-id=\"914\" class=\"elementor elementor-914\">\n\t\t\t\t\t\t<section class=\"elementor-section elementor-top-section elementor-element elementor-element-86e0bf8 elementor-section-boxed elementor-section-height-default elementor-section-height-default\" data-id=\"86e0bf8\" data-element_type=\"section\">\n\t\t\t\t\t\t<div class=\"elementor-container elementor-column-gap-default\">\n\t\t\t\t\t<div class=\"elementor-column elementor-col-100 elementor-top-column elementor-element elementor-element-1aa2818\" data-id=\"1aa2818\" data-element_type=\"column\">\n\t\t\t<div class=\"elementor-widget-wrap elementor-element-populated\">\n\t\t\t\t\t\t<div class=\"elementor-element elementor-element-0fa1083 elementor-widget elementor-widget-heading\" data-id=\"0fa1083\" data-element_type=\"widget\" data-widget_type=\"heading.default\">\n\t\t\t\t<div class=\"elementor-widget-container\">\n\t\t\t\t\t<h2 class=\"elementor-heading-title elementor-size-default\">Reparatur des PDC-Steuerger\u00e4t (Einparkhilfe) Golf 6, Tiguan und baugleich - Fehler 16347 \/ 3FDB<\/h2>\t\t\t\t<\/div>\n\t\t\t\t<\/div>\n\t\t\t\t\t<\/div>\n\t\t<\/div>\n\t\t\t\t\t<\/div>\n\t\t<\/section>\n\t\t\t\t<section class=\"elementor-section elementor-top-section elementor-element elementor-element-58da640 elementor-section-boxed elementor-section-height-default elementor-section-height-default\" data-id=\"58da640\" data-element_type=\"section\">\n\t\t\t\t\t\t<div class=\"elementor-container elementor-column-gap-default\">\n\t\t\t\t\t<div class=\"elementor-column elementor-col-100 elementor-top-column elementor-element elementor-element-5f4c064\" data-id=\"5f4c064\" data-element_type=\"column\">\n\t\t\t<div class=\"elementor-widget-wrap elementor-element-populated\">\n\t\t\t\t\t\t<div class=\"elementor-element elementor-element-08ba37b elementor-widget elementor-widget-text-editor\" data-id=\"08ba37b\" data-element_type=\"widget\" data-widget_type=\"text-editor.default\">\n\t\t\t\t<div class=\"elementor-widget-container\">\n\t\t\t\t\t\t\t\t\t<p style=\"text-align: justify;\">Wenn Sie den Fehler <span style=\"text-decoration: underline;\">16347 &#8211; Steuerger\u00e4t &#8211; Fehler im EEPROM \/ 3FBD &#8211; Steuerger\u00e4t defekt<\/span> im Fehlerspeicher der Einparkhilfe haben, ist eine Reparatur des Steuerger\u00e4tes mit normalen Diagnosemitteln nicht m\u00f6glich. Ein teurer Ersatz des Steuerger\u00e4tes w\u00e4re die einzige M\u00f6glichkeit, doch das muss nicht sein, denn eine Reparatur ist m\u00f6glich!<br \/><br \/>Dieser Fehler tritt h\u00e4ufig im Zusammenhang mit einer schwachen Batterie auf (Unterspannung). Das Steuerger\u00e4t schreibt Daten, w\u00e4hrend gleichzeitig die Spannung einbricht. Der Schreibvorgang kann daraufhin nicht abgeschlossen werden und das Steuerger\u00e4t setzt den Fehler 16347.<br \/><br \/>Betroffen davon sind alle Steuerger\u00e4te dieser Generation, sowohl die 4-Kanal- als auch die 8-Kanal-Einparkhilfen, d.h. z.B. 5K0 919 475 oder wie unten im Bild das 5N0 919 475 A.<br \/><br \/>Falls Sie ein Steuerger\u00e4t mit diesem Problem haben, dann melden Sie sich gerne \u00fcber das Kontaktformular.<\/p>\t\t\t\t\t\t\t\t<\/div>\n\t\t\t\t<\/div>\n\t\t\t\t\t<\/div>\n\t\t<\/div>\n\t\t\t\t\t<\/div>\n\t\t<\/section>\n\t\t\t\t<section class=\"elementor-section elementor-top-section elementor-element elementor-element-b96c824 elementor-section-boxed elementor-section-height-default elementor-section-height-default\" data-id=\"b96c824\" data-element_type=\"section\">\n\t\t\t\t\t\t<div class=\"elementor-container elementor-column-gap-default\">\n\t\t\t\t\t<div class=\"elementor-column elementor-col-100 elementor-top-column elementor-element elementor-element-aa9f005\" data-id=\"aa9f005\" data-element_type=\"column\">\n\t\t\t<div class=\"elementor-widget-wrap elementor-element-populated\">\n\t\t\t\t\t\t<section class=\"elementor-section elementor-inner-section elementor-element elementor-element-150f7f2 elementor-section-boxed elementor-section-height-default elementor-section-height-default\" data-id=\"150f7f2\" data-element_type=\"section\">\n\t\t\t\t\t\t<div class=\"elementor-container elementor-column-gap-default\">\n\t\t\t\t\t<div class=\"elementor-column elementor-col-50 elementor-inner-column elementor-element elementor-element-9c20cb4\" data-id=\"9c20cb4\" data-element_type=\"column\">\n\t\t\t<div class=\"elementor-widget-wrap elementor-element-populated\">\n\t\t\t\t\t\t<div class=\"elementor-element elementor-element-f597407 elementor-widget elementor-widget-image\" data-id=\"f597407\" data-element_type=\"widget\" data-widget_type=\"image.default\">\n\t\t\t\t<div class=\"elementor-widget-container\">\n\t\t\t\t\t\t\t\t\t\t\t\t\t\t\t<img fetchpriority=\"high\" decoding=\"async\" width=\"696\" height=\"516\" src=\"https:\/\/www.cf-coding.de\/wp-content\/uploads\/2020\/01\/5N0-PDC_.jpg\" class=\"attachment-large size-large wp-image-863\" alt=\"\" srcset=\"https:\/\/www.cf-coding.de\/wp-content\/uploads\/2020\/01\/5N0-PDC_.jpg 834w, https:\/\/www.cf-coding.de\/wp-content\/uploads\/2020\/01\/5N0-PDC_-300x222.jpg 300w, https:\/\/www.cf-coding.de\/wp-content\/uploads\/2020\/01\/5N0-PDC_-768x569.jpg 768w\" sizes=\"(max-width: 696px) 100vw, 696px\" \/>\t\t\t\t\t\t\t\t\t\t\t\t\t\t\t<\/div>\n\t\t\t\t<\/div>\n\t\t\t\t\t<\/div>\n\t\t<\/div>\n\t\t\t\t<div class=\"elementor-column elementor-col-50 elementor-inner-column elementor-element elementor-element-c19b492\" data-id=\"c19b492\" data-element_type=\"column\">\n\t\t\t<div class=\"elementor-widget-wrap elementor-element-populated\">\n\t\t\t\t\t\t<div class=\"elementor-element elementor-element-1232f17 elementor-widget elementor-widget-image\" data-id=\"1232f17\" data-element_type=\"widget\" data-widget_type=\"image.default\">\n\t\t\t\t<div class=\"elementor-widget-container\">\n\t\t\t\t\t\t\t\t\t\t\t\t\t\t\t<img decoding=\"async\" width=\"696\" height=\"517\" src=\"https:\/\/www.cf-coding.de\/wp-content\/uploads\/2020\/11\/Platine-5N0_-768x570.jpg\" class=\"attachment-medium_large size-medium_large wp-image-1123\" alt=\"\" srcset=\"https:\/\/www.cf-coding.de\/wp-content\/uploads\/2020\/11\/Platine-5N0_-768x570.jpg 768w, https:\/\/www.cf-coding.de\/wp-content\/uploads\/2020\/11\/Platine-5N0_-300x223.jpg 300w, https:\/\/www.cf-coding.de\/wp-content\/uploads\/2020\/11\/Platine-5N0_.jpg 834w\" sizes=\"(max-width: 696px) 100vw, 696px\" \/>\t\t\t\t\t\t\t\t\t\t\t\t\t\t\t<\/div>\n\t\t\t\t<\/div>\n\t\t\t\t\t<\/div>\n\t\t<\/div>\n\t\t\t\t\t<\/div>\n\t\t<\/section>\n\t\t\t\t\t<\/div>\n\t\t<\/div>\n\t\t\t\t\t<\/div>\n\t\t<\/section>\n\t\t\t\t<\/div>\n\t\t","protected":false},"excerpt":{"rendered":"<p>Reparatur des PDC-Steuerger\u00e4t (Einparkhilfe) Golf 6, Tiguan und baugleich &#8211; Fehler 16347 \/ 3FDB Wenn Sie den Fehler 16347 &#8211; Steuerger\u00e4t &#8211; Fehler im EEPROM \/ 3FBD &#8211; Steuerger\u00e4t defekt im Fehlerspeicher der Einparkhilfe haben, ist eine Reparatur des Steuerger\u00e4tes mit normalen Diagnosemitteln nicht m\u00f6glich. Ein teurer Ersatz des Steuerger\u00e4tes w\u00e4re die einzige M\u00f6glichkeit, doch<\/p>\n<p><a href=\"https:\/\/www.cf-coding.de\/index.php\/diverses\/reparatur-pdc-steuergeraet\/\" class=\"more-link\">Weiterlesen<\/a><\/p>\n","protected":false},"author":5,"featured_media":0,"parent":867,"menu_order":0,"comment_status":"closed","ping_status":"closed","template":"","meta":{"_glsr_average":0,"_glsr_ranking":0,"_glsr_reviews":0,"footnotes":""},"class_list":["post-914","page","type-page","status-publish","hentry"],"_links":{"self":[{"href":"https:\/\/www.cf-coding.de\/index.php\/wp-json\/wp\/v2\/pages\/914","targetHints":{"allow":["GET"]}}],"collection":[{"href":"https:\/\/www.cf-coding.de\/index.php\/wp-json\/wp\/v2\/pages"}],"about":[{"href":"https:\/\/www.cf-coding.de\/index.php\/wp-json\/wp\/v2\/types\/page"}],"author":[{"embeddable":true,"href":"https:\/\/www.cf-coding.de\/index.php\/wp-json\/wp\/v2\/users\/5"}],"replies":[{"embeddable":true,"href":"https:\/\/www.cf-coding.de\/index.php\/wp-json\/wp\/v2\/comments?post=914"}],"version-history":[{"count":17,"href":"https:\/\/www.cf-coding.de\/index.php\/wp-json\/wp\/v2\/pages\/914\/revisions"}],"predecessor-version":[{"id":2361,"href":"https:\/\/www.cf-coding.de\/index.php\/wp-json\/wp\/v2\/pages\/914\/revisions\/2361"}],"up":[{"embeddable":true,"href":"https:\/\/www.cf-coding.de\/index.php\/wp-json\/wp\/v2\/pages\/867"}],"wp:attachment":[{"href":"https:\/\/www.cf-coding.de\/index.php\/wp-json\/wp\/v2\/media?parent=914"}],"curies":[{"name":"wp","href":"https:\/\/api.w.org\/{rel}","templated":true}]}}