{"id":882,"date":"2020-02-09T16:27:37","date_gmt":"2020-02-09T14:27:37","guid":{"rendered":"http:\/\/www.cf-coding.de\/?page_id=882"},"modified":"2020-02-09T16:31:48","modified_gmt":"2020-02-09T14:31:48","slug":"touareg-ii-7p","status":"publish","type":"page","link":"https:\/\/www.cf-coding.de\/index.php\/fahrzeugauswahl\/volkswagen\/touareg-ii-7p\/","title":{"rendered":"Touareg II (7P)"},"content":{"rendered":"\t\t<div data-elementor-type=\"wp-page\" data-elementor-id=\"882\" class=\"elementor elementor-882\">\n\t\t\t\t\t\t<section class=\"elementor-section elementor-top-section elementor-element elementor-element-0d7ab9e elementor-section-boxed elementor-section-height-default elementor-section-height-default\" data-id=\"0d7ab9e\" data-element_type=\"section\">\n\t\t\t\t\t\t<div class=\"elementor-container elementor-column-gap-default\">\n\t\t\t\t\t<div class=\"elementor-column elementor-col-100 elementor-top-column elementor-element elementor-element-d1e9617\" data-id=\"d1e9617\" data-element_type=\"column\">\n\t\t\t<div class=\"elementor-widget-wrap elementor-element-populated\">\n\t\t\t\t\t\t<div class=\"elementor-element elementor-element-ec42029 elementor-widget elementor-widget-text-editor\" data-id=\"ec42029\" data-element_type=\"widget\" data-widget_type=\"text-editor.default\">\n\t\t\t\t<div class=\"elementor-widget-container\">\n\t\t\t\t\t\t\t\t\tBeim Touareg II (7P) gibt es u.a. folgende Codierm\u00f6glichkeiten:\n\n&nbsp;\n<ul>\n \t<li>Abbiegelicht \u00fcber Nebelscheinwerfer aktivieren<\/li>\n \t<li>Beifahrerspiegelabsenkung beim R\u00fcckw\u00e4rtsfahren<\/li>\n \t<li>Coming-\/Leaving-Home \u00fcber Abblendlicht<\/li>\n \t<li>Coming-\/Leaving-Home \u00fcber Nebelscheinwerfer<\/li>\n \t<li>Coming-\/Leaving-Home \u00fcber Seitenmarkierungs-\/Umrissleuchten<\/li>\n \t<li>Coming-Home von manueller Aktivierung auf \u201eautomatisch\u201c \u00e4ndern<\/li>\n \t<li>DVD-\/Videofreischaltung w\u00e4hrend der Fahrt (VIM)<\/li>\n \t<li>Gurtwarnung deaktivieren<\/li>\n \t<li>Quittierungston\/Hornquittierung beim Verriegeln\/Entriegeln des Fahrzeugs (nur mit DWA)<\/li>\n \t<li>Start\/Stop deaktivieren oder Memoryfunktion aktivieren<\/li>\n \t<li>Tagfahrlicht beim Blinken herunterdimmen<\/li>\n \t<li>Tagfahrlicht ein-\/ausschaltbar<\/li>\n \t<li>Tagfahrlicht mit aktiven R\u00fcckleuchten<\/li>\n \t<li>Warnton der elektrischen Heckklappe deaktivieren<\/li>\n<\/ul>\n<br><br>\nSollte eine Codierung nicht aufgelistet sein oder Sie haben Fragen zu einer Codierung, dann schicken Sie mir gerne eine Nachricht \u00fcber das Kontaktformular.\n\n\n\n<span><br><br><br>\n<font size=\"-2\">Letzte \u00c4nderung 09.02.2020<\/font><\/span>\t\t\t\t\t\t\t\t<\/div>\n\t\t\t\t<\/div>\n\t\t\t\t\t<\/div>\n\t\t<\/div>\n\t\t\t\t\t<\/div>\n\t\t<\/section>\n\t\t\t\t<\/div>\n\t\t","protected":false},"excerpt":{"rendered":"<p>Beim Touareg II (7P) gibt es u.a. folgende Codierm\u00f6glichkeiten: &nbsp; Abbiegelicht \u00fcber Nebelscheinwerfer aktivieren Beifahrerspiegelabsenkung beim R\u00fcckw\u00e4rtsfahren Coming-\/Leaving-Home \u00fcber Abblendlicht Coming-\/Leaving-Home \u00fcber Nebelscheinwerfer Coming-\/Leaving-Home \u00fcber Seitenmarkierungs-\/Umrissleuchten Coming-Home von manueller Aktivierung auf \u201eautomatisch\u201c \u00e4ndern DVD-\/Videofreischaltung w\u00e4hrend der Fahrt (VIM) Gurtwarnung deaktivieren Quittierungston\/Hornquittierung beim Verriegeln\/Entriegeln des Fahrzeugs (nur mit DWA) Start\/Stop deaktivieren oder Memoryfunktion aktivieren Tagfahrlicht beim<\/p>\n<p><a href=\"https:\/\/www.cf-coding.de\/index.php\/fahrzeugauswahl\/volkswagen\/touareg-ii-7p\/\" class=\"more-link\">Weiterlesen<\/a><\/p>\n","protected":false},"author":5,"featured_media":0,"parent":128,"menu_order":0,"comment_status":"closed","ping_status":"closed","template":"","meta":{"_glsr_average":0,"_glsr_ranking":0,"_glsr_reviews":0,"footnotes":""},"class_list":["post-882","page","type-page","status-publish","hentry"],"_links":{"self":[{"href":"https:\/\/www.cf-coding.de\/index.php\/wp-json\/wp\/v2\/pages\/882","targetHints":{"allow":["GET"]}}],"collection":[{"href":"https:\/\/www.cf-coding.de\/index.php\/wp-json\/wp\/v2\/pages"}],"about":[{"href":"https:\/\/www.cf-coding.de\/index.php\/wp-json\/wp\/v2\/types\/page"}],"author":[{"embeddable":true,"href":"https:\/\/www.cf-coding.de\/index.php\/wp-json\/wp\/v2\/users\/5"}],"replies":[{"embeddable":true,"href":"https:\/\/www.cf-coding.de\/index.php\/wp-json\/wp\/v2\/comments?post=882"}],"version-history":[{"count":0,"href":"https:\/\/www.cf-coding.de\/index.php\/wp-json\/wp\/v2\/pages\/882\/revisions"}],"up":[{"embeddable":true,"href":"https:\/\/www.cf-coding.de\/index.php\/wp-json\/wp\/v2\/pages\/128"}],"wp:attachment":[{"href":"https:\/\/www.cf-coding.de\/index.php\/wp-json\/wp\/v2\/media?parent=882"}],"curies":[{"name":"wp","href":"https:\/\/api.w.org\/{rel}","templated":true}]}}