{"id":795,"date":"2019-12-02T17:21:39","date_gmt":"2019-12-02T15:21:39","guid":{"rendered":"http:\/\/www.cf-coding.de\/?page_id=795"},"modified":"2024-11-14T19:58:21","modified_gmt":"2024-11-14T17:58:21","slug":"scala","status":"publish","type":"page","link":"https:\/\/www.cf-coding.de\/index.php\/fahrzeugauswahl\/skoda\/scala\/","title":{"rendered":"Scala"},"content":{"rendered":"\t\t<div data-elementor-type=\"wp-page\" data-elementor-id=\"795\" class=\"elementor elementor-795\">\n\t\t\t\t\t\t<section class=\"elementor-section elementor-top-section elementor-element elementor-element-e374861 elementor-section-boxed elementor-section-height-default elementor-section-height-default\" data-id=\"e374861\" data-element_type=\"section\">\n\t\t\t\t\t\t<div class=\"elementor-container elementor-column-gap-default\">\n\t\t\t\t\t<div class=\"elementor-column elementor-col-100 elementor-top-column elementor-element elementor-element-ef8c362\" data-id=\"ef8c362\" data-element_type=\"column\">\n\t\t\t<div class=\"elementor-widget-wrap elementor-element-populated\">\n\t\t\t\t\t\t<div class=\"elementor-element elementor-element-1fee4fd elementor-widget elementor-widget-text-editor\" data-id=\"1fee4fd\" data-element_type=\"widget\" data-widget_type=\"text-editor.default\">\n\t\t\t\t<div class=\"elementor-widget-container\">\n\t\t\t\t\t\t\t\t\tBeim Skoda Scala gibt es u.a. folgende Codierm\u00f6glichkeiten:\n\n&nbsp;\n<ul>\n \t<li>Abbiegelicht bei R\u00fcckw\u00e4rtsfahrt aktivieren\/deaktivieren<\/li>\n \t<li>Abbiegelicht \u00fcber Nebelscheinwerfer<\/li>\n \t<li>Abschaltgeschwindigkeit der Einparkhilfe anpassen (nur bei Einparkhilfe vorne und hinten)<\/li>\n \t<li>Abstand zum Bordstein anpassen (Parklenkassistent)<\/li>\n \t<li>Aktivierungston der Einparkhilfe aktivieren\/deaktivieren<\/li>\n \t<li>Audioabsenkung der Einparkhilfe aktivieren\/deaktivieren<\/li>\n \t<li>Berganfahrassistent aktivieren\/deaktivieren<\/li>\n \t<li>Berganfahrassistent anpassen<\/li>\n \t<li>Blinkzyklen des Komfortblinkers \u00e4ndern<\/li>\n \t<li>Coming Home aktivieren (ohne verbauten Lichtsensor)<\/li>\n \t<li>Coming-\/Leaving Home \u00fcber Nebelscheinwerfer und Abblendlicht<\/li>\n \t<li>Coming-Home Einschaltereignis \u00e4ndern (Fahrert\u00fcre oder Z\u00fcndung)<\/li>\n \t<li>Coming-Home \u00fcber Nebelscheinwerfer<\/li>\n \t<li>Coming-Home von manueller Aktivierung auf \u201eautomatisch\u201c \u00e4ndern<\/li>\n \t<li>Dachrollo beim Komfort\u00f6ffnen\/-schlie\u00dfen aktivieren\/deaktivieren<\/li>\n \t<li>Dachrollo schlie\u00dfen trotz ge\u00f6ffnetem Schiebedach<\/li>\n \t<li>Design\/Skin vom Active-Info-Display \u00e4ndern<\/li>\n \t<li>Design\/Skin vom Discover Pro \u00e4ndern<\/li>\n \t<li>ECO-Tipps im Kombiinstrument aktivieren\/deaktivieren<\/li>\n \t<li>Fensterheber auch nach T\u00fcr\u00f6ffnen weiter aktiv<\/li>\n \t<li>Fernlichtassistent aktiviert lassen (nach Z\u00fcndungswechsel weiterhin aktiv)<\/li>\n \t<li>Front Assist anpassen (Warnschwelle im Radio einstellbar \u201efr\u00fch\/mittel\/sp\u00e4t\u201c, nach Z\u00fcndungswechsel standardm\u00e4\u00dfig deaktiviert)<\/li>\n \t<li>Fu\u00dfraumbeleuchtung w\u00e4hrend der Fahrt<\/li>\n \t<li>Gurtwarnung deaktivieren<\/li>\n \t<li>Komfortblinken deaktivieren<\/li>\n \t<li>Komfort\u00f6ffnung Panoramadach \u00e4ndern (Kippstellung\/ganz auf)<\/li>\n \t<li>Meldung \u201eAbblendlicht einschalten\u201c im Active-Info-Display deaktivieren<\/li>\n \t<li>Mikrofonempfindlichkeit anpassen (+\/- 10 dB)<\/li>\n \t<li>Nachtankmenge im Kombiinstrument aktivieren<\/li>\n \t<li>Nebelscheinwerfer zus\u00e4tzlich zum Fernlicht aktivieren<\/li>\n \t<li>\u00d6ltemperaturanzeige im Kombiinstrument aktivieren<\/li>\n \t<li>Quittierungston\/Hornquittierung beim Verriegeln\/Entriegeln des Fahrzeugs<\/li>\n \t<li>Scheinwerferreinigungsanlage anpassen (Verz\u00f6gerungszeit, Aktivierungsintervall, Waschzeit)<\/li>\n \t<li>Spiegel erst nach Z\u00fcndung \u201eein\u201c ausklappen<\/li>\n \t<li>Spiegelanklappen anpassen (Funkfernbedienung kurz dr\u00fccken\/FFB lang dr\u00fccken zum Einklappen)<\/li>\n \t<li>Spurhalteassistent Einschaltzustand anpassen (Nach Z\u00fcndung letzte Einstellung, aus oder ein)<\/li>\n \t<li>Spurhalteassistent freischalten *<\/li>\n \t<li>Spurverlassenwarnung auf Spurhalteassisten codieren (adaptive Spurf\u00fchrung)<\/li>\n \t<li>Start\/Stopp-System deaktivieren (nur bis MJ2020)<\/li>\n \t<li>Tagfahrlicht bei aktiver\/gezogener Handbremse ausschalten<\/li>\n \t<li>Tagfahrlicht im CAR-Men\u00fc ein-\/ausschaltbar<\/li>\n \t<li>Tagfahrlicht in Lichtschalterstellung \u201eStandlicht\u201c aktivieren\/deaktivieren<\/li>\n \t<li>Tagfahrlicht mit aktiven R\u00fcckleuchten<\/li>\n \t<li>Tagfahrlicht nur in Lichtschalterstellung \u201eAuto\u201c<\/li>\n \t<li>Verbrauchsanzeige im Kombiinstrument anpassen<\/li>\n \t<li>Verkehrszeichenerkennung freischalten (MJ abh\u00e4ngig) *<\/li>\n \t<li>Video in Motion (VIM) freischalten<\/li>\n \t<li>Warnhinweis bei aktivem Nebelschlusslicht und \u00fcberscheiten der codierten Geschwindigkeit<\/li>\n \t<li>Warnton \u201eZ\u00fcndung ist eingeschaltet\u201c deaktivieren<\/li>\n \t<li>Zeigertest \/ Staging aktivieren<\/li>\n<\/ul><br>\n* Multifunktionskamera muss verbaut sein\n<br><br><br>\nSollte eine Codierung nicht aufgelistet sein oder Sie haben Fragen zu einer Codierung, dann schicken Sie mir gerne eine Nachricht \u00fcber das Kontaktformular.\n\n\n\n<span><br><br><br>\n<font size=\"-2\">Letzte \u00c4nderung 14.11.2024<\/font><\/span>\n\t\t\t\t\t\t\t\t<\/div>\n\t\t\t\t<\/div>\n\t\t\t\t\t<\/div>\n\t\t<\/div>\n\t\t\t\t\t<\/div>\n\t\t<\/section>\n\t\t\t\t<\/div>\n\t\t","protected":false},"excerpt":{"rendered":"<p>Beim Skoda Scala gibt es u.a. folgende Codierm\u00f6glichkeiten: &nbsp; Abbiegelicht bei R\u00fcckw\u00e4rtsfahrt aktivieren\/deaktivieren Abbiegelicht \u00fcber Nebelscheinwerfer Abschaltgeschwindigkeit der Einparkhilfe anpassen (nur bei Einparkhilfe vorne und hinten) Abstand zum Bordstein anpassen (Parklenkassistent) Aktivierungston der Einparkhilfe aktivieren\/deaktivieren Audioabsenkung der Einparkhilfe aktivieren\/deaktivieren Berganfahrassistent aktivieren\/deaktivieren Berganfahrassistent anpassen Blinkzyklen des Komfortblinkers \u00e4ndern Coming Home aktivieren (ohne verbauten Lichtsensor) Coming-\/Leaving Home<\/p>\n<p><a href=\"https:\/\/www.cf-coding.de\/index.php\/fahrzeugauswahl\/skoda\/scala\/\" class=\"more-link\">Weiterlesen<\/a><\/p>\n","protected":false},"author":5,"featured_media":0,"parent":126,"menu_order":0,"comment_status":"closed","ping_status":"closed","template":"","meta":{"_glsr_average":0,"_glsr_ranking":0,"_glsr_reviews":0,"footnotes":""},"class_list":["post-795","page","type-page","status-publish","hentry"],"_links":{"self":[{"href":"https:\/\/www.cf-coding.de\/index.php\/wp-json\/wp\/v2\/pages\/795","targetHints":{"allow":["GET"]}}],"collection":[{"href":"https:\/\/www.cf-coding.de\/index.php\/wp-json\/wp\/v2\/pages"}],"about":[{"href":"https:\/\/www.cf-coding.de\/index.php\/wp-json\/wp\/v2\/types\/page"}],"author":[{"embeddable":true,"href":"https:\/\/www.cf-coding.de\/index.php\/wp-json\/wp\/v2\/users\/5"}],"replies":[{"embeddable":true,"href":"https:\/\/www.cf-coding.de\/index.php\/wp-json\/wp\/v2\/comments?post=795"}],"version-history":[{"count":9,"href":"https:\/\/www.cf-coding.de\/index.php\/wp-json\/wp\/v2\/pages\/795\/revisions"}],"predecessor-version":[{"id":2299,"href":"https:\/\/www.cf-coding.de\/index.php\/wp-json\/wp\/v2\/pages\/795\/revisions\/2299"}],"up":[{"embeddable":true,"href":"https:\/\/www.cf-coding.de\/index.php\/wp-json\/wp\/v2\/pages\/126"}],"wp:attachment":[{"href":"https:\/\/www.cf-coding.de\/index.php\/wp-json\/wp\/v2\/media?parent=795"}],"curies":[{"name":"wp","href":"https:\/\/api.w.org\/{rel}","templated":true}]}}