{"id":791,"date":"2019-12-02T17:21:39","date_gmt":"2019-12-02T15:21:39","guid":{"rendered":"http:\/\/www.cf-coding.de\/?page_id=791"},"modified":"2023-07-23T14:03:35","modified_gmt":"2023-07-23T12:03:35","slug":"a1-gb","status":"publish","type":"page","link":"https:\/\/www.cf-coding.de\/index.php\/fahrzeugauswahl\/audi\/a1-gb\/","title":{"rendered":"A1 (GB)"},"content":{"rendered":"\t\t<div data-elementor-type=\"wp-page\" data-elementor-id=\"791\" class=\"elementor elementor-791\">\n\t\t\t\t\t\t<section class=\"elementor-section elementor-top-section elementor-element elementor-element-d1400d4 elementor-section-boxed elementor-section-height-default elementor-section-height-default\" data-id=\"d1400d4\" data-element_type=\"section\" data-e-type=\"section\">\n\t\t\t\t\t\t<div class=\"elementor-container elementor-column-gap-default\">\n\t\t\t\t\t<div class=\"elementor-column elementor-col-100 elementor-top-column elementor-element elementor-element-bf37b5b\" data-id=\"bf37b5b\" data-element_type=\"column\" data-e-type=\"column\">\n\t\t\t<div class=\"elementor-widget-wrap elementor-element-populated\">\n\t\t\t\t\t\t<div class=\"elementor-element elementor-element-c909c46 elementor-widget elementor-widget-text-editor\" data-id=\"c909c46\" data-element_type=\"widget\" data-e-type=\"widget\" data-widget_type=\"text-editor.default\">\n\t\t\t\t<div class=\"elementor-widget-container\">\n\t\t\t\t\t\t\t\t\tBeim Audi A1 (GB) gibt es u.a. folgende Codierm\u00f6glichkeiten:\n<ul>\n \t<li>Beifahrerspiegelabsenkung beim R\u00fcckw\u00e4rtsfahren<\/li>\n \t<li>Blinkzyklen des Komfortblinkers \u00e4ndern<\/li>\n \t<li>Coming Home aktivieren (ohne verbauten Lichtsensor)<\/li>\n \t<li>Design\/Skin vom Active-Info-Display \u00e4ndern<\/li>\n \t<li>Design\/Skin vom Discover Pro \u00e4ndern<\/li>\n \t<li>Fensterheber auch nach T\u00fcr\u00f6ffnen weiter aktiv<\/li>\n \t<li>Fernlichtassistent aktiviert lassen (nach Z\u00fcndungswechsel weiterhin aktiv)<\/li>\n \t<li>Fernlichtassistent freischalten<\/li>\n \t<li>Fu\u00dfraumbeleuchtung w\u00e4hrend der Fahrt<\/li>\n \t<li>Gurtwarnung deaktivieren<\/li>\n \t<li>Hornquittierung beim Verriegeln\/Entriegeln des Fahrzeugs<\/li>\n \t<li>Komfortblinken deaktivieren<\/li>\n \t<li>Meldung \u201eAbblendlicht einschalten\u201c im Active-Info-Display deaktivieren<\/li>\n \t<li>Nachtankmenge im Kombiinstrument aktivieren<\/li>\n \t<li>\u00d6ltemperaturanzeige im Kombiinstrument aktivieren<\/li>\n \t<li>Quittierungston\/Hornquittierung beim Verriegeln\/Entriegeln des Fahrzeugs<\/li>\n \t<li>Scheinwerferreinigungsanlage anpassen (Verz\u00f6gerungszeit, Aktivierungsintervall, Waschzeit)<\/li>\n \t<li>Spiegel erst nach Z\u00fcndung \u201eein\u201c ausklappen<\/li>\n \t<li>Spiegelanklappen anpassen (Funkfernbedienung kurz dr\u00fccken\/FFB lang dr\u00fccken zum Einklappen)<\/li>\n \t<li>Start\/Stopp-System deaktivieren<\/li>\n \t<li>Tagfahrlicht bei aktiver\/gezogener Handbremse ausschalten<\/li>\n \t<li>Tagfahrlicht im MMI ein-\/ausschaltbar<\/li>\n \t<li>Tagfahrlicht in Lichtschalterstellung \u201eStandlicht\u201c aktivieren\/deaktivieren<\/li>\n \t<li>Tagfahrlicht mit aktiven R\u00fcckleuchten<\/li>\n \t<li>Tagfahrlicht nur in Lichtschalterstellung \u201eAuto\u201c<\/li>\n \t<li>Video in Motion (VIM) freischalten<\/li>\n \t<li>Warnhinweis bei aktivem Nebelschlusslicht und \u00fcberscheiten der gespeicherten Geschwindigkeit<\/li>\n \t<li>Warnton \u201eZ\u00fcndung ist eingeschaltet\u201c deaktivieren<\/li>\n \t<li>Welcome-Sound \/ Heartbeat aktivieren<\/li>\n \t<li>Wireless CarPlay aktivieren (norm. CarPlay Voraussetzung)<\/li>\n \t<li>Zeigertest \/ Staging aktivieren<\/li>\n<\/ul><br><br>\nSollte eine Codierung nicht aufgelistet sein oder Sie haben Fragen zu einer Codierung, dann schicken Sie mir gerne eine Nachricht \u00fcber das Kontaktformular.\n\n\n<span><br><br><br>\n<font size=\"-2\">Letzte \u00c4nderung 23.07.2023<\/font><\/span>\t\t\t\t\t\t\t\t<\/div>\n\t\t\t\t<\/div>\n\t\t\t\t\t<\/div>\n\t\t<\/div>\n\t\t\t\t\t<\/div>\n\t\t<\/section>\n\t\t\t\t<\/div>\n\t\t","protected":false},"excerpt":{"rendered":"<p>Beim Audi A1 (GB) gibt es u.a. folgende Codierm\u00f6glichkeiten: Beifahrerspiegelabsenkung beim R\u00fcckw\u00e4rtsfahren Blinkzyklen des Komfortblinkers \u00e4ndern Coming Home aktivieren (ohne verbauten Lichtsensor) Design\/Skin vom Active-Info-Display \u00e4ndern Design\/Skin vom Discover Pro \u00e4ndern Fensterheber auch nach T\u00fcr\u00f6ffnen weiter aktiv Fernlichtassistent aktiviert lassen (nach Z\u00fcndungswechsel weiterhin aktiv) Fernlichtassistent freischalten Fu\u00dfraumbeleuchtung w\u00e4hrend der Fahrt Gurtwarnung deaktivieren Hornquittierung beim Verriegeln\/Entriegeln<\/p>\n<p><a href=\"https:\/\/www.cf-coding.de\/index.php\/fahrzeugauswahl\/audi\/a1-gb\/\" class=\"more-link\">Weiterlesen<\/a><\/p>\n","protected":false},"author":5,"featured_media":0,"parent":120,"menu_order":0,"comment_status":"closed","ping_status":"closed","template":"","meta":{"_glsr_average":0,"_glsr_ranking":0,"_glsr_reviews":0,"footnotes":""},"class_list":["post-791","page","type-page","status-publish","hentry"],"_links":{"self":[{"href":"https:\/\/www.cf-coding.de\/index.php\/wp-json\/wp\/v2\/pages\/791","targetHints":{"allow":["GET"]}}],"collection":[{"href":"https:\/\/www.cf-coding.de\/index.php\/wp-json\/wp\/v2\/pages"}],"about":[{"href":"https:\/\/www.cf-coding.de\/index.php\/wp-json\/wp\/v2\/types\/page"}],"author":[{"embeddable":true,"href":"https:\/\/www.cf-coding.de\/index.php\/wp-json\/wp\/v2\/users\/5"}],"replies":[{"embeddable":true,"href":"https:\/\/www.cf-coding.de\/index.php\/wp-json\/wp\/v2\/comments?post=791"}],"version-history":[{"count":6,"href":"https:\/\/www.cf-coding.de\/index.php\/wp-json\/wp\/v2\/pages\/791\/revisions"}],"predecessor-version":[{"id":1754,"href":"https:\/\/www.cf-coding.de\/index.php\/wp-json\/wp\/v2\/pages\/791\/revisions\/1754"}],"up":[{"embeddable":true,"href":"https:\/\/www.cf-coding.de\/index.php\/wp-json\/wp\/v2\/pages\/120"}],"wp:attachment":[{"href":"https:\/\/www.cf-coding.de\/index.php\/wp-json\/wp\/v2\/media?parent=791"}],"curies":[{"name":"wp","href":"https:\/\/api.w.org\/{rel}","templated":true}]}}