{"id":77,"date":"2018-08-12T11:55:56","date_gmt":"2018-08-12T09:55:56","guid":{"rendered":"http:\/\/www.cf-coding.de\/?page_id=77"},"modified":"2026-01-11T14:49:49","modified_gmt":"2026-01-11T13:49:49","slug":"wegfahrsperrenservice","status":"publish","type":"page","link":"https:\/\/www.cf-coding.de\/index.php\/wegfahrsperrenservice\/","title":{"rendered":"Wegfahrsperrenservice"},"content":{"rendered":"\t\t<div data-elementor-type=\"wp-post\" data-elementor-id=\"77\" class=\"elementor elementor-77\">\n\t\t\t\t\t\t<section class=\"elementor-section elementor-top-section elementor-element elementor-element-8d4f95a elementor-section-boxed elementor-section-height-default elementor-section-height-default\" data-id=\"8d4f95a\" data-element_type=\"section\">\n\t\t\t\t\t\t<div class=\"elementor-container elementor-column-gap-default\">\n\t\t\t\t\t<div class=\"elementor-column elementor-col-100 elementor-top-column elementor-element elementor-element-2cceff2\" data-id=\"2cceff2\" data-element_type=\"column\">\n\t\t\t<div class=\"elementor-widget-wrap elementor-element-populated\">\n\t\t\t\t\t\t<div class=\"elementor-element elementor-element-34aaffe elementor-widget elementor-widget-heading\" data-id=\"34aaffe\" data-element_type=\"widget\" data-widget_type=\"heading.default\">\n\t\t\t\t<div class=\"elementor-widget-container\">\n\t\t\t\t\t<h2 class=\"elementor-heading-title elementor-size-default\">Motorsteuerger\u00e4te<\/h2>\t\t\t\t<\/div>\n\t\t\t\t<\/div>\n\t\t\t\t<div class=\"elementor-element elementor-element-b34b4c0 elementor-widget elementor-widget-spacer\" data-id=\"b34b4c0\" data-element_type=\"widget\" data-widget_type=\"spacer.default\">\n\t\t\t\t<div class=\"elementor-widget-container\">\n\t\t\t\t\t\t\t<div class=\"elementor-spacer\">\n\t\t\t<div class=\"elementor-spacer-inner\"><\/div>\n\t\t<\/div>\n\t\t\t\t\t\t<\/div>\n\t\t\t\t<\/div>\n\t\t\t\t<div class=\"elementor-element elementor-element-ca1797a elementor-widget elementor-widget-image\" data-id=\"ca1797a\" data-element_type=\"widget\" data-widget_type=\"image.default\">\n\t\t\t\t<div class=\"elementor-widget-container\">\n\t\t\t\t\t\t\t\t\t\t\t\t<figure class=\"wp-caption\">\n\t\t\t\t\t\t\t\t\t\t<img decoding=\"async\" src=\"https:\/\/www.cf-coding.de\/wp-content\/uploads\/elementor\/thumbs\/DSC_3724-oerrhdosxh3r3r2rdo1vqtegtzlu5jbepuxkz32754.jpg\" title=\"Motorsteuerger\u00e4t\" alt=\"Motorsteuerger\u00e4t\" loading=\"lazy\" \/>\t\t\t\t\t\t\t\t\t\t\t<figcaption class=\"widget-image-caption wp-caption-text\"><\/figcaption>\n\t\t\t\t\t\t\t\t\t\t<\/figure>\n\t\t\t\t\t\t\t\t\t<\/div>\n\t\t\t\t<\/div>\n\t\t\t\t<div class=\"elementor-element elementor-element-f238982 elementor-widget elementor-widget-text-editor\" data-id=\"f238982\" data-element_type=\"widget\" data-widget_type=\"text-editor.default\">\n\t\t\t\t<div class=\"elementor-widget-container\">\n\t\t\t\t\t\t\t\t\t<p><\/p>\n<ul>\n<li>Anpassung\/\u00dcbernahme der Wegfahrsperrendaten bzw. Clonen<\/li>\n<li>Deaktivieren der Wegfahrsperre<\/li>\n<li>Auslesen des Login-Codes<\/li>\n<\/ul>\n<p>M\u00f6glich ist das bei vielen Steuerger\u00e4ten, z.B. bei nachfolgend genannten. Falls ihr Steuerger\u00e4t nicht aufgelistet sein sollte, schicken sie mir gerne eine Anfrage per E-Mail oder \u00fcber das Kontaktformular.<\/p>\n<p><\/p>\t\t\t\t\t\t\t\t<\/div>\n\t\t\t\t<\/div>\n\t\t\t\t<div class=\"elementor-element elementor-element-7ea2776 elementor-widget elementor-widget-spacer\" data-id=\"7ea2776\" data-element_type=\"widget\" data-widget_type=\"spacer.default\">\n\t\t\t\t<div class=\"elementor-widget-container\">\n\t\t\t\t\t\t\t<div class=\"elementor-spacer\">\n\t\t\t<div class=\"elementor-spacer-inner\"><\/div>\n\t\t<\/div>\n\t\t\t\t\t\t<\/div>\n\t\t\t\t<\/div>\n\t\t\t\t\t<\/div>\n\t\t<\/div>\n\t\t\t\t\t<\/div>\n\t\t<\/section>\n\t\t\t\t<section class=\"elementor-section elementor-top-section elementor-element elementor-element-3381f742 elementor-section-boxed elementor-section-height-default elementor-section-height-default\" data-id=\"3381f742\" data-element_type=\"section\">\n\t\t\t\t\t\t<div class=\"elementor-container elementor-column-gap-default\">\n\t\t\t\t\t<div class=\"elementor-column elementor-col-100 elementor-top-column elementor-element elementor-element-6bd93a28\" data-id=\"6bd93a28\" data-element_type=\"column\">\n\t\t\t<div class=\"elementor-widget-wrap elementor-element-populated\">\n\t\t\t\t\t\t<section class=\"elementor-section elementor-inner-section elementor-element elementor-element-9c90a4a elementor-section-boxed elementor-section-height-default elementor-section-height-default\" data-id=\"9c90a4a\" data-element_type=\"section\">\n\t\t\t\t\t\t<div class=\"elementor-container elementor-column-gap-default\">\n\t\t\t\t\t<div class=\"elementor-column elementor-col-25 elementor-inner-column elementor-element elementor-element-44317cd\" data-id=\"44317cd\" data-element_type=\"column\">\n\t\t\t<div class=\"elementor-widget-wrap elementor-element-populated\">\n\t\t\t\t\t\t<div class=\"elementor-element elementor-element-7e44d0a elementor-widget elementor-widget-text-editor\" data-id=\"7e44d0a\" data-element_type=\"widget\" data-widget_type=\"text-editor.default\">\n\t\t\t\t<div class=\"elementor-widget-container\">\n\t\t\t\t\t\t\t\t\t<p><span style=\"text-decoration: underline;\">Bosch<\/span><\/p>\n<ul>\n<li>MSA12<\/li>\n<li>MSA15<\/li>\n<li><a href=\"https:\/\/www.cf-coding.de\/index.php\/wegfahrsperrenservice\/bosch\/edc15\/\">EDC15<\/a><\/li>\n<li><a href=\"https:\/\/www.cf-coding.de\/index.php\/wegfahrsperrenservice\/bosch\/edc16\/\">EDC16<\/a><\/li>\n<li><a href=\"https:\/\/www.cf-coding.de\/index.php\/wegfahrsperrenservice\/bosch\/edc17\/\">EDC17<\/a><\/li>\n<li><a href=\"https:\/\/www.cf-coding.de\/index.php\/wegfahrsperrenservice\/bosch\/m3-2\/\">M3.2<\/a><\/li>\n<li><a href=\"https:\/\/www.cf-coding.de\/index.php\/wegfahrsperrenservice\/bosch\/me3-8-x\/\">M3.8.x<\/a><\/li>\n<li><a href=\"https:\/\/www.cf-coding.de\/index.php\/wegfahrsperrenservice\/bosch\/m5-9-2\/\">M5.9.2<\/a><\/li>\n<li><a href=\"https:\/\/www.cf-coding.de\/index.php\/wegfahrsperrenservice\/bosch\/me7-1-me7-1-1\/\">ME7.1<\/a><\/li>\n<li><a href=\"https:\/\/www.cf-coding.de\/index.php\/wegfahrsperrenservice\/bosch\/me7-1-me7-1-1\/\">ME7.1.1<\/a><\/li>\n<li><a href=\"https:\/\/www.cf-coding.de\/index.php\/wegfahrsperrenservice\/bosch\/me7-5-me7-5-10\/\">ME7.5<\/a><\/li>\n<li><a href=\"https:\/\/www.cf-coding.de\/index.php\/wegfahrsperrenservice\/bosch\/me7-5-me7-5-10\/\">ME7.5.10<\/a><\/li>\n<li><a href=\"https:\/\/www.cf-coding.de\/index.php\/wegfahrsperrenservice\/bosch\/med7-1-1\/\">MED7.1.1<\/a><\/li>\n<li><a href=\"https:\/\/www.cf-coding.de\/index.php\/wegfahrsperrenservice\/bosch\/med9-1\/\">MED9.1<\/a><\/li>\n<li><a href=\"https:\/\/www.cf-coding.de\/index.php\/wegfahrsperrenservice\/bosch\/med9-1-med9-1-x\/\">MED9.1.1<\/a><\/li>\n<li><a href=\"https:\/\/www.cf-coding.de\/index.php\/wegfahrsperrenservice\/bosch\/med9-5-10\/\">MED9.5.10<\/a><\/li>\n<li><a href=\"https:\/\/www.cf-coding.de\/index.php\/wegfahrsperrenservice\/bosch\/med17-1\/\">MED17.1<\/a><\/li>\n<li><a href=\"https:\/\/www.cf-coding.de\/index.php\/wegfahrsperrenservice\/bosch\/med17-5-med17-5-x\/\">MED17.5<\/a><\/li>\n<li><a href=\"https:\/\/www.cf-coding.de\/index.php\/wegfahrsperrenservice\/bosch\/med17-5-med17-5-x\/\">MED17.5.x<\/a><\/li>\n<\/ul>\t\t\t\t\t\t\t\t<\/div>\n\t\t\t\t<\/div>\n\t\t\t\t\t<\/div>\n\t\t<\/div>\n\t\t\t\t<div class=\"elementor-column elementor-col-25 elementor-inner-column elementor-element elementor-element-fbe9022\" data-id=\"fbe9022\" data-element_type=\"column\">\n\t\t\t<div class=\"elementor-widget-wrap elementor-element-populated\">\n\t\t\t\t\t\t<div class=\"elementor-element elementor-element-dc88eeb elementor-widget elementor-widget-text-editor\" data-id=\"dc88eeb\" data-element_type=\"widget\" data-widget_type=\"text-editor.default\">\n\t\t\t\t<div class=\"elementor-widget-container\">\n\t\t\t\t\t\t\t\t\t<p><span style=\"text-decoration: underline;\">Continental<\/span><\/p>\n<ul>\n<li><a href=\"https:\/\/www.cf-coding.de\/index.php\/simos-8-x\/\">Simos 8.x<\/a><\/li>\n<li><a href=\"https:\/\/www.cf-coding.de\/index.php\/simos-10-x\/\">Simos 10.x<\/a><\/li>\n<li><a href=\"https:\/\/www.cf-coding.de\/index.php\/simos-16-x\/\">Simos 16.x<\/a><\/li>\n<li><a href=\"https:\/\/www.cf-coding.de\/index.php\/simos-18-x\/\">Simos 18.x<\/a><\/li>\n<li><a href=\"https:\/\/www.cf-coding.de\/index.php\/wegfahrsperrenservice\/continental\/pcr2-1\/\">PCR2.1<\/a><\/li>\n<li><a href=\"https:\/\/www.cf-coding.de\/index.php\/wegfahrsperrenservice\/continental\/ppd1-x\/\">PPD1.x<\/a><\/li>\n<\/ul>\t\t\t\t\t\t\t\t<\/div>\n\t\t\t\t<\/div>\n\t\t\t\t\t<\/div>\n\t\t<\/div>\n\t\t\t\t<div class=\"elementor-column elementor-col-25 elementor-inner-column elementor-element elementor-element-b6c1185\" data-id=\"b6c1185\" data-element_type=\"column\">\n\t\t\t<div class=\"elementor-widget-wrap elementor-element-populated\">\n\t\t\t\t\t\t<div class=\"elementor-element elementor-element-b5fbf09 elementor-widget elementor-widget-text-editor\" data-id=\"b5fbf09\" data-element_type=\"widget\" data-widget_type=\"text-editor.default\">\n\t\t\t\t<div class=\"elementor-widget-container\">\n\t\t\t\t\t\t\t\t\t<p><span style=\"text-decoration: underline;\">Magneti Marelli<\/span><\/p>\n<ul>\n<li><a href=\"https:\/\/www.cf-coding.de\/index.php\/iaw4xx\/\">IAW4AV<\/a><\/li>\n<li><a href=\"https:\/\/www.cf-coding.de\/index.php\/iaw4xx\/\">IAW4CV<\/a><\/li>\n<li><a href=\"https:\/\/www.cf-coding.de\/index.php\/iaw4xx\/\">IAW4HV<\/a><\/li>\n<li><a href=\"https:\/\/www.cf-coding.de\/index.php\/iaw4xx\/\">IAW4LV<\/a><\/li>\n<li><a href=\"https:\/\/www.cf-coding.de\/index.php\/iaw4xx\/\">IAW4MV<\/a><\/li>\n<li><a href=\"https:\/\/www.cf-coding.de\/index.php\/iaw4xx\/\">IAW4MW<\/a><\/li>\n<\/ul>\t\t\t\t\t\t\t\t<\/div>\n\t\t\t\t<\/div>\n\t\t\t\t\t<\/div>\n\t\t<\/div>\n\t\t\t\t<div class=\"elementor-column elementor-col-25 elementor-inner-column elementor-element elementor-element-a1e0c8e\" data-id=\"a1e0c8e\" data-element_type=\"column\">\n\t\t\t<div class=\"elementor-widget-wrap elementor-element-populated\">\n\t\t\t\t\t\t<div class=\"elementor-element elementor-element-fbc4afb elementor-widget elementor-widget-text-editor\" data-id=\"fbc4afb\" data-element_type=\"widget\" data-widget_type=\"text-editor.default\">\n\t\t\t\t<div class=\"elementor-widget-container\">\n\t\t\t\t\t\t\t\t\t<p><span style=\"text-decoration: underline;\">Siemens<\/span><\/p>\n<ul>\n<li><a href=\"https:\/\/www.cf-coding.de\/index.php\/simos-1-4s\/\">Simos 1 \/ 4S<\/a><\/li>\n<li><a href=\"https:\/\/www.cf-coding.de\/index.php\/simos-2-x\/\">Simos 2.x<\/a><\/li>\n<li><a href=\"https:\/\/www.cf-coding.de\/index.php\/simos-3-x\/\">Simos 3.x<\/a><\/li>\n<li><a href=\"https:\/\/www.cf-coding.de\/index.php\/simos-6-2\/\">Simos 6.2<\/a><\/li>\n<li><a href=\"https:\/\/www.cf-coding.de\/index.php\/simos-7-x\/\">Simos 7.x<\/a><\/li>\n<li><a href=\"https:\/\/www.cf-coding.de\/index.php\/simos-9-x\/\">Simos 9.x<\/a><\/li>\n<\/ul>\t\t\t\t\t\t\t\t<\/div>\n\t\t\t\t<\/div>\n\t\t\t\t\t<\/div>\n\t\t<\/div>\n\t\t\t\t\t<\/div>\n\t\t<\/section>\n\t\t\t\t<div class=\"elementor-element elementor-element-9170752 elementor-widget elementor-widget-heading\" data-id=\"9170752\" data-element_type=\"widget\" data-widget_type=\"heading.default\">\n\t\t\t\t<div class=\"elementor-widget-container\">\n\t\t\t\t\t<h2 class=\"elementor-heading-title elementor-size-default\">Kombiinstrumente<\/h2>\t\t\t\t<\/div>\n\t\t\t\t<\/div>\n\t\t\t\t<section class=\"elementor-section elementor-inner-section elementor-element elementor-element-fb7f403 elementor-section-boxed elementor-section-height-default elementor-section-height-default\" data-id=\"fb7f403\" data-element_type=\"section\">\n\t\t\t\t\t\t<div class=\"elementor-container elementor-column-gap-default\">\n\t\t\t\t\t<div class=\"elementor-column elementor-col-50 elementor-inner-column elementor-element elementor-element-1f75671\" data-id=\"1f75671\" data-element_type=\"column\">\n\t\t\t<div class=\"elementor-widget-wrap elementor-element-populated\">\n\t\t\t\t\t\t<div class=\"elementor-element elementor-element-52efe0d elementor-widget elementor-widget-text-editor\" data-id=\"52efe0d\" data-element_type=\"widget\" data-widget_type=\"text-editor.default\">\n\t\t\t\t<div class=\"elementor-widget-container\">\n\t\t\t\t\t\t\t\t\t\n<p><span style=\"text-decoration: underline;\">Beispiel eines Umbaus am VW Scirocco:<\/span> <br \/>Tausch des originalen Kombiinstruments (1K8920870F) gegen das des Faceliftmodells (1K8920875C)<\/p>\n\t\t\t\t\t\t\t\t<\/div>\n\t\t\t\t<\/div>\n\t\t\t\t\t<\/div>\n\t\t<\/div>\n\t\t\t\t<div class=\"elementor-column elementor-col-50 elementor-inner-column elementor-element elementor-element-c42e935\" data-id=\"c42e935\" data-element_type=\"column\">\n\t\t\t<div class=\"elementor-widget-wrap elementor-element-populated\">\n\t\t\t\t\t\t<div class=\"elementor-element elementor-element-03ecaa0 elementor-widget elementor-widget-text-editor\" data-id=\"03ecaa0\" data-element_type=\"widget\" data-widget_type=\"text-editor.default\">\n\t\t\t\t<div class=\"elementor-widget-container\">\n\t\t\t\t\t\t\t\t\t\n<p><span style=\"text-decoration: underline;\">Beispiel eines Umbaus am VW UP:<\/span> <br \/>Tausch des originalen Kombiinstruments (1S0920850C) gegen eine Version mit Drehzahlmesser (1S0920860)<\/p>\n\t\t\t\t\t\t\t\t<\/div>\n\t\t\t\t<\/div>\n\t\t\t\t\t<\/div>\n\t\t<\/div>\n\t\t\t\t\t<\/div>\n\t\t<\/section>\n\t\t\t\t<div class=\"elementor-element elementor-element-db8d6c4 elementor-widget elementor-widget-image-gallery\" data-id=\"db8d6c4\" data-element_type=\"widget\" data-widget_type=\"image-gallery.default\">\n\t\t\t\t<div class=\"elementor-widget-container\">\n\t\t\t\t\t\t\t<div class=\"elementor-image-gallery\">\n\t\t\t\n\t\t<style type=\"text\/css\">\n\t\t\t#gallery-1 {\n\t\t\t\tmargin: auto;\n\t\t\t}\n\t\t\t#gallery-1 .gallery-item {\n\t\t\t\tfloat: left;\n\t\t\t\tmargin-top: 10px;\n\t\t\t\ttext-align: center;\n\t\t\t\twidth: 50%;\n\t\t\t}\n\t\t\t#gallery-1 img {\n\t\t\t\tborder: 2px solid #cfcfcf;\n\t\t\t}\n\t\t\t#gallery-1 .gallery-caption {\n\t\t\t\tmargin-left: 0;\n\t\t\t}\n\t\t\t\/* see gallery_shortcode() in wp-includes\/media.php *\/\n\t\t<\/style>\n\t\t<div id='gallery-1' class='gallery galleryid-77 gallery-columns-2 gallery-size-medium'><dl class='gallery-item'>\n\t\t\t<dt class='gallery-icon portrait'>\n\t\t\t\t<a data-elementor-open-lightbox=\"yes\" data-elementor-lightbox-slideshow=\"db8d6c4\" data-elementor-lightbox-title=\"vorher_nachher_Scirocco\" data-e-action-hash=\"#elementor-action%3Aaction%3Dlightbox%26settings%3DeyJpZCI6Nzc1LCJ1cmwiOiJodHRwczpcL1wvd3d3LmNmLWNvZGluZy5kZVwvd3AtY29udGVudFwvdXBsb2Fkc1wvMjAxOVwvMTBcL3Zvcmhlcl9uYWNoaGVyX1NjaXJvY2NvLmpwZyIsInNsaWRlc2hvdyI6ImRiOGQ2YzQifQ%3D%3D\" href='https:\/\/www.cf-coding.de\/wp-content\/uploads\/2019\/10\/vorher_nachher_Scirocco.jpg'><img fetchpriority=\"high\" decoding=\"async\" width=\"261\" height=\"300\" src=\"https:\/\/www.cf-coding.de\/wp-content\/uploads\/2019\/10\/vorher_nachher_Scirocco-261x300.jpg\" class=\"attachment-medium size-medium\" alt=\"\" srcset=\"https:\/\/www.cf-coding.de\/wp-content\/uploads\/2019\/10\/vorher_nachher_Scirocco-261x300.jpg 261w, https:\/\/www.cf-coding.de\/wp-content\/uploads\/2019\/10\/vorher_nachher_Scirocco-768x883.jpg 768w, https:\/\/www.cf-coding.de\/wp-content\/uploads\/2019\/10\/vorher_nachher_Scirocco-891x1024.jpg 891w, https:\/\/www.cf-coding.de\/wp-content\/uploads\/2019\/10\/vorher_nachher_Scirocco.jpg 1008w\" sizes=\"(max-width: 261px) 100vw, 261px\" \/><\/a>\n\t\t\t<\/dt><\/dl><dl class='gallery-item'>\n\t\t\t<dt class='gallery-icon portrait'>\n\t\t\t\t<a data-elementor-open-lightbox=\"yes\" data-elementor-lightbox-slideshow=\"db8d6c4\" data-elementor-lightbox-title=\"vorher_nachher_VW UP\" data-e-action-hash=\"#elementor-action%3Aaction%3Dlightbox%26settings%3DeyJpZCI6Nzc0LCJ1cmwiOiJodHRwczpcL1wvd3d3LmNmLWNvZGluZy5kZVwvd3AtY29udGVudFwvdXBsb2Fkc1wvMjAxOVwvMTBcL3Zvcmhlcl9uYWNoaGVyX1ZXLVVQLmpwZyIsInNsaWRlc2hvdyI6ImRiOGQ2YzQifQ%3D%3D\" href='https:\/\/www.cf-coding.de\/wp-content\/uploads\/2019\/10\/vorher_nachher_VW-UP.jpg'><img decoding=\"async\" width=\"261\" height=\"300\" src=\"https:\/\/www.cf-coding.de\/wp-content\/uploads\/2019\/10\/vorher_nachher_VW-UP-261x300.jpg\" class=\"attachment-medium size-medium\" alt=\"\" srcset=\"https:\/\/www.cf-coding.de\/wp-content\/uploads\/2019\/10\/vorher_nachher_VW-UP-261x300.jpg 261w, https:\/\/www.cf-coding.de\/wp-content\/uploads\/2019\/10\/vorher_nachher_VW-UP-768x883.jpg 768w, https:\/\/www.cf-coding.de\/wp-content\/uploads\/2019\/10\/vorher_nachher_VW-UP-891x1024.jpg 891w, https:\/\/www.cf-coding.de\/wp-content\/uploads\/2019\/10\/vorher_nachher_VW-UP.jpg 1008w\" sizes=\"(max-width: 261px) 100vw, 261px\" \/><\/a>\n\t\t\t<\/dt><\/dl><br style=\"clear: both\" \/>\n\t\t<\/div>\n\t\t<\/div>\n\t\t\t\t\t\t<\/div>\n\t\t\t\t<\/div>\n\t\t\t\t<div class=\"elementor-element elementor-element-95df56b elementor-widget elementor-widget-text-editor\" data-id=\"95df56b\" data-element_type=\"widget\" data-widget_type=\"text-editor.default\">\n\t\t\t\t<div class=\"elementor-widget-container\">\n\t\t\t\t\t\t\t\t\t<p><\/p><ul><li>Anpassung\/\u00dcbernahme der Wegfahrsperrendaten<\/li><li>Erstellen neuer Transponder<\/li><li>Auslesen des Login-Codes<\/li><\/ul><p><\/p>\t\t\t\t\t\t\t\t<\/div>\n\t\t\t\t<\/div>\n\t\t\t\t\t<\/div>\n\t\t<\/div>\n\t\t\t\t\t<\/div>\n\t\t<\/section>\n\t\t\t\t<section class=\"elementor-section elementor-top-section elementor-element elementor-element-3eed5ad elementor-section-boxed elementor-section-height-default elementor-section-height-default\" data-id=\"3eed5ad\" data-element_type=\"section\">\n\t\t\t\t\t\t<div class=\"elementor-container elementor-column-gap-default\">\n\t\t\t\t\t<div class=\"elementor-column elementor-col-100 elementor-top-column elementor-element elementor-element-a7646ed\" data-id=\"a7646ed\" data-element_type=\"column\">\n\t\t\t<div class=\"elementor-widget-wrap elementor-element-populated\">\n\t\t\t\t\t\t<div class=\"elementor-element elementor-element-061af75 elementor-widget elementor-widget-heading\" data-id=\"061af75\" data-element_type=\"widget\" data-widget_type=\"heading.default\">\n\t\t\t\t<div class=\"elementor-widget-container\">\n\t\t\t\t\t<h2 class=\"elementor-heading-title elementor-size-default\">Transponder<\/h2>\t\t\t\t<\/div>\n\t\t\t\t<\/div>\n\t\t\t\t<div class=\"elementor-element elementor-element-51e50dd elementor-widget elementor-widget-text-editor\" data-id=\"51e50dd\" data-element_type=\"widget\" data-widget_type=\"text-editor.default\">\n\t\t\t\t<div class=\"elementor-widget-container\">\n\t\t\t\t\t\t\t\t\t<p>Um neue Transponder mit dem Tester und Logincode anlernen zu k\u00f6nnen, m\u00fcssen diese vorprogammiert sein. Vorprogrammierten ID48-Transponder f\u00fcr Ihren Audi, Seat, Skoda oder VW k\u00f6nnen sie bei mir k\u00e4uflich erwerben.<\/p>\t\t\t\t\t\t\t\t<\/div>\n\t\t\t\t<\/div>\n\t\t\t\t<section class=\"elementor-section elementor-inner-section elementor-element elementor-element-692f09d elementor-section-boxed elementor-section-height-default elementor-section-height-default\" data-id=\"692f09d\" data-element_type=\"section\">\n\t\t\t\t\t\t<div class=\"elementor-container elementor-column-gap-default\">\n\t\t\t\t\t<div class=\"elementor-column elementor-col-33 elementor-inner-column elementor-element elementor-element-eb5da16\" data-id=\"eb5da16\" data-element_type=\"column\">\n\t\t\t<div class=\"elementor-widget-wrap elementor-element-populated\">\n\t\t\t\t\t\t<div class=\"elementor-element elementor-element-4d50600 elementor-widget elementor-widget-text-editor\" data-id=\"4d50600\" data-element_type=\"widget\" data-widget_type=\"text-editor.default\">\n\t\t\t\t<div class=\"elementor-widget-container\">\n\t\t\t\t\t\t\t\t\t<p>\u00a0<\/p>\n<p>\u00a0<\/p>\n<ul>\n<li style=\"text-align: left;\">Audi &#8211; TP25<\/li>\n<li style=\"text-align: left;\">Seat &#8211; TP22<\/li>\n<li style=\"text-align: left;\">Skoda &#8211; TP24<\/li>\n<li style=\"text-align: left;\">VW &#8211; TP23<\/li>\n<\/ul>\t\t\t\t\t\t\t\t<\/div>\n\t\t\t\t<\/div>\n\t\t\t\t\t<\/div>\n\t\t<\/div>\n\t\t\t\t<div class=\"elementor-column elementor-col-33 elementor-inner-column elementor-element elementor-element-2e0ca0a\" data-id=\"2e0ca0a\" data-element_type=\"column\">\n\t\t\t<div class=\"elementor-widget-wrap elementor-element-populated\">\n\t\t\t\t\t\t<div class=\"elementor-element elementor-element-3cefa58 elementor-widget elementor-widget-image\" data-id=\"3cefa58\" data-element_type=\"widget\" data-widget_type=\"image.default\">\n\t\t\t\t<div class=\"elementor-widget-container\">\n\t\t\t\t\t\t\t\t\t\t\t\t\t\t\t<img decoding=\"async\" width=\"300\" height=\"287\" src=\"https:\/\/www.cf-coding.de\/wp-content\/uploads\/2020\/02\/ID48-Transponder-300x287.jpg\" class=\"attachment-medium size-medium wp-image-911\" alt=\"\" srcset=\"https:\/\/www.cf-coding.de\/wp-content\/uploads\/2020\/02\/ID48-Transponder-300x287.jpg 300w, https:\/\/www.cf-coding.de\/wp-content\/uploads\/2020\/02\/ID48-Transponder.jpg 488w\" sizes=\"(max-width: 300px) 100vw, 300px\" \/>\t\t\t\t\t\t\t\t\t\t\t\t\t\t\t<\/div>\n\t\t\t\t<\/div>\n\t\t\t\t\t<\/div>\n\t\t<\/div>\n\t\t\t\t<div class=\"elementor-column elementor-col-33 elementor-inner-column elementor-element elementor-element-3f45420\" data-id=\"3f45420\" data-element_type=\"column\">\n\t\t\t<div class=\"elementor-widget-wrap\">\n\t\t\t\t\t\t\t<\/div>\n\t\t<\/div>\n\t\t\t\t\t<\/div>\n\t\t<\/section>\n\t\t\t\t\t<\/div>\n\t\t<\/div>\n\t\t\t\t\t<\/div>\n\t\t<\/section>\n\t\t\t\t<\/div>\n\t\t","protected":false},"excerpt":{"rendered":"<p>Motorsteuerger\u00e4te Anpassung\/\u00dcbernahme der Wegfahrsperrendaten bzw. Clonen Deaktivieren der Wegfahrsperre Auslesen des Login-Codes M\u00f6glich ist das bei vielen Steuerger\u00e4ten, z.B. bei nachfolgend genannten. Falls ihr Steuerger\u00e4t nicht aufgelistet sein sollte, schicken sie mir gerne eine Anfrage per E-Mail oder \u00fcber das Kontaktformular. Bosch MSA12 MSA15 EDC15 EDC16 EDC17 M3.2 M3.8.x M5.9.2 ME7.1 ME7.1.1 ME7.5 ME7.5.10 MED7.1.1<\/p>\n<p><a href=\"https:\/\/www.cf-coding.de\/index.php\/wegfahrsperrenservice\/\" class=\"more-link\">Weiterlesen<\/a><\/p>\n","protected":false},"author":5,"featured_media":0,"parent":0,"menu_order":0,"comment_status":"closed","ping_status":"closed","template":"","meta":{"_glsr_average":0,"_glsr_ranking":0,"_glsr_reviews":0,"footnotes":""},"class_list":["post-77","page","type-page","status-publish","hentry"],"_links":{"self":[{"href":"https:\/\/www.cf-coding.de\/index.php\/wp-json\/wp\/v2\/pages\/77","targetHints":{"allow":["GET"]}}],"collection":[{"href":"https:\/\/www.cf-coding.de\/index.php\/wp-json\/wp\/v2\/pages"}],"about":[{"href":"https:\/\/www.cf-coding.de\/index.php\/wp-json\/wp\/v2\/types\/page"}],"author":[{"embeddable":true,"href":"https:\/\/www.cf-coding.de\/index.php\/wp-json\/wp\/v2\/users\/5"}],"replies":[{"embeddable":true,"href":"https:\/\/www.cf-coding.de\/index.php\/wp-json\/wp\/v2\/comments?post=77"}],"version-history":[{"count":60,"href":"https:\/\/www.cf-coding.de\/index.php\/wp-json\/wp\/v2\/pages\/77\/revisions"}],"predecessor-version":[{"id":2979,"href":"https:\/\/www.cf-coding.de\/index.php\/wp-json\/wp\/v2\/pages\/77\/revisions\/2979"}],"wp:attachment":[{"href":"https:\/\/www.cf-coding.de\/index.php\/wp-json\/wp\/v2\/media?parent=77"}],"curies":[{"name":"wp","href":"https:\/\/api.w.org\/{rel}","templated":true}]}}