{"id":717,"date":"2019-06-02T21:12:53","date_gmt":"2019-06-02T19:12:53","guid":{"rendered":"http:\/\/www.cf-coding.de\/?page_id=717"},"modified":"2020-04-06T17:14:07","modified_gmt":"2020-04-06T15:14:07","slug":"touareg-iii-cr","status":"publish","type":"page","link":"https:\/\/www.cf-coding.de\/index.php\/fahrzeugauswahl\/volkswagen\/touareg-iii-cr\/","title":{"rendered":"Touareg III (CR)"},"content":{"rendered":"\t\t<div data-elementor-type=\"wp-post\" data-elementor-id=\"717\" class=\"elementor elementor-717\">\n\t\t\t\t\t\t<section class=\"elementor-section elementor-top-section elementor-element elementor-element-754a75f elementor-section-boxed elementor-section-height-default elementor-section-height-default\" data-id=\"754a75f\" data-element_type=\"section\">\n\t\t\t\t\t\t<div class=\"elementor-container elementor-column-gap-default\">\n\t\t\t\t\t<div class=\"elementor-column elementor-col-100 elementor-top-column elementor-element elementor-element-5fc399e\" data-id=\"5fc399e\" data-element_type=\"column\">\n\t\t\t<div class=\"elementor-widget-wrap elementor-element-populated\">\n\t\t\t\t\t\t<div class=\"elementor-element elementor-element-e9df15f elementor-widget elementor-widget-text-editor\" data-id=\"e9df15f\" data-element_type=\"widget\" data-widget_type=\"text-editor.default\">\n\t\t\t\t<div class=\"elementor-widget-container\">\n\t\t\t\t\t\t\t\t\tBeim VW Touareg III (CR) gibt es u.a. folgende Codierm\u00f6glichkeiten:\n\n&nbsp;\n<ul>\n \t<li>\u201eAuto-Hold\u201c anpassen (L\u00f6seschwelle: fr\u00fch, normal, sp\u00e4t; Gurterkennung)<\/li>\n \t<li>\u201eAuto-Lock\u201c aktivieren\/deaktivieren (Automatisches Ver-\/entriegeln des Fahrzeugs ab 15km\/h)<\/li>\n \t<li>Abschaltgeschwindigkeit der Einparkhilfe \u00e4ndern<\/li>\n \t<li>Automatische Aktivierung der Einparkhilfe deaktivieren<\/li>\n \t<li>Automatische Parkbremse aktivieren<\/li>\n \t<li>Beifahrersitz \u00fcber den Fahrersitz verstellen<\/li>\n \t<li>Blinkzyklen des Komfortblinkers anpassen<\/li>\n \t<li>Coming-\/Leaving-Home anpassen<\/li>\n \t<li>DVD-\/Videofreischaltung w\u00e4hrend der Fahrt (VIM)<\/li>\n \t<li>Elektrische Parkbremse automatisch aktivieren<\/li>\n \t<li>Gurtwarnung deaktivieren<\/li>\n \t<li>Laptimer\/Rundenz\u00e4hler aktivieren<\/li>\n \t<li>Motorvorw\u00e4rmung durch Standheizung aktivieren<\/li>\n \t<li>Quittierungston\/Hornquittierung beim Verriegeln\/Entriegeln des Fahrzeugs (nur mit DWA)<\/li>\n \t<li>Spurhalteassistent nach \u201eZ\u00fcndung ein\u201c standardm\u00e4\u00dfig deaktiviert<\/li>\n \t<li>Tagfahrlicht im MMI ein-\/ausschaltbar<\/li>\n \t<li>Tagfahrlicht mit aktiven R\u00fcckleuchten<\/li>\n \t<li>Temperatur der Glatteiswarnung anpassen (Gl\u00e4ttewarnung)<\/li>\n \t<li>Wireless CarPlay aktivieren (norm. CarPlay Voraussetzung)<\/li>\n \t<li>Zeigertest \/ Staging aktivieren<\/li>\n<\/ul>\n&nbsp;\n\n<br><br>\nSollte eine Codierung nicht aufgelistet sein oder Sie haben Fragen zu einer Codierung, dann schicken Sie mir gerne eine Nachricht \u00fcber das Kontaktformular.\n\n\n<span><br><br><br>\n<font size=\"-2\">Letzte \u00c4nderung 06.04.2020<\/font><\/span>\n\t\t\t\t\t\t\t\t<\/div>\n\t\t\t\t<\/div>\n\t\t\t\t\t<\/div>\n\t\t<\/div>\n\t\t\t\t\t<\/div>\n\t\t<\/section>\n\t\t\t\t<\/div>\n\t\t","protected":false},"excerpt":{"rendered":"<p>Beim VW Touareg III (CR) gibt es u.a. folgende Codierm\u00f6glichkeiten: &nbsp; \u201eAuto-Hold\u201c anpassen (L\u00f6seschwelle: fr\u00fch, normal, sp\u00e4t; Gurterkennung) \u201eAuto-Lock\u201c aktivieren\/deaktivieren (Automatisches Ver-\/entriegeln des Fahrzeugs ab 15km\/h) Abschaltgeschwindigkeit der Einparkhilfe \u00e4ndern Automatische Aktivierung der Einparkhilfe deaktivieren Automatische Parkbremse aktivieren Beifahrersitz \u00fcber den Fahrersitz verstellen Blinkzyklen des Komfortblinkers anpassen Coming-\/Leaving-Home anpassen DVD-\/Videofreischaltung w\u00e4hrend der Fahrt (VIM) Elektrische<\/p>\n<p><a href=\"https:\/\/www.cf-coding.de\/index.php\/fahrzeugauswahl\/volkswagen\/touareg-iii-cr\/\" class=\"more-link\">Weiterlesen<\/a><\/p>\n","protected":false},"author":5,"featured_media":0,"parent":128,"menu_order":0,"comment_status":"closed","ping_status":"closed","template":"","meta":{"_glsr_average":0,"_glsr_ranking":0,"_glsr_reviews":0,"footnotes":""},"class_list":["post-717","page","type-page","status-publish","hentry"],"_links":{"self":[{"href":"https:\/\/www.cf-coding.de\/index.php\/wp-json\/wp\/v2\/pages\/717","targetHints":{"allow":["GET"]}}],"collection":[{"href":"https:\/\/www.cf-coding.de\/index.php\/wp-json\/wp\/v2\/pages"}],"about":[{"href":"https:\/\/www.cf-coding.de\/index.php\/wp-json\/wp\/v2\/types\/page"}],"author":[{"embeddable":true,"href":"https:\/\/www.cf-coding.de\/index.php\/wp-json\/wp\/v2\/users\/5"}],"replies":[{"embeddable":true,"href":"https:\/\/www.cf-coding.de\/index.php\/wp-json\/wp\/v2\/comments?post=717"}],"version-history":[{"count":0,"href":"https:\/\/www.cf-coding.de\/index.php\/wp-json\/wp\/v2\/pages\/717\/revisions"}],"up":[{"embeddable":true,"href":"https:\/\/www.cf-coding.de\/index.php\/wp-json\/wp\/v2\/pages\/128"}],"wp:attachment":[{"href":"https:\/\/www.cf-coding.de\/index.php\/wp-json\/wp\/v2\/media?parent=717"}],"curies":[{"name":"wp","href":"https:\/\/api.w.org\/{rel}","templated":true}]}}