{"id":699,"date":"2019-06-02T10:10:06","date_gmt":"2019-06-02T08:10:06","guid":{"rendered":"http:\/\/www.cf-coding.de\/?page_id=699"},"modified":"2024-10-08T13:49:08","modified_gmt":"2024-10-08T11:49:08","slug":"q5-fy","status":"publish","type":"page","link":"https:\/\/www.cf-coding.de\/index.php\/fahrzeugauswahl\/audi\/q5-fy\/","title":{"rendered":"Q5 (FY)"},"content":{"rendered":"\t\t<div data-elementor-type=\"wp-post\" data-elementor-id=\"699\" class=\"elementor elementor-699\">\n\t\t\t\t\t\t<section class=\"elementor-section elementor-top-section elementor-element elementor-element-2138ea9 elementor-section-boxed elementor-section-height-default elementor-section-height-default\" data-id=\"2138ea9\" data-element_type=\"section\">\n\t\t\t\t\t\t<div class=\"elementor-container elementor-column-gap-default\">\n\t\t\t\t\t<div class=\"elementor-column elementor-col-100 elementor-top-column elementor-element elementor-element-f248368\" data-id=\"f248368\" data-element_type=\"column\">\n\t\t\t<div class=\"elementor-widget-wrap\">\n\t\t\t\t\t\t\t<\/div>\n\t\t<\/div>\n\t\t\t\t\t<\/div>\n\t\t<\/section>\n\t\t\t\t<section class=\"elementor-section elementor-top-section elementor-element elementor-element-1e6d5a7 elementor-section-boxed elementor-section-height-default elementor-section-height-default\" data-id=\"1e6d5a7\" data-element_type=\"section\">\n\t\t\t\t\t\t<div class=\"elementor-container elementor-column-gap-default\">\n\t\t\t\t\t<div class=\"elementor-column elementor-col-100 elementor-top-column elementor-element elementor-element-70e5209\" data-id=\"70e5209\" data-element_type=\"column\">\n\t\t\t<div class=\"elementor-widget-wrap elementor-element-populated\">\n\t\t\t\t\t\t<div class=\"elementor-element elementor-element-0e51e8f elementor-widget elementor-widget-text-editor\" data-id=\"0e51e8f\" data-element_type=\"widget\" data-widget_type=\"text-editor.default\">\n\t\t\t\t<div class=\"elementor-widget-container\">\n\t\t\t\t\t\t\t\t\t<p>Beim Audi Q5 (FY) gibt es u.a. folgende Codierm\u00f6glichkeiten:<\/p>\n<ul>\n<li>\u201eAuto-Hold\u201c anpassen (L\u00f6seschwelle: fr\u00fch, normal, sp\u00e4t; Gurterkennung)<\/li>\n<li>\u201eAuto-Lock\u201c (Automatisches Ver-\/Entriegeln) \u00fcber MMI konfigurierbar<\/li>\n<li>\u201eAuto-Lock\u201c aktivieren\/deaktivieren (Automatisches Ver-\/entriegeln des Fahrzeugs ab 15km\/h)<\/li>\n<li>5 GHz W-LAN aktivieren<\/li>\n<li>Abbiegelicht \u00fcber Allwetterleuchten<\/li>\n<li>Abschaltgeschwindigkeit der Einparkhilfe anpassen<\/li>\n<li>Abschaltgeschwindigkeit der R\u00fcckfahrkamera anpassen<\/li>\n<li>ACC-Fahrprofilauswahl im MMI aktivieren (comfort, standard, dynamic)<\/li>\n<li>Alle Leseleuchten bei T\u00fcr\u00f6ffnung einschalten<\/li>\n<li>Auto verriegeln trotz laufendem Motor<\/li>\n<li>Automatische Aktivierung der Einparkhilfe aktivieren\/deaktivieren<\/li>\n<li>Automatische Aktivierung der Parkbremse<\/li>\n<li>Automatisches Wischen der Heckscheibe aktivieren\/deaktivieren<\/li>\n<li>B&amp;O Lautsprecherbeleuchtung deaktivieren<\/li>\n<li>Bet\u00e4tigungszeit f\u00fcr das \u00d6ffnen der Heckklappe \u00fcber die Funkfernbedienung anpassen<\/li>\n<li>Blinkzyklen beim Entriegeln anpassen (Anzahl)<\/li>\n<li>Blinkzyklen beim Verriegeln anpassen (Anzahl)<\/li>\n<li>Blinkzyklen des Komfortblinkers \u00e4ndern<\/li>\n<li>Bootlogo im MMI \u00e4ndern (z. B. auf SQ5)<\/li>\n<li>CDs auf Jukebox kopieren im MMI aktivieren<\/li>\n<li>Coming-Home Einschaltereignis \u00e4ndern (Fahrert\u00fcre oder Z\u00fcndung)<\/li>\n<li>Dachrollo beim Komfort\u00f6ffnen\/-schlie\u00dfen aktivieren\/deaktivieren<\/li>\n<li>Dualansicht f\u00fcr Umgebungskamera aktivieren<\/li>\n<li>DVD-\/Videofreischaltung w\u00e4hrend der Fahrt (VIM)<\/li>\n<li>Einschaltzustand Spurhalteassistent \u00e4ndern (aktiviert\/deaktiviert\/letzte Einstellung)<\/li>\n<li>Einstiegshilfe Fahrersitz (Easy Entry) aktivieren<\/li>\n<li>Elektrische Parkbremse automatisch aktivieren<\/li>\n<li>Erweiterte Skaleneinteilung der Geschwindigkeitsanzeige freischalten<\/li>\n<li>Favoritentaste am Multifunktionslenkrad Plus und im MMI Freischalten (nach Nachr\u00fcstung)<\/li>\n<li>Fernlichtassistent freischalten<\/li>\n<li>Funktion der Mode-Taste am Klimabedienteil \u00e4ndern (A\/C max oder A\/C eco)<\/li>\n<li>Ger\u00e4uschverst\u00e4rker \/ Soundgenerator Lautst\u00e4rke mindern oder ganz deaktivieren<\/li>\n<li>Gurtwarnung deaktivieren<\/li>\n<li>Hidden\/Green-Men\u00fc aktivieren<\/li>\n<li>Kartendarstellung im FIS (bei kleinem MMI)<\/li>\n<li>Komfortblinken abbrechen durch Gegentippen<\/li>\n<li>Komfort\u00f6ffnung Panoramadach \u00e4ndern (Kippstellung\/ganz auf)<\/li>\n<li>Laptimer\/Rundenz\u00e4hler aktivieren<\/li>\n<li>Lautsprecherbeleuchtung deaktivieren (bei Bang &amp; Olufsen Soundsystem)<\/li>\n<li>Leseleuchten bei T\u00fcr\u00f6ffnung einschalten (alle)<\/li>\n<li>Men\u00fcpunkt Automatisches Ver-\/Entriegeln d. Zentralverriegelung im MMI freischalten<\/li>\n<li>Nachheizzeit der Standheizung anpassen<\/li>\n<li>\u00d6ltemperaturanzeige im Kombiinstrument aktivieren<\/li>\n<li>Quittierungston\/Hornquittierung beim Verriegeln\/Entriegeln des Fahrzeugs (nur mit DWA)<\/li>\n\n<li>RS-Inszenierung der R\u00fcckleuchten freischalten (nur mit Matrix-LED-Scheinwerfer)<\/li><li>S-\/RS Layout im Virtual Cockpit freischalten<br><\/li>\n<li>Sensorgesteuertes \u00f6ffnen und schlie\u00dfen der Heckklappe deaktivieren<\/li>\n<li>Spiegelanklappen anpassen (Funkfernbedienung kurz dr\u00fccken\/FFB lang dr\u00fccken zum Einklappen)<\/li>\n<li>Spurhalteassistent Einschaltzustand anpassen (deaktiviert, aktiviert, letzte Einstellung)<\/li>\n<li>Spurhalteassistent freischalten<\/li>\n<li>Startbildschirm des Virtual Cockpit anpassen<\/li>\n<li>Tagfahrlicht im MMI ein-\/ausschaltbar<\/li>\n<li>Tagfahrlicht mit aktiven R\u00fcckleuchten<\/li>\n<li>Tastendruck der FFB f\u00fcr &#8222;\u00d6ffnen Heckklappe&#8220; anpassen (Verz\u00f6gerungszeit)<\/li>\n<li>Temperatur der Glatteiswarnung anpassen (Gl\u00e4ttewarnung)<\/li>\n<li>Verbrauchsanzeige im Kombiinstrument anpassen<\/li>\n<li>Verkehrszeichenerkennung freischalten<\/li>\n<li>Verz\u00f6gerungszeit f\u00fcr das Komfort\u00f6ffnen der Heckklappe \u00fcber die Funkfernbedienung anpassen<\/li>\n<li>Warnton \u201eZ\u00fcndung ist eingeschaltet\u201c deaktivieren<\/li>\n<li>Warnton der elektrischen Heckklappe deaktivieren<\/li>\n<li>Welcome-Sound \/ Heartbeat aktivieren<\/li>\n<li>Wireless CarPlay aktivieren (norm. CarPlay Voraussetzung)<\/li>\n<li>Zeigertest \/ Staging aktivieren<\/li>\n<\/ul>\n<p><br><br>Sollte eine Codierung nicht aufgelistet sein oder Sie haben Fragen zu einer Codierung, dann schicken Sie mir gerne eine Nachricht \u00fcber das Kontaktformular.<\/p>\n<p><span><br><br><br><font size=\"-2\">Letzte \u00c4nderung 08.10.2024<\/font><\/span><\/p>\t\t\t\t\t\t\t\t<\/div>\n\t\t\t\t<\/div>\n\t\t\t\t\t<\/div>\n\t\t<\/div>\n\t\t\t\t\t<\/div>\n\t\t<\/section>\n\t\t\t\t<\/div>\n\t\t","protected":false},"excerpt":{"rendered":"<p>Beim Audi Q5 (FY) gibt es u.a. folgende Codierm\u00f6glichkeiten: \u201eAuto-Hold\u201c anpassen (L\u00f6seschwelle: fr\u00fch, normal, sp\u00e4t; Gurterkennung) \u201eAuto-Lock\u201c (Automatisches Ver-\/Entriegeln) \u00fcber MMI konfigurierbar \u201eAuto-Lock\u201c aktivieren\/deaktivieren (Automatisches Ver-\/entriegeln des Fahrzeugs ab 15km\/h) 5 GHz W-LAN aktivieren Abbiegelicht \u00fcber Allwetterleuchten Abschaltgeschwindigkeit der Einparkhilfe anpassen Abschaltgeschwindigkeit der R\u00fcckfahrkamera anpassen ACC-Fahrprofilauswahl im MMI aktivieren (comfort, standard, dynamic) Alle Leseleuchten bei<\/p>\n<p><a href=\"https:\/\/www.cf-coding.de\/index.php\/fahrzeugauswahl\/audi\/q5-fy\/\" class=\"more-link\">Weiterlesen<\/a><\/p>\n","protected":false},"author":5,"featured_media":0,"parent":120,"menu_order":0,"comment_status":"closed","ping_status":"closed","template":"","meta":{"_glsr_average":0,"_glsr_ranking":0,"_glsr_reviews":0,"footnotes":""},"class_list":["post-699","page","type-page","status-publish","hentry"],"_links":{"self":[{"href":"https:\/\/www.cf-coding.de\/index.php\/wp-json\/wp\/v2\/pages\/699","targetHints":{"allow":["GET"]}}],"collection":[{"href":"https:\/\/www.cf-coding.de\/index.php\/wp-json\/wp\/v2\/pages"}],"about":[{"href":"https:\/\/www.cf-coding.de\/index.php\/wp-json\/wp\/v2\/types\/page"}],"author":[{"embeddable":true,"href":"https:\/\/www.cf-coding.de\/index.php\/wp-json\/wp\/v2\/users\/5"}],"replies":[{"embeddable":true,"href":"https:\/\/www.cf-coding.de\/index.php\/wp-json\/wp\/v2\/comments?post=699"}],"version-history":[{"count":12,"href":"https:\/\/www.cf-coding.de\/index.php\/wp-json\/wp\/v2\/pages\/699\/revisions"}],"predecessor-version":[{"id":2216,"href":"https:\/\/www.cf-coding.de\/index.php\/wp-json\/wp\/v2\/pages\/699\/revisions\/2216"}],"up":[{"embeddable":true,"href":"https:\/\/www.cf-coding.de\/index.php\/wp-json\/wp\/v2\/pages\/120"}],"wp:attachment":[{"href":"https:\/\/www.cf-coding.de\/index.php\/wp-json\/wp\/v2\/media?parent=699"}],"curies":[{"name":"wp","href":"https:\/\/api.w.org\/{rel}","templated":true}]}}