{"id":621,"date":"2018-12-09T13:59:03","date_gmt":"2018-12-09T11:59:03","guid":{"rendered":"http:\/\/www.cf-coding.de\/?page_id=621"},"modified":"2023-08-13T11:21:05","modified_gmt":"2023-08-13T09:21:05","slug":"a3-8p","status":"publish","type":"page","link":"https:\/\/www.cf-coding.de\/index.php\/fahrzeugauswahl\/audi\/a3-8p\/","title":{"rendered":"A3 (8P)"},"content":{"rendered":"\t\t<div data-elementor-type=\"wp-post\" data-elementor-id=\"621\" class=\"elementor elementor-621\">\n\t\t\t\t\t\t<section class=\"elementor-section elementor-top-section elementor-element elementor-element-4df28d3 elementor-section-boxed elementor-section-height-default elementor-section-height-default\" data-id=\"4df28d3\" data-element_type=\"section\">\n\t\t\t\t\t\t<div class=\"elementor-container elementor-column-gap-default\">\n\t\t\t\t\t<div class=\"elementor-column elementor-col-100 elementor-top-column elementor-element elementor-element-a1e3b86\" data-id=\"a1e3b86\" data-element_type=\"column\">\n\t\t\t<div class=\"elementor-widget-wrap elementor-element-populated\">\n\t\t\t\t\t\t<div class=\"elementor-element elementor-element-ef7e158 elementor-widget elementor-widget-text-editor\" data-id=\"ef7e158\" data-element_type=\"widget\" data-widget_type=\"text-editor.default\">\n\t\t\t\t<div class=\"elementor-widget-container\">\n\t\t\t\t\t\t\t\t\tBeim Audi A3 (8P) gibt es u.a. folgende Codierm\u00f6glichkeiten:\n<ul>\n \t<li>Abbiegelicht \u00fcber Nebelscheinwerfer<\/li>\n \t<li>Aktivieren der Au\u00dfentemperaturanzeige im Kombiinstrument<\/li>\n \t<li>Auswurfsperre im RNS-E aktivieren\/deaktivieren<\/li>\n \t<li>Automatisches Verriegeln\/Entriegeln (Auto-Lock\/Unlock) aktivieren<\/li>\n \t<li>AUX-IN Anschluss am Concert, Chorus oder Symphonie freischalten<\/li>\n \t<li>AUX-IN Anschluss am RNS-E freischalten<\/li>\n \t<li>Beheizbare Au\u00dfenspiegel aktivieren (nach Nachr\u00fcstung)<\/li>\n \t<li>Berganfahrassistent (Hill Hold) freischalten (ab MJ11)<\/li>\n \t<li>Blinkzyklen des Komfortblinkers \u00e4ndern<\/li>\n \t<li>Boost-Anzeige freischalten (nur Facelift)<\/li>\n \t<li>Erweitertes Komfortmen\u00fc im Kombiinstrument aktivieren<\/li>\n \t<li>Fu\u00dfraumbeleuchtung aktivieren (nach Nachr\u00fcstung)<\/li>\n \t<li>Fu\u00dfraumbeleuchtung w\u00e4hrend der Fahrt<\/li>\n \t<li>Geschwindigkeitsanzeige im Radio Concert II, Chorus II oder Symphonie II freischalten<\/li>\n \t<li>Geschwindigkeitswarnmeldung im RNS-E aktivieren<\/li>\n \t<li>Gurtwarnung deaktivieren<\/li>\n \t<li>Heckscheibenwischen bei Einlegen des R\u00fcckw\u00e4rtsganges aktivieren\/deaktivieren<\/li>\n \t<li>LED-Kennzeichenbeleuchtung<\/li>\n \t<li>LED-Tagfahrlicht auch bei Lichtschalterstellung &#8222;0&#8220; an (ab MJ11)<\/li>\n \t<li>Multifunktionslenkrad freischalten (nach Nachr\u00fcstung)<\/li>\n \t<li>Nebelschlusslicht zus\u00e4tzlich als Bremslicht aktivieren<\/li>\n \t<li>Notbremswarnblinken aktivieren<\/li>\n \t<li>Optische Darstellung der Einparkhilfe im RNS-E aktivieren<\/li>\n \t<li>Quittierungston\/Hornquittierung beim Verriegeln\/Entriegeln des Fahrzeugs (nur mit DWA)<\/li>\n \t<li><strong>Reifendruckkontrollanzeige freischalten (ab MJ2011)<\/strong><\/li>\n \t<li>Spiegelanklappen per Funkfernbedienung<\/li>\n \t<li>Startbildschirm vom RNS-E anpasssen<\/li>\n \t<li>Tagfahrlicht mit aktiven R\u00fcckleuchten<\/li>\n \t<li>Tagfahrlicht-Men\u00fc im FIS aktivieren (ab MJ08)<\/li>\n \t<li>Tr\u00e4nenwischen aktivieren\/deaktivieren<\/li>\n \t<li>Zeigertest \/ Staging aktivieren<\/li>\n<\/ul>\n\n<br><br>\nSollte eine Codierung nicht aufgelistet sein oder Sie haben Fragen zu einer Codierung, dann schicken Sie mir gerne eine Nachricht \u00fcber das Kontaktformular.\n\n\n\n<span><br><br><br>\n<font size=\"-2\">Letzte \u00c4nderung 13.08.2023<\/font><\/span>\t\t\t\t\t\t\t\t<\/div>\n\t\t\t\t<\/div>\n\t\t\t\t\t<\/div>\n\t\t<\/div>\n\t\t\t\t\t<\/div>\n\t\t<\/section>\n\t\t\t\t<\/div>\n\t\t","protected":false},"excerpt":{"rendered":"<p>Beim Audi A3 (8P) gibt es u.a. folgende Codierm\u00f6glichkeiten: Abbiegelicht \u00fcber Nebelscheinwerfer Aktivieren der Au\u00dfentemperaturanzeige im Kombiinstrument Auswurfsperre im RNS-E aktivieren\/deaktivieren Automatisches Verriegeln\/Entriegeln (Auto-Lock\/Unlock) aktivieren AUX-IN Anschluss am Concert, Chorus oder Symphonie freischalten AUX-IN Anschluss am RNS-E freischalten Beheizbare Au\u00dfenspiegel aktivieren (nach Nachr\u00fcstung) Berganfahrassistent (Hill Hold) freischalten (ab MJ11) Blinkzyklen des Komfortblinkers \u00e4ndern Boost-Anzeige freischalten<\/p>\n<p><a href=\"https:\/\/www.cf-coding.de\/index.php\/fahrzeugauswahl\/audi\/a3-8p\/\" class=\"more-link\">Weiterlesen<\/a><\/p>\n","protected":false},"author":5,"featured_media":0,"parent":120,"menu_order":0,"comment_status":"closed","ping_status":"closed","template":"","meta":{"_glsr_average":0,"_glsr_ranking":0,"_glsr_reviews":0,"footnotes":""},"class_list":["post-621","page","type-page","status-publish","hentry"],"_links":{"self":[{"href":"https:\/\/www.cf-coding.de\/index.php\/wp-json\/wp\/v2\/pages\/621","targetHints":{"allow":["GET"]}}],"collection":[{"href":"https:\/\/www.cf-coding.de\/index.php\/wp-json\/wp\/v2\/pages"}],"about":[{"href":"https:\/\/www.cf-coding.de\/index.php\/wp-json\/wp\/v2\/types\/page"}],"author":[{"embeddable":true,"href":"https:\/\/www.cf-coding.de\/index.php\/wp-json\/wp\/v2\/users\/5"}],"replies":[{"embeddable":true,"href":"https:\/\/www.cf-coding.de\/index.php\/wp-json\/wp\/v2\/comments?post=621"}],"version-history":[{"count":3,"href":"https:\/\/www.cf-coding.de\/index.php\/wp-json\/wp\/v2\/pages\/621\/revisions"}],"predecessor-version":[{"id":1871,"href":"https:\/\/www.cf-coding.de\/index.php\/wp-json\/wp\/v2\/pages\/621\/revisions\/1871"}],"up":[{"embeddable":true,"href":"https:\/\/www.cf-coding.de\/index.php\/wp-json\/wp\/v2\/pages\/120"}],"wp:attachment":[{"href":"https:\/\/www.cf-coding.de\/index.php\/wp-json\/wp\/v2\/media?parent=621"}],"curies":[{"name":"wp","href":"https:\/\/api.w.org\/{rel}","templated":true}]}}