{"id":592,"date":"2018-11-17T11:29:12","date_gmt":"2018-11-17T09:29:12","guid":{"rendered":"http:\/\/www.cf-coding.de\/?page_id=592"},"modified":"2023-10-30T22:46:07","modified_gmt":"2023-10-30T20:46:07","slug":"tt-8s","status":"publish","type":"page","link":"https:\/\/www.cf-coding.de\/index.php\/fahrzeugauswahl\/audi\/tt-8s\/","title":{"rendered":"TT (8S)"},"content":{"rendered":"\t\t<div data-elementor-type=\"wp-post\" data-elementor-id=\"592\" class=\"elementor elementor-592\">\n\t\t\t\t\t\t<section class=\"elementor-section elementor-top-section elementor-element elementor-element-581f220 elementor-section-boxed elementor-section-height-default elementor-section-height-default\" data-id=\"581f220\" data-element_type=\"section\">\n\t\t\t\t\t\t<div class=\"elementor-container elementor-column-gap-default\">\n\t\t\t\t\t<div class=\"elementor-column elementor-col-100 elementor-top-column elementor-element elementor-element-15715d1\" data-id=\"15715d1\" data-element_type=\"column\">\n\t\t\t<div class=\"elementor-widget-wrap elementor-element-populated\">\n\t\t\t\t\t\t<div class=\"elementor-element elementor-element-b9fd487 elementor-widget elementor-widget-text-editor\" data-id=\"b9fd487\" data-element_type=\"widget\" data-widget_type=\"text-editor.default\">\n\t\t\t\t<div class=\"elementor-widget-container\">\n\t\t\t\t\t\t\t\t\tBeim Audi TT (8S) gibt es u.a. folgende Codierm\u00f6glichkeiten:\n<ul>\n \t<li>3. Bremsleuchte zus\u00e4tzlich als R\u00fccklicht<\/li>\n \t<li>Abbiegelicht bei R\u00fcckw\u00e4rtsfahrt aktivieren\/deaktivieren<\/li>\n \t<li>Abbiegelicht \u00fcber Nebelscheinwerfer<\/li>\n \t<li>Abschaltgeschwindigkeit der Einparkhilfe anpassen (nur bei Einparkhilfe vorne und hinten)<\/li>\n \t<li>Abstand zum Bordstein anpassen (Parklenkassistent)<\/li>\n \t<li>Aktivierungston der Einparkhilfe aktivieren\/deaktivieren<\/li>\n \t<li>Audioabsenkung der Einparkhilfe aktivieren\/deaktivieren<\/li>\n \t<li>Automatisches Einfahren des Heckspoilers deaktivieren<\/li>\n \t<li>Automatisches Verriegeln mit Komfortschl\u00fcssel<\/li>\n \t<li>Beifahrerspiegelabsenkung beim R\u00fcckw\u00e4rtsfahren<\/li>\n \t<li>Blinkzyklen des Komfortblinkers \u00e4ndern<\/li>\n \t<li>Coming-\/Leaving-Home Einschaltereignis \u00e4ndern (Fahrert\u00fcre\/Z\u00fcndung aus)<\/li>\n \t<li>Coming-\/Leaving-Home Leuchtdauer<\/li>\n \t<li>DVD-\/Videofreischaltung w\u00e4hrend der Fahrt (VIM)<\/li>\n \t<li>Dynamischen Anfahrassistenten anpassen<\/li>\n \t<li>Fernlichtassistent freischalten<\/li>\n \t<li>Geschwindigkeitsschwelle des Abbiegelichtes (statisch) anpassen<\/li>\n \t<li>Gurtwarnung deaktivieren<\/li>\n \t<li>Laptimer\/Rundenz\u00e4hler aktivieren<\/li>\n \t<li>Mikrofonempfindlichkeit anpassen (+\/- 10 dB)<\/li>\n \t<li>Nebelscheinwerfer zus\u00e4tzlich bei Tagfahrlicht aktiv<\/li>\n \t<li>\u00d6ltemperaturanzeige im Kombiinstrument aktivieren<\/li>\n \t<li>Optische Darstellung der Einparkhilfe aktivieren<\/li>\n \t<li>Quittierungston\/Hornquittierung beim Verriegeln\/Entriegeln des Fahrzeugs<\/li>\n \t<li>Scheinwerferreinigungsanlage anpassen (Verz\u00f6gerungszeit, Aktivierungsintervall, Waschzeit)<\/li>\n \t<li>Servicestellung der Frontscheibenwischer im MMI aktivierbar<\/li>\n \t<li>Sitzheizungsr\u00fccknahme (Zeit anpassen)<\/li>\n \t<li>Soundgenerator anpassen (Lautst\u00e4rke mindern)<\/li>\n \t<li>Spiegelanklappen anpassen (Funkfernbedienung kurz dr\u00fccken\/FFB lang dr\u00fccken zum Einklappen)<\/li>\n \t<li>Start\/Stop deaktivieren<\/li>\n \t<li>Tagfahrlicht im MMI ein-\/ausschaltbar<\/li>\n \t<li>Tagfahrlicht mit aktiven R\u00fcckleuchten<\/li>\n \t<li>TTS Layout im Virtual Cockpit aktivieren<\/li>\n \t<li>Verbrauchsanzeige im Kombiinstrument anpassen<\/li>\n \t<li>Verkehrszeichenerkennung freischalten*<\/li>\n \t<li>Video in Motion (VIM) freischalten<\/li>\n \t<li>Warnhinweis bei aktivem Nebelschlusslicht und \u00fcberscheiten der gespeicherten Geschwindigkeit<\/li>\n \t<li>Warnton \u201eZ\u00fcndung ist eingeschaltet\u201c deaktivieren<\/li>\n \t<li>Zeigertest \/ Staging aktivieren<\/li>\n<\/ul>\n<br><br>\nSollte eine Codierung nicht aufgelistet sein oder Sie haben Fragen zu einer Codierung, dann schicken Sie mir gerne eine Nachricht \u00fcber das Kontaktformular.\n\n\n<span><br><br><br>\n<font size=\"-2\">Letzte \u00c4nderung 30.10.2023<\/font><\/span>\n\t\t\t\t\t\t\t\t<\/div>\n\t\t\t\t<\/div>\n\t\t\t\t\t<\/div>\n\t\t<\/div>\n\t\t\t\t\t<\/div>\n\t\t<\/section>\n\t\t\t\t<\/div>\n\t\t","protected":false},"excerpt":{"rendered":"<p>Beim Audi TT (8S) gibt es u.a. folgende Codierm\u00f6glichkeiten: 3. Bremsleuchte zus\u00e4tzlich als R\u00fccklicht Abbiegelicht bei R\u00fcckw\u00e4rtsfahrt aktivieren\/deaktivieren Abbiegelicht \u00fcber Nebelscheinwerfer Abschaltgeschwindigkeit der Einparkhilfe anpassen (nur bei Einparkhilfe vorne und hinten) Abstand zum Bordstein anpassen (Parklenkassistent) Aktivierungston der Einparkhilfe aktivieren\/deaktivieren Audioabsenkung der Einparkhilfe aktivieren\/deaktivieren Automatisches Einfahren des Heckspoilers deaktivieren Automatisches Verriegeln mit Komfortschl\u00fcssel Beifahrerspiegelabsenkung beim<\/p>\n<p><a href=\"https:\/\/www.cf-coding.de\/index.php\/fahrzeugauswahl\/audi\/tt-8s\/\" class=\"more-link\">Weiterlesen<\/a><\/p>\n","protected":false},"author":5,"featured_media":0,"parent":120,"menu_order":0,"comment_status":"closed","ping_status":"closed","template":"","meta":{"_glsr_average":0,"_glsr_ranking":0,"_glsr_reviews":0,"footnotes":""},"class_list":["post-592","page","type-page","status-publish","hentry"],"_links":{"self":[{"href":"https:\/\/www.cf-coding.de\/index.php\/wp-json\/wp\/v2\/pages\/592","targetHints":{"allow":["GET"]}}],"collection":[{"href":"https:\/\/www.cf-coding.de\/index.php\/wp-json\/wp\/v2\/pages"}],"about":[{"href":"https:\/\/www.cf-coding.de\/index.php\/wp-json\/wp\/v2\/types\/page"}],"author":[{"embeddable":true,"href":"https:\/\/www.cf-coding.de\/index.php\/wp-json\/wp\/v2\/users\/5"}],"replies":[{"embeddable":true,"href":"https:\/\/www.cf-coding.de\/index.php\/wp-json\/wp\/v2\/comments?post=592"}],"version-history":[{"count":6,"href":"https:\/\/www.cf-coding.de\/index.php\/wp-json\/wp\/v2\/pages\/592\/revisions"}],"predecessor-version":[{"id":1894,"href":"https:\/\/www.cf-coding.de\/index.php\/wp-json\/wp\/v2\/pages\/592\/revisions\/1894"}],"up":[{"embeddable":true,"href":"https:\/\/www.cf-coding.de\/index.php\/wp-json\/wp\/v2\/pages\/120"}],"wp:attachment":[{"href":"https:\/\/www.cf-coding.de\/index.php\/wp-json\/wp\/v2\/media?parent=592"}],"curies":[{"name":"wp","href":"https:\/\/api.w.org\/{rel}","templated":true}]}}