{"id":521,"date":"2018-10-20T14:35:22","date_gmt":"2018-10-20T12:35:22","guid":{"rendered":"http:\/\/www.cf-coding.de\/?page_id=521"},"modified":"2022-01-12T14:20:30","modified_gmt":"2022-01-12T12:20:30","slug":"superb-3-3v","status":"publish","type":"page","link":"https:\/\/www.cf-coding.de\/index.php\/fahrzeugauswahl\/skoda\/superb-3-3v\/","title":{"rendered":"Superb 3 (3V)"},"content":{"rendered":"\t\t<div data-elementor-type=\"wp-post\" data-elementor-id=\"521\" class=\"elementor elementor-521\">\n\t\t\t\t\t\t<section class=\"elementor-section elementor-top-section elementor-element elementor-element-108c0c9 elementor-section-boxed elementor-section-height-default elementor-section-height-default\" data-id=\"108c0c9\" data-element_type=\"section\">\n\t\t\t\t\t\t<div class=\"elementor-container elementor-column-gap-default\">\n\t\t\t\t\t<div class=\"elementor-column elementor-col-100 elementor-top-column elementor-element elementor-element-5c3cf06\" data-id=\"5c3cf06\" data-element_type=\"column\">\n\t\t\t<div class=\"elementor-widget-wrap elementor-element-populated\">\n\t\t\t\t\t\t<div class=\"elementor-element elementor-element-4514820 elementor-widget elementor-widget-text-editor\" data-id=\"4514820\" data-element_type=\"widget\" data-widget_type=\"text-editor.default\">\n\t\t\t\t<div class=\"elementor-widget-container\">\n\t\t\t\t\t\t\t\t\tBeim Skoda Superb 3 (3V) gibt es u.a. folgende Codierm\u00f6glichkeiten:\n<ul>\n \t<li>Abbiegelicht<\/li>\n \t<li>Abbiegelicht bei R\u00fcckw\u00e4rtsfahrt aktivieren\/deaktivieren<\/li>\n \t<li>Abdimmgeschwindigkeit des Abbiegelichtes \u00e4ndern<\/li>\n \t<li>Abschaltgeschwindigkeit der Einparkhilfe anpassen (nur bei Einparkhilfe vorne und hinten)<\/li>\n \t<li>Abstand zum Bordstein anpassen (Parklenkassistent)<\/li>\n \t<li>Air Care aktiviert lassen (nach Z\u00fcndungswechsel weiterhin aktiv)<\/li>\n \t<li>Aktivierungston der Einparkhilfe aktivieren\/deaktivieren<\/li>\n \t<li>AM-Band im Radio ausblenden<\/li>\n \t<li>Ambientebeleuchtung \u00e4ndern (Farben nach Wunsch)<\/li>\n \t<li>Audioabsenkung der Einparkhilfe aktivieren\/deaktivieren<\/li>\n \t<li>Automatische Zeitumstellung aktivieren<\/li>\n \t<li>Automatisches Verriegeln (T\u00fcrzuschlagsverriegelung, nur bei Kessy)<\/li>\n \t<li>Automatisches Wischen der Heckscheibe aktivieren<\/li>\n \t<li>Beifahrerspiegelabsenkung beim R\u00fcckw\u00e4rtsfahren<\/li>\n \t<li>Blinkzyklen des Komfortblinkers \u00e4ndern<\/li>\n \t<li>Coming Home aktivieren (ohne verbauten Lichtsensor)<\/li>\n \t<li>Coming-Home Einschaltereignis \u00e4ndern (Fahrert\u00fcre oder Z\u00fcndung)<\/li>\n \t<li>Coming-Home \u00fcber Nebelscheinwerfer<\/li>\n \t<li>Design\/Skin der MFA-Premium \u00e4ndern<\/li>\n \t<li>Elektrische Heckklappe mit Taster und Funkfernbedienung schlie\u00dfbar<\/li>\n \t<li>Elektronische Differentialsperre anpassen (leicht, mittel, stark)<\/li>\n \t<li>ESP und ASR komplett im Men\u00fc deaktivierbar<\/li>\n \t<li>Fensterheber auch nach T\u00fcr\u00f6ffnen weiter aktiv<\/li>\n \t<li>Fernlichtassistent aktiviert lassen (nach Z\u00fcndungswechsel weiterhin aktiv)<\/li>\n \t<li>Fernlichtassistent freischalten*<\/li>\n \t<li>Fu\u00dfraumbeleuchtung aktivieren (nach Nachr\u00fcstung)<\/li>\n \t<li>Fu\u00dfraumbeleuchtung dimmen<\/li>\n \t<li>Gebl\u00e4sestufe im \u201eAuto\u201c-Modus der Klimaanlage anzeigen<\/li>\n \t<li>Geschwindigkeitsschwelle des Abbiegelichtes anpassen<\/li>\n \t<li>Gurtwarnung deaktivieren<\/li>\n \t<li>Komfortblinken deaktivieren<\/li>\n \t<li>Komfort\u00f6ffnung Panoramadach \u00e4ndern (Kippstellung\/ganz auf)<\/li>\n \t<li>Laptimer\/Rundenz\u00e4hler aktivieren<\/li>\n \t<li>Lichthupe bei ausgeschalteter Z\u00fcndung<\/li>\n \t<li>Mikrofonempfindlichkeit anpassen (+\/- 10 dB)<\/li>\n \t<li>Nachheizzeit der Standheizung anpassen<\/li>\n \t<li>Nachtankmenge im Kombiinstrument<\/li>\n \t<li>Nebelscheinwerfer zus\u00e4tzlich bei Fernlicht aktiv<\/li>\n \t<li>Offroadanzeige freischalten (Columbus\/Amundsen mit MIB2)<\/li>\n \t<li>\u00d6ltemperaturanzeige im Kombiinstrument aktivieren<\/li>\n \t<li>Parklicht deaktivieren<\/li>\n \t<li>Quittierungston\/Hornquittierung beim Verriegeln\/Entriegeln des Fahrzeugs<\/li>\n \t<li>R\u00fcckfahrkamera codieren (nach Nachr\u00fcstung)<\/li>\n \t<li>Scheinwerferreinigungsanlage anpassen (Verz\u00f6gerungszeit, Aktivierungsintervall)<\/li>\n \t<li>Speicherung der zuletzt gew\u00e4hlten Sitzheizungsstufe<\/li>\n \t<li>Spiegel erst nach Z\u00fcndung \u201eein\u201c ausklappen<\/li>\n \t<li>Spiegelanklappen (nach Nachr\u00fcstung)<\/li>\n \t<li>Spiegelanklappen anpassen (FFB kurz dr\u00fccken\/FFB lang dr\u00fccken zum Einklappen)<\/li>\n \t<li>Spurhalteassistent anpassen (Zeit auf 60 Sekunden erh\u00f6hen)<\/li>\n \t<li>Spurhalteassistent freischalten*<\/li>\n \t<li>Start-\/Bootlogo vom Radio anpassen<\/li>\n \t<li>Start\/Stopp-System deaktivieren<\/li>\n \t<li>Tagfahrlicht bei aktiver\/gezogener Handbremse ausschalten<\/li>\n \t<li>Tagfahrlicht bei aktiver\/gezogener Handbremse ausschalten<\/li>\n \t<li>Tagfahrlicht beim Blinken herunterdimmen aktivieren\/deaktivieren<\/li>\n \t<li>Tagfahrlicht im CAR-Men\u00fc ein-\/ausschaltbar<\/li>\n \t<li>Tagfahrlicht inkl. \u201eWimpern\u201c<\/li>\n \t<li>Tagfahrlicht mit aktiven R\u00fcckleuchten<\/li>\n \t<li>Tagfahrlicht nur in Lichtschalterstellung \u201eAuto\u201c<\/li>\n \t<li>Umfeldbeleuchtung freischalten (nach Nachr\u00fcstung)<\/li>\n \t<li>Verbrauchsanzeige im Kombiinstrument anpassen<\/li>\n \t<li>Verkehrszeichenerkennung freischalten*<\/li>\n \t<li>Video in Motion (VIM) freischalten<\/li>\n \t<li>Warnblinktaster dimmen<\/li>\n \t<li>Warnhinweis bei aktivem Nebelschlusslicht und \u00fcberscheiten der gespeicherten Geschwindigkeit<\/li>\n \t<li>Warnton \u201eZ\u00fcndung ein\u201c deaktivieren<\/li>\n \t<li>Warnton der elektrischen Heckklappe aktivieren\/deaktivieren<\/li>\n \t<li>Warnungsintensit\u00e4t des Spurhalteassistenten anpassen<\/li>\n \t<li>Zeigertest \/ Staging aktivieren<\/li>\n<\/ul><br><br>\n*Multifunktionskamera muss verbaut sein\n<br><br>\nSollte eine Codierung nicht aufgelistet sein oder Sie haben Fragen zu einer Codierung, dann schicken Sie mir gerne eine Nachricht \u00fcber das Kontaktformular.\n\n\n\n<span><br><br><br>\n<font size=\"-2\">Letzte \u00c4nderung 12.01.2022<\/font><\/span>\t\t\t\t\t\t\t\t<\/div>\n\t\t\t\t<\/div>\n\t\t\t\t\t<\/div>\n\t\t<\/div>\n\t\t\t\t\t<\/div>\n\t\t<\/section>\n\t\t\t\t<\/div>\n\t\t","protected":false},"excerpt":{"rendered":"<p>Beim Skoda Superb 3 (3V) gibt es u.a. folgende Codierm\u00f6glichkeiten: Abbiegelicht Abbiegelicht bei R\u00fcckw\u00e4rtsfahrt aktivieren\/deaktivieren Abdimmgeschwindigkeit des Abbiegelichtes \u00e4ndern Abschaltgeschwindigkeit der Einparkhilfe anpassen (nur bei Einparkhilfe vorne und hinten) Abstand zum Bordstein anpassen (Parklenkassistent) Air Care aktiviert lassen (nach Z\u00fcndungswechsel weiterhin aktiv) Aktivierungston der Einparkhilfe aktivieren\/deaktivieren AM-Band im Radio ausblenden Ambientebeleuchtung \u00e4ndern (Farben nach Wunsch)<\/p>\n<p><a href=\"https:\/\/www.cf-coding.de\/index.php\/fahrzeugauswahl\/skoda\/superb-3-3v\/\" class=\"more-link\">Weiterlesen<\/a><\/p>\n","protected":false},"author":5,"featured_media":0,"parent":126,"menu_order":0,"comment_status":"closed","ping_status":"closed","template":"","meta":{"_glsr_average":0,"_glsr_ranking":0,"_glsr_reviews":0,"footnotes":""},"class_list":["post-521","page","type-page","status-publish","hentry"],"_links":{"self":[{"href":"https:\/\/www.cf-coding.de\/index.php\/wp-json\/wp\/v2\/pages\/521","targetHints":{"allow":["GET"]}}],"collection":[{"href":"https:\/\/www.cf-coding.de\/index.php\/wp-json\/wp\/v2\/pages"}],"about":[{"href":"https:\/\/www.cf-coding.de\/index.php\/wp-json\/wp\/v2\/types\/page"}],"author":[{"embeddable":true,"href":"https:\/\/www.cf-coding.de\/index.php\/wp-json\/wp\/v2\/users\/5"}],"replies":[{"embeddable":true,"href":"https:\/\/www.cf-coding.de\/index.php\/wp-json\/wp\/v2\/comments?post=521"}],"version-history":[{"count":0,"href":"https:\/\/www.cf-coding.de\/index.php\/wp-json\/wp\/v2\/pages\/521\/revisions"}],"up":[{"embeddable":true,"href":"https:\/\/www.cf-coding.de\/index.php\/wp-json\/wp\/v2\/pages\/126"}],"wp:attachment":[{"href":"https:\/\/www.cf-coding.de\/index.php\/wp-json\/wp\/v2\/media?parent=521"}],"curies":[{"name":"wp","href":"https:\/\/api.w.org\/{rel}","templated":true}]}}