{"id":430,"date":"2018-09-29T18:24:15","date_gmt":"2018-09-29T16:24:15","guid":{"rendered":"http:\/\/www.cf-coding.de\/?page_id=430"},"modified":"2022-01-12T14:13:58","modified_gmt":"2022-01-12T12:13:58","slug":"leon-iii-5f","status":"publish","type":"page","link":"https:\/\/www.cf-coding.de\/index.php\/fahrzeugauswahl\/seat\/leon-iii-5f\/","title":{"rendered":"Leon III (5F)"},"content":{"rendered":"\t\t<div data-elementor-type=\"wp-post\" data-elementor-id=\"430\" class=\"elementor elementor-430\">\n\t\t\t\t\t\t<section class=\"elementor-section elementor-top-section elementor-element elementor-element-848af95 elementor-section-boxed elementor-section-height-default elementor-section-height-default\" data-id=\"848af95\" data-element_type=\"section\">\n\t\t\t\t\t\t<div class=\"elementor-container elementor-column-gap-default\">\n\t\t\t\t\t<div class=\"elementor-column elementor-col-100 elementor-top-column elementor-element elementor-element-d88704f\" data-id=\"d88704f\" data-element_type=\"column\">\n\t\t\t<div class=\"elementor-widget-wrap elementor-element-populated\">\n\t\t\t\t\t\t<div class=\"elementor-element elementor-element-37f3e51 elementor-widget elementor-widget-text-editor\" data-id=\"37f3e51\" data-element_type=\"widget\" data-widget_type=\"text-editor.default\">\n\t\t\t\t<div class=\"elementor-widget-container\">\n\t\t\t\t\t\t\t\t\tBeim Seat Leon III (5F) gibt es u.a. folgende Codierm\u00f6glichkeiten:\n<ul>\n \t<li>\u201eAuto-Hold\u201c anpassen<\/li>\n \t<li>Abbiegelicht bei R\u00fcckw\u00e4rtsfahrt aktivieren\/deaktivieren<\/li>\n \t<li>Abbiegelicht \u00fcber Nebelscheinwerfer<\/li>\n \t<li>Abdimmgeschwindigkeit des Abbiegelichtes \u00e4ndern<\/li>\n \t<li>Abschaltgeschwindigkeit der Einparkhilfe anpassen (nur bei Einparkhilfe vorne und hinten)<\/li>\n \t<li>Abstand zum Bordstein anpassen (Parklenkassistent)<\/li>\n \t<li>Air Care aktiviert lassen (nach Z\u00fcndungswechsel weiterhin aktiv)<\/li>\n \t<li>Aktivierungston der Einparkhilfe aktivieren\/deaktivieren<\/li>\n \t<li>Audioabsenkung der Einparkhilfe aktivieren\/deaktivieren<\/li>\n \t<li>Automatisches Verriegeln mit Komfortschl\u00fcssel (Kessy)<\/li>\n \t<li>Automatisches Wischen der Heckscheibe aktivieren (R\u00fcckfahrwischen)<\/li>\n \t<li>Beifahrerspiegelabsenkung beim R\u00fcckw\u00e4rtsfahren<\/li>\n \t<li>Berganfahrassistent anpassen<\/li>\n \t<li>Blinkzyklen des Komfortblinkers \u00e4ndern<\/li>\n \t<li>Coming-Home Einschaltereignis \u00e4ndern (Fahrert\u00fcre oder Z\u00fcndung)<\/li>\n \t<li>Coming-Home \u00fcber Nebelscheinwerfer<\/li>\n \t<li>Coming-Home von manueller Aktivierung auf \u201eautomatisch\u201c \u00e4ndern<\/li>\n \t<li>Dynamischen Anfahrassistenten anpassen<\/li>\n \t<li>Fensterheber auch nach T\u00fcr\u00f6ffnen weiter aktiv<\/li>\n \t<li>Fernlichtassistent aktiviert lassen (nach Z\u00fcndungswechsel weiterhin aktiv)<\/li>\n \t<li>Fernlichtassistent anpassen (z.B. Aktivierungsgeschwindigkeit)<\/li>\n \t<li>Fernlichtassistent freischalten<\/li>\n \t<li>Gebl\u00e4sestufe im \u201eAuto\u201c-Modus der Klimaanlage anzeigen<\/li>\n \t<li>Geschwindigkeitsschwelle des Abbiegelichtes (statisch) anpassen<\/li>\n \t<li>Gurtwarnung deaktivieren<\/li>\n \t<li>Heizdauer der Heckscheibenheizung anpassen<\/li>\n \t<li>Komfortblinken deaktivieren<\/li>\n \t<li>Komfort\u00f6ffnung Panoramadach \u00e4ndern (Kippstellung\/ganz auf)<\/li>\n \t<li>Laptimer\/Rundenz\u00e4hler aktivieren<\/li>\n \t<li>LED-Fu\u00dfraumbeleuchtung aktivieren (nach Nachr\u00fcstung)<\/li>\n \t<li>Lichthupe bei ausgeschalteter Z\u00fcndung<\/li>\n \t<li>Mikrofonempfindlichkeit anpassen (+\/- 10 dB)<\/li>\n \t<li>Nachheizzeit der Standheizung anpassen<\/li>\n \t<li>Nachtankmenge im Kombiinstrument<\/li>\n \t<li>\u00d6ltemperaturanzeige im Kombiinstrument aktivieren<\/li>\n \t<li>Quittierungston\/Hornquittierung beim Verriegeln\/Entriegeln des Fahrzeugs<\/li>\n \t<li>Regenschlie\u00dfen (nur bis MJ2014)<\/li>\n \t<li>R\u00fcckfahrkamera codieren (nach Nachr\u00fcstung)<\/li>\n \t<li>Soundgenerator Lautst\u00e4rke mindern oder ganz deaktivieren<\/li>\n \t<li>Speicherung der zuletzt gew\u00e4hlten Sitzheizungsstufe<\/li>\n \t<li>Spiegel erst nach Z\u00fcndung \u201eein\u201c ausklappen<\/li>\n \t<li>Spiegelanklappen (nach Nachr\u00fcstung)<\/li>\n \t<li>Spiegelanklappen anpassen (Funkfernbedienung kurz dr\u00fccken\/FFB lang dr\u00fccken zum Einklappen)<\/li>\n \t<li>Spurhalteassistent anpassen (Zeit auf 60 Sekunden erh\u00f6hen)<\/li>\n \t<li>Spurhalteassistent freischalten*<\/li>\n \t<li>Start\/Stopp-System deaktivieren<\/li>\n \t<li>Tagfahrlicht bei aktiver\/gezogener Handbremse ausschalten<\/li>\n \t<li>Tagfahrlicht beim Blinken herunterdimmen<\/li>\n \t<li>Tagfahrlicht im CAR-Men\u00fc ein-\/ausschaltbar<\/li>\n \t<li>Tagfahrlicht in Lichtschalterstellung \u201eStandlicht\u201c aktivieren\/deaktivieren<\/li>\n \t<li>Tagfahrlicht mit aktiven R\u00fcckleuchten<\/li>\n \t<li>Tagfahrlicht nur in Lichtschalterstellung \u201eAuto\u201c<\/li>\n \t<li>Tr\u00e4nenwischen aktivieren\/deaktivieren<\/li>\n \t<li>Umfeldbeleuchtung bei eingeklappten Spiegeln<\/li>\n \t<li>Umfeldbeleuchtung freischalten (nach Nachr\u00fcstung)<\/li>\n \t<li>Verbrauchsanzeige im Kombiinstrument anpassen<\/li>\n \t<li>Verkehrszeichenerkennung freischalten*<\/li>\n \t<li>Video in Motion (VIM) freischalten<\/li>\n \t<li>Warnhinweis bei aktivem Nebelschlusslicht und \u00fcberscheiten der gespeicherten Geschwindigkeit<\/li>\n \t<li>Warnhinweis beim Fahren mit aktivem Standlicht<\/li>\n \t<li>Warnton \u201eZ\u00fcndung ein\u201c deaktivieren<\/li>\n \t<li>Zeigertest \/ Staging aktivieren<\/li>\n<\/ul><br><br>\n*Multifunktionskamera muss verbaut sein\n<br><br>\nSollte eine Codierung nicht aufgelistet sein oder Sie haben Fragen zu einer Codierung, dann schicken Sie mir gerne eine Nachricht \u00fcber das Kontaktformular.\n\n\n\n<span><br><br><br>\n<font size=\"-2\">Letzte \u00c4nderung 12.01.2022<\/font><\/span>\t\t\t\t\t\t\t\t<\/div>\n\t\t\t\t<\/div>\n\t\t\t\t\t<\/div>\n\t\t<\/div>\n\t\t\t\t\t<\/div>\n\t\t<\/section>\n\t\t\t\t<\/div>\n\t\t","protected":false},"excerpt":{"rendered":"<p>Beim Seat Leon III (5F) gibt es u.a. folgende Codierm\u00f6glichkeiten: \u201eAuto-Hold\u201c anpassen Abbiegelicht bei R\u00fcckw\u00e4rtsfahrt aktivieren\/deaktivieren Abbiegelicht \u00fcber Nebelscheinwerfer Abdimmgeschwindigkeit des Abbiegelichtes \u00e4ndern Abschaltgeschwindigkeit der Einparkhilfe anpassen (nur bei Einparkhilfe vorne und hinten) Abstand zum Bordstein anpassen (Parklenkassistent) Air Care aktiviert lassen (nach Z\u00fcndungswechsel weiterhin aktiv) Aktivierungston der Einparkhilfe aktivieren\/deaktivieren Audioabsenkung der Einparkhilfe aktivieren\/deaktivieren Automatisches<\/p>\n<p><a href=\"https:\/\/www.cf-coding.de\/index.php\/fahrzeugauswahl\/seat\/leon-iii-5f\/\" class=\"more-link\">Weiterlesen<\/a><\/p>\n","protected":false},"author":5,"featured_media":0,"parent":125,"menu_order":0,"comment_status":"closed","ping_status":"closed","template":"","meta":{"_glsr_average":0,"_glsr_ranking":0,"_glsr_reviews":0,"footnotes":""},"class_list":["post-430","page","type-page","status-publish","hentry"],"_links":{"self":[{"href":"https:\/\/www.cf-coding.de\/index.php\/wp-json\/wp\/v2\/pages\/430","targetHints":{"allow":["GET"]}}],"collection":[{"href":"https:\/\/www.cf-coding.de\/index.php\/wp-json\/wp\/v2\/pages"}],"about":[{"href":"https:\/\/www.cf-coding.de\/index.php\/wp-json\/wp\/v2\/types\/page"}],"author":[{"embeddable":true,"href":"https:\/\/www.cf-coding.de\/index.php\/wp-json\/wp\/v2\/users\/5"}],"replies":[{"embeddable":true,"href":"https:\/\/www.cf-coding.de\/index.php\/wp-json\/wp\/v2\/comments?post=430"}],"version-history":[{"count":0,"href":"https:\/\/www.cf-coding.de\/index.php\/wp-json\/wp\/v2\/pages\/430\/revisions"}],"up":[{"embeddable":true,"href":"https:\/\/www.cf-coding.de\/index.php\/wp-json\/wp\/v2\/pages\/125"}],"wp:attachment":[{"href":"https:\/\/www.cf-coding.de\/index.php\/wp-json\/wp\/v2\/media?parent=430"}],"curies":[{"name":"wp","href":"https:\/\/api.w.org\/{rel}","templated":true}]}}