{"id":424,"date":"2018-09-27T13:29:03","date_gmt":"2018-09-27T11:29:03","guid":{"rendered":"http:\/\/www.cf-coding.de\/?page_id=424"},"modified":"2022-01-12T14:25:50","modified_gmt":"2022-01-12T12:25:50","slug":"passat-b7-3c","status":"publish","type":"page","link":"https:\/\/www.cf-coding.de\/index.php\/fahrzeugauswahl\/volkswagen\/passat-b7-3c\/","title":{"rendered":"Passat B7 (3C)"},"content":{"rendered":"\t\t<div data-elementor-type=\"wp-post\" data-elementor-id=\"424\" class=\"elementor elementor-424\">\n\t\t\t\t\t\t<section class=\"elementor-section elementor-top-section elementor-element elementor-element-5ee3b31 elementor-section-boxed elementor-section-height-default elementor-section-height-default\" data-id=\"5ee3b31\" data-element_type=\"section\">\n\t\t\t\t\t\t<div class=\"elementor-container elementor-column-gap-default\">\n\t\t\t\t\t<div class=\"elementor-column elementor-col-100 elementor-top-column elementor-element elementor-element-25ac6a2\" data-id=\"25ac6a2\" data-element_type=\"column\">\n\t\t\t<div class=\"elementor-widget-wrap elementor-element-populated\">\n\t\t\t\t\t\t<div class=\"elementor-element elementor-element-50dc094 elementor-widget elementor-widget-text-editor\" data-id=\"50dc094\" data-element_type=\"widget\" data-widget_type=\"text-editor.default\">\n\t\t\t\t<div class=\"elementor-widget-container\">\n\t\t\t\t\t\t\t\t\tBeim VW Passat B7 (3C) gibt es u.a. folgende Codierm\u00f6glichkeiten:\n<ul>\n \t<li>Abbiegelicht bei R\u00fcckw\u00e4rtsfahrt<\/li>\n \t<li>Abbiegelicht \u00fcber Nebelscheinwerfer<\/li>\n \t<li>Audioabsenkung der Einparkhilfe aktivieren\/deaktivieren<\/li>\n \t<li>Berganfahrassistent anpassen<\/li>\n \t<li>Blinkzyklen des Komfortblinkers \u00e4ndern<\/li>\n \t<li>Coming Home aktivieren (ohne verbauten Lichtsensor)<\/li>\n \t<li>Coming-\/Leaving Home \u00fcber Nebelscheinwerfer<\/li>\n \t<li>Coming-Home von manueller Aktivierung auf \u201eautomatisch\u201c \u00e4ndern<\/li>\n \t<li>Dauerfahrlicht\/Tagfahrlicht deaktivieren<\/li>\n \t<li>Fernlichtassistent freischalten<\/li>\n \t<li>Fu\u00dfraumbeleuchtung aktivieren (nach Nachr\u00fcstung)<\/li>\n \t<li>Fu\u00dfraumbeleuchtung w\u00e4hrend der Fahrt<\/li>\n \t<li>Gurtwarnung deaktivieren<\/li>\n \t<li>Lautst\u00e4rke der Einparkhilfe \u00e4ndern<\/li>\n \t<li>M\u00fcdigkeitserkennung<\/li>\n \t<li>Nachtankmenge im Kombiinstrument<\/li>\n \t<li>Notbremswarnblinken \u00fcber Blinker<\/li>\n \t<li>Quittierungston\/Hornquittierung beim Verriegeln\/Entriegeln des Fahrzeugs (nur mit DWA)<\/li>\n \t<li>Regenschlie\u00dfen<\/li>\n \t<li>R\u00fcckfahrkamera codieren (nach Nachr\u00fcstung)<\/li>\n \t<li>Speicherung der zuletzt gew\u00e4hlten Sitzheizungsstufe<\/li>\n \t<li>Spiegelanklappen (nach Nachr\u00fcstung)<\/li>\n \t<li>Spiegelanklappen per Funkfernbedienung<\/li>\n \t<li>Spurhalteassistent freischalten<\/li>\n \t<li>Start\/Stopp-System deaktivieren<\/li>\n \t<li>Tagfahrlicht bei aktiver\/gezogener Handbremse ausschalten<\/li>\n \t<li>Tagfahrlicht beim Blinken herunterdimmen<\/li>\n \t<li>Tagfahrlicht nur in Lichtschalterstellung \u201eAuto\u201c<\/li>\n \t<li>Tagfahrlicht \u00fcber MFA ein-\/ausschaltbar<\/li>\n \t<li>Tonart (Frequenz) der Einparkhilfe \u00e4ndern<\/li>\n \t<li>Tr\u00e4nenwischen aktivieren\/deaktivieren<\/li>\n \t<li>Verkehrszeichenerkennung freischalten<\/li>\n \t<li>Zeigertest \/ Staging aktivieren<\/li>\n<\/ul><\n<br><br>\nSollte eine Codierung nicht aufgelistet sein oder Sie haben Fragen zu einer Codierung, dann schicken Sie mir gerne eine Nachricht \u00fcber das Kontaktformular.\n\n\n\n<span><br><br><br>\n<font size=\"-2\">Letzte \u00c4nderung 12.01.2022<\/font><\/span>\t\t\t\t\t\t\t\t<\/div>\n\t\t\t\t<\/div>\n\t\t\t\t\t<\/div>\n\t\t<\/div>\n\t\t\t\t\t<\/div>\n\t\t<\/section>\n\t\t\t\t<\/div>\n\t\t","protected":false},"excerpt":{"rendered":"<p>Beim VW Passat B7 (3C) gibt es u.a. folgende Codierm\u00f6glichkeiten: Abbiegelicht bei R\u00fcckw\u00e4rtsfahrt Abbiegelicht \u00fcber Nebelscheinwerfer Audioabsenkung der Einparkhilfe aktivieren\/deaktivieren Berganfahrassistent anpassen Blinkzyklen des Komfortblinkers \u00e4ndern Coming Home aktivieren (ohne verbauten Lichtsensor) Coming-\/Leaving Home \u00fcber Nebelscheinwerfer Coming-Home von manueller Aktivierung auf \u201eautomatisch\u201c \u00e4ndern Dauerfahrlicht\/Tagfahrlicht deaktivieren Fernlichtassistent freischalten Fu\u00dfraumbeleuchtung aktivieren (nach Nachr\u00fcstung) Fu\u00dfraumbeleuchtung w\u00e4hrend der Fahrt<\/p>\n<p><a href=\"https:\/\/www.cf-coding.de\/index.php\/fahrzeugauswahl\/volkswagen\/passat-b7-3c\/\" class=\"more-link\">Weiterlesen<\/a><\/p>\n","protected":false},"author":5,"featured_media":0,"parent":128,"menu_order":0,"comment_status":"closed","ping_status":"closed","template":"","meta":{"_glsr_average":0,"_glsr_ranking":0,"_glsr_reviews":0,"footnotes":""},"class_list":["post-424","page","type-page","status-publish","hentry"],"_links":{"self":[{"href":"https:\/\/www.cf-coding.de\/index.php\/wp-json\/wp\/v2\/pages\/424","targetHints":{"allow":["GET"]}}],"collection":[{"href":"https:\/\/www.cf-coding.de\/index.php\/wp-json\/wp\/v2\/pages"}],"about":[{"href":"https:\/\/www.cf-coding.de\/index.php\/wp-json\/wp\/v2\/types\/page"}],"author":[{"embeddable":true,"href":"https:\/\/www.cf-coding.de\/index.php\/wp-json\/wp\/v2\/users\/5"}],"replies":[{"embeddable":true,"href":"https:\/\/www.cf-coding.de\/index.php\/wp-json\/wp\/v2\/comments?post=424"}],"version-history":[{"count":0,"href":"https:\/\/www.cf-coding.de\/index.php\/wp-json\/wp\/v2\/pages\/424\/revisions"}],"up":[{"embeddable":true,"href":"https:\/\/www.cf-coding.de\/index.php\/wp-json\/wp\/v2\/pages\/128"}],"wp:attachment":[{"href":"https:\/\/www.cf-coding.de\/index.php\/wp-json\/wp\/v2\/media?parent=424"}],"curies":[{"name":"wp","href":"https:\/\/api.w.org\/{rel}","templated":true}]}}