{"id":344,"date":"2018-09-06T19:44:16","date_gmt":"2018-09-06T17:44:16","guid":{"rendered":"http:\/\/www.cf-coding.de\/?page_id=344"},"modified":"2019-10-04T22:39:13","modified_gmt":"2019-10-04T20:39:13","slug":"golf-5-1k","status":"publish","type":"page","link":"https:\/\/www.cf-coding.de\/index.php\/fahrzeugauswahl\/volkswagen\/golf-5-1k\/","title":{"rendered":"Golf 5 (1K)"},"content":{"rendered":"\t\t<div data-elementor-type=\"wp-post\" data-elementor-id=\"344\" class=\"elementor elementor-344\">\n\t\t\t\t\t\t<section class=\"elementor-section elementor-top-section elementor-element elementor-element-7ebbbdc elementor-section-boxed elementor-section-height-default elementor-section-height-default\" data-id=\"7ebbbdc\" data-element_type=\"section\">\n\t\t\t\t\t\t<div class=\"elementor-container elementor-column-gap-default\">\n\t\t\t\t\t<div class=\"elementor-column elementor-col-100 elementor-top-column elementor-element elementor-element-7320339\" data-id=\"7320339\" data-element_type=\"column\">\n\t\t\t<div class=\"elementor-widget-wrap elementor-element-populated\">\n\t\t\t\t\t\t<div class=\"elementor-element elementor-element-d1390ee elementor-widget elementor-widget-text-editor\" data-id=\"d1390ee\" data-element_type=\"widget\" data-widget_type=\"text-editor.default\">\n\t\t\t\t<div class=\"elementor-widget-container\">\n\t\t\t\t\t\t\t\t\tBeim VW Golf 5 gibt es u.a. folgende Codierm\u00f6glichkeiten:\n<ul>\n \t<li>Abbiegelicht \u00fcber Nebelscheinwerfer<\/li>\n \t<li>Automatisches Verriegeln\/Entriegeln aktivieren<\/li>\n \t<li>Blinkzyklen des Komfortblinkers \u00e4ndern<\/li>\n \t<li>Coming-\/Leaving-Home Zeit anpassen<\/li>\n \t<li>Deaktivierung der Plateaufunktion der Wassertemperaturanzeige im Kombiinstrument (Anzeige der realen Wassertemperatur)<\/li>\n \t<li>Fu\u00dfraumbeleuchtung aktivieren (nach Nachr\u00fcstung)<\/li>\n \t<li>Fu\u00dfraumbeleuchtung w\u00e4hrend der Fahrt (nur nach Austausch des Bordnetzsteuerger\u00e4tes m\u00f6glich)<\/li>\n \t<li>Gurtwarnung deaktivieren<\/li>\n \t<li>Heckscheibenwischen bei Einlegen des R\u00fcckw\u00e4rtsganges aktivieren\/deaktivieren<\/li>\n \t<li>Komfortbedienung (automatisches Schlie\u00dfen) aktivieren<\/li>\n \t<li>Notbremswarnblinken aktivieren<\/li>\n \t<li>Quittierungston\/Hornquittierung beim Verriegeln\/Entriegeln des Fahrzeugs (nur mit DWA)<\/li>\n \t<li>Regenschlie\u00dfen<\/li>\n \t<li>R\u00fcckfahrkamera codieren (nach Nachr\u00fcstung)<\/li>\n \t<li>Spiegelanklappen (nach Nachr\u00fcstung)<\/li>\n \t<li>Spiegelanklappen per Funkfernbedienung <a href=\"https:\/\/www.youtube.com\/watch?v=pgIq-MbmIbY\">(Video)<\/a><\/li>\n \t<li>Tagfahrlicht \u00fcber NSW<\/li>\n \t<li>Tagfahrlicht\/Dauerfahrlicht aktivieren<\/li>\n \t<li>Tr\u00e4nenwischen aktivieren\/deaktivieren<\/li>\n \t<li>T\u00fcrwarnleuchten aktivieren (nach Nachr\u00fcstung)<\/li>\n \t<li>Umfeldbeleuchtung freischalten (nach Nachr\u00fcstung)<\/li>\n \t<li>Vollkreisbremslicht aktivieren<\/li>\n<\/ul>\n&nbsp;\n<br><br>\nSollte eine Codierung nicht aufgelistet sein oder Sie haben Fragen zu einer Codierung, dann schicken Sie mir einfach eine Nachricht \u00fcber das Kontaktformular.\n\n\n\n<span><br><br><br>\n<font size=\"-2\">Letzte \u00c4nderung 04.10.2019<\/font><\/span>\n\t\t\t\t\t\t\t\t<\/div>\n\t\t\t\t<\/div>\n\t\t\t\t\t<\/div>\n\t\t<\/div>\n\t\t\t\t\t<\/div>\n\t\t<\/section>\n\t\t\t\t<\/div>\n\t\t","protected":false},"excerpt":{"rendered":"<p>Beim VW Golf 5 gibt es u.a. folgende Codierm\u00f6glichkeiten: Abbiegelicht \u00fcber Nebelscheinwerfer Automatisches Verriegeln\/Entriegeln aktivieren Blinkzyklen des Komfortblinkers \u00e4ndern Coming-\/Leaving-Home Zeit anpassen Deaktivierung der Plateaufunktion der Wassertemperaturanzeige im Kombiinstrument (Anzeige der realen Wassertemperatur) Fu\u00dfraumbeleuchtung aktivieren (nach Nachr\u00fcstung) Fu\u00dfraumbeleuchtung w\u00e4hrend der Fahrt (nur nach Austausch des Bordnetzsteuerger\u00e4tes m\u00f6glich) Gurtwarnung deaktivieren Heckscheibenwischen bei Einlegen des R\u00fcckw\u00e4rtsganges aktivieren\/deaktivieren<\/p>\n<p><a href=\"https:\/\/www.cf-coding.de\/index.php\/fahrzeugauswahl\/volkswagen\/golf-5-1k\/\" class=\"more-link\">Weiterlesen<\/a><\/p>\n","protected":false},"author":5,"featured_media":0,"parent":128,"menu_order":0,"comment_status":"closed","ping_status":"closed","template":"","meta":{"_glsr_average":0,"_glsr_ranking":0,"_glsr_reviews":0,"footnotes":""},"class_list":["post-344","page","type-page","status-publish","hentry"],"_links":{"self":[{"href":"https:\/\/www.cf-coding.de\/index.php\/wp-json\/wp\/v2\/pages\/344","targetHints":{"allow":["GET"]}}],"collection":[{"href":"https:\/\/www.cf-coding.de\/index.php\/wp-json\/wp\/v2\/pages"}],"about":[{"href":"https:\/\/www.cf-coding.de\/index.php\/wp-json\/wp\/v2\/types\/page"}],"author":[{"embeddable":true,"href":"https:\/\/www.cf-coding.de\/index.php\/wp-json\/wp\/v2\/users\/5"}],"replies":[{"embeddable":true,"href":"https:\/\/www.cf-coding.de\/index.php\/wp-json\/wp\/v2\/comments?post=344"}],"version-history":[{"count":0,"href":"https:\/\/www.cf-coding.de\/index.php\/wp-json\/wp\/v2\/pages\/344\/revisions"}],"up":[{"embeddable":true,"href":"https:\/\/www.cf-coding.de\/index.php\/wp-json\/wp\/v2\/pages\/128"}],"wp:attachment":[{"href":"https:\/\/www.cf-coding.de\/index.php\/wp-json\/wp\/v2\/media?parent=344"}],"curies":[{"name":"wp","href":"https:\/\/api.w.org\/{rel}","templated":true}]}}