{"id":27,"date":"2018-08-12T07:56:18","date_gmt":"2018-08-12T07:56:18","guid":{"rendered":"http:\/\/www.cf-coding.de\/index.php\/portfolio\/"},"modified":"2022-12-14T16:14:13","modified_gmt":"2022-12-14T14:14:13","slug":"codierungen","status":"publish","type":"page","link":"https:\/\/www.cf-coding.de\/index.php\/codierungen\/","title":{"rendered":"Codierungen"},"content":{"rendered":"\t\t<div data-elementor-type=\"wp-post\" data-elementor-id=\"27\" class=\"elementor elementor-27\">\n\t\t\t\t\t\t<section class=\"elementor-section elementor-top-section elementor-element elementor-element-b72bb64 elementor-section-boxed elementor-section-height-default elementor-section-height-default\" data-id=\"b72bb64\" data-element_type=\"section\">\n\t\t\t\t\t\t<div class=\"elementor-container elementor-column-gap-default\">\n\t\t\t\t\t<div class=\"elementor-column elementor-col-100 elementor-top-column elementor-element elementor-element-cf51e6b\" data-id=\"cf51e6b\" data-element_type=\"column\">\n\t\t\t<div class=\"elementor-widget-wrap elementor-element-populated\">\n\t\t\t\t\t\t<div class=\"elementor-element elementor-element-3391b05 elementor-widget elementor-widget-text-editor\" data-id=\"3391b05\" data-element_type=\"widget\" data-widget_type=\"text-editor.default\">\n\t\t\t\t<div class=\"elementor-widget-container\">\n\t\t\t\t\t\t\t\t\t<p style=\"text-align: center;\"> <font size=\"+2\"><strong> \u201eFahrzeugcodierung ist Vertrauenssache\u201c<\/font><\/strong><\/p><br><br>\nBereits seit 2013 befasse ich mich mit diesem Thema und habe daher einen weitreichenden Erfahrungsschatz, von dem Sie profitieren k\u00f6nnen. Da sich mein Service ausschlie\u00dflich auf Fahrzeuge des VAG-Konzerns konzentriert (Audi, Seat, Skoda, VW), finden Sie in mir einen kompetenten Ansprechpartner f\u00fcr Ihr Fahrzeug.\n<br><br>\nSelbstverst\u00e4ndlich wird vor jeder Codierung der Originalstand der Steuerger\u00e4te erfasst und gespeichert, \u00c4nderungen werden nachvollziehbar mitgeschrieben.\n<br><br>\nBitte beachten Sie, dass nicht jede Codierung an Ihrem Fahrzeug funktionieren muss. Dies ist von der verbauten Hardware und teils von den Softwarest\u00e4nden der Steuerger\u00e4te abh\u00e4ngig. Eine eindeutige Aussage dazu kann daher im Vorfeld nicht immer getroffen werden.\n\t\t\t\t\t\t\t\t<\/div>\n\t\t\t\t<\/div>\n\t\t\t\t\t<\/div>\n\t\t<\/div>\n\t\t\t\t\t<\/div>\n\t\t<\/section>\n\t\t\t\t<section class=\"elementor-section elementor-top-section elementor-element elementor-element-0b78b3e elementor-section-boxed elementor-section-height-default elementor-section-height-default\" data-id=\"0b78b3e\" data-element_type=\"section\">\n\t\t\t\t\t\t<div class=\"elementor-container elementor-column-gap-default\">\n\t\t\t\t\t<div class=\"elementor-column elementor-col-100 elementor-top-column elementor-element elementor-element-2cb5232\" data-id=\"2cb5232\" data-element_type=\"column\">\n\t\t\t<div class=\"elementor-widget-wrap elementor-element-populated\">\n\t\t\t\t\t\t<div class=\"elementor-element elementor-element-4b4643a elementor-widget elementor-widget-text-editor\" data-id=\"4b4643a\" data-element_type=\"widget\" data-widget_type=\"text-editor.default\">\n\t\t\t\t<div class=\"elementor-widget-container\">\n\t\t\t\t\t\t\t\t\t<p>\u00a0<\/p><p style=\"text-align: center;\"><a href=\"https:\/\/www.cf-coding.de\/index.php\/fahrzeugauswahl\/\"><strong>&#8212;&gt; Zur Fahrzeugauswahl &lt;&#8212;<\/strong><\/a><\/p>\t\t\t\t\t\t\t\t<\/div>\n\t\t\t\t<\/div>\n\t\t\t\t\t<\/div>\n\t\t<\/div>\n\t\t\t\t\t<\/div>\n\t\t<\/section>\n\t\t\t\t<\/div>\n\t\t","protected":false},"excerpt":{"rendered":"<p>\u201eFahrzeugcodierung ist Vertrauenssache\u201c Bereits seit 2013 befasse ich mich mit diesem Thema und habe daher einen weitreichenden Erfahrungsschatz, von dem Sie profitieren k\u00f6nnen. Da sich mein Service ausschlie\u00dflich auf Fahrzeuge des VAG-Konzerns konzentriert (Audi, Seat, Skoda, VW), finden Sie in mir einen kompetenten Ansprechpartner f\u00fcr Ihr Fahrzeug. Selbstverst\u00e4ndlich wird vor jeder Codierung der Originalstand der<\/p>\n<p><a href=\"https:\/\/www.cf-coding.de\/index.php\/codierungen\/\" class=\"more-link\">Weiterlesen<\/a><\/p>\n","protected":false},"author":5,"featured_media":0,"parent":0,"menu_order":0,"comment_status":"closed","ping_status":"closed","template":"template\/template-page-full-width.php","meta":{"_glsr_average":0,"_glsr_ranking":0,"_glsr_reviews":0,"footnotes":""},"class_list":["post-27","page","type-page","status-publish","hentry"],"_links":{"self":[{"href":"https:\/\/www.cf-coding.de\/index.php\/wp-json\/wp\/v2\/pages\/27","targetHints":{"allow":["GET"]}}],"collection":[{"href":"https:\/\/www.cf-coding.de\/index.php\/wp-json\/wp\/v2\/pages"}],"about":[{"href":"https:\/\/www.cf-coding.de\/index.php\/wp-json\/wp\/v2\/types\/page"}],"author":[{"embeddable":true,"href":"https:\/\/www.cf-coding.de\/index.php\/wp-json\/wp\/v2\/users\/5"}],"replies":[{"embeddable":true,"href":"https:\/\/www.cf-coding.de\/index.php\/wp-json\/wp\/v2\/comments?post=27"}],"version-history":[{"count":0,"href":"https:\/\/www.cf-coding.de\/index.php\/wp-json\/wp\/v2\/pages\/27\/revisions"}],"wp:attachment":[{"href":"https:\/\/www.cf-coding.de\/index.php\/wp-json\/wp\/v2\/media?parent=27"}],"curies":[{"name":"wp","href":"https:\/\/api.w.org\/{rel}","templated":true}]}}