{"id":1916,"date":"2023-11-08T18:25:58","date_gmt":"2023-11-08T16:25:58","guid":{"rendered":"https:\/\/www.cf-coding.de\/?page_id=1916"},"modified":"2025-12-07T15:29:00","modified_gmt":"2025-12-07T14:29:00","slug":"a7-4k","status":"publish","type":"page","link":"https:\/\/www.cf-coding.de\/index.php\/fahrzeugauswahl\/audi\/a7-4k\/","title":{"rendered":"A7 (4K)"},"content":{"rendered":"\t\t<div data-elementor-type=\"wp-page\" data-elementor-id=\"1916\" class=\"elementor elementor-1916\">\n\t\t\t\t\t\t<section class=\"elementor-section elementor-top-section elementor-element elementor-element-5e8894c elementor-section-boxed elementor-section-height-default elementor-section-height-default\" data-id=\"5e8894c\" data-element_type=\"section\">\n\t\t\t\t\t\t<div class=\"elementor-container elementor-column-gap-default\">\n\t\t\t\t\t<div class=\"elementor-column elementor-col-100 elementor-top-column elementor-element elementor-element-8474937\" data-id=\"8474937\" data-element_type=\"column\">\n\t\t\t<div class=\"elementor-widget-wrap elementor-element-populated\">\n\t\t\t\t\t\t<div class=\"elementor-element elementor-element-ae9a3b7 elementor-widget elementor-widget-text-editor\" data-id=\"ae9a3b7\" data-element_type=\"widget\" data-widget_type=\"text-editor.default\">\n\t\t\t\t<div class=\"elementor-widget-container\">\n\t\t\t\t\t\t\t\t\tBeim Audi A7 (4K) gibt es u.a. folgende Codierm\u00f6glichkeiten:\n<ul>\n \t<li>\u201eAuto-Hold\u201c anpassen (L\u00f6seschwelle: fr\u00fch, normal, sp\u00e4t; Gurterkennung)<\/li>\n \t<li>\u201eAuto-Lock\u201c (Automatisches Ver-\/Entriegeln) \u00fcber MMI konfigurierbar<\/li>\n \t<li>\u201eAuto-Lock\u201c aktivieren\/deaktivieren (Automatisches Ver-\/entriegeln des Fahrzeugs ab 15km\/h)<\/li>\n \t<li>5 GHz W-LAN aktivieren<\/li>\n \t<li>Abbiegelicht \u00fcber Allwetterleuchten<\/li>\n \t<li>Abschaltgeschwindigkeit der Einparkhilfe anpassen<\/li>\n \t<li>Abschaltgeschwindigkeit der R\u00fcckfahrkamera anpassen<\/li>\n \t<li>ACC-Fahrprofilauswahl im MMI aktivieren (comfort, standard, dynamic)<\/li>\n \t<li>Alle Leseleuchten bei T\u00fcr\u00f6ffnung einschalten<\/li>\n \t<li>Auto verriegeln trotz laufendem Motor<\/li>\n \t<li>Automatische Aktivierung der Einparkhilfe aktivieren\/deaktivieren<\/li>\n \t<li>Automatische Parkbremse aktivieren\/deaktivieren<\/li>\n \t<li>Automatisches \u00f6ffnen des Wagens bei Ann\u00e4herung<\/li>\n \t<li>Automatisches Wischen der Heckscheibe aktivieren\/deaktivieren<\/li>\n \t<li>B&amp;O Lautsprecherbeleuchtung deaktivieren<\/li>\n \t<li>Bet\u00e4tigungszeit f\u00fcr das \u00d6ffnen der Heckklappe \u00fcber die Funkfernbedienung anpassen<\/li>\n \t<li>Blinkzyklen beim Entriegeln anpassen (Anzahl)<\/li>\n \t<li>Blinkzyklen beim Verriegeln anpassen (Anzahl)<\/li>\n \t<li>Blinkzyklen des Komfortblinkers anpassen<\/li>\n \t<li>Coming-Home Einschaltereignis \u00e4ndern (Fahrert\u00fcre oder Z\u00fcndung)<\/li>\n \t<li>Dachrollo beim Komfort\u00f6ffnen\/-schlie\u00dfen aktivieren\/deaktivieren<\/li>\n \t<li>Dualansicht f\u00fcr Umgebungskamera aktivieren<\/li>\n \t<li>DVD-\/Videofreischaltung w\u00e4hrend der Fahrt (VIM)<\/li>\n \t<li>Einschaltzustand Spurhalteassistent \u00e4ndern (aktiviert\/deaktiviert\/letzte Einstellung)<\/li>\n \t<li>Einstiegshilfe Fahrersitz (Easy Entry) aktivieren<\/li>\n \t<li>Elektrische Parkbremse automatisch aktivieren<\/li>\n \t<li>Erweiterte Skaleneinteilung der Geschwindigkeitsanzeige freischalten<\/li>\n \t<li>Favoritentaste am Multifunktionslenkrad Plus und im MMI Freischalten (nach Nachr\u00fcstung)<\/li>\n \t<li>Fernlichtassistent freischalten<\/li>\n \t<li>Funktion der Mode-Taste am Klimabedienteil \u00e4ndern (A\/C max oder A\/C eco)<\/li>\n \t<li>Ger\u00e4uschverst\u00e4rker \/ Soundgenerator Lautst\u00e4rke mindern oder ganz deaktivieren<\/li>\n \t<li>Gurtwarnung deaktivieren<\/li>\n \t<li>Kartendarstellung im FIS (bei kleinem MMI)<\/li>\n \t<li>Komfort\u00f6ffnung Panoramadach \u00e4ndern (Kippstellung\/ganz auf)<\/li>\n \t<li>Laptimer\/Rundenz\u00e4hler und \u00d6ltemperatur aktivieren<\/li>\n \t<li>Lautsprecherbeleuchtung deaktivieren (bei Bang &amp; Olufsen Soundsystem)<\/li>\n \t<li>Men\u00fc &#8222;Sitzklimabalance&#8220; freischalten (Sitzbel\u00fcftungs\/-heizungsverteilung einstellbar)<\/li>\n \t<li>Nachheizzeit der Standheizung anpassen<\/li>\n \t<li>Quittierungston\/Hornquittierung beim Verriegeln\/Entriegeln des Fahrzeugs (nur mit DWA)<\/li>\n \t<li>RS-Inszenierung der R\u00fcckleuchten freischalten (nur mit Matrix-LED-Scheinwerfer)<\/li>\n \t<li>S-\/RS Layout im Virtual Cockpit aktivieren<\/li>\n \t<li>Sensorgesteuertes \u00f6ffnen und schlie\u00dfen der Heckklappe deaktivieren<\/li>\n \t<li>Spiegelanklappen anpassen (Funkfernbedienung kurz dr\u00fccken\/FFB lang dr\u00fccken zum Einklappen)<\/li>\n \t<li>Spurhalteassistent Einschaltzustand anpassen (deaktiviert, aktiviert, letzte Einstellung)<\/li>\n \t<li>Spurhalteassistent freischalten<\/li>\n \t<li>Startbildschirm des Virtual Cockpit anpassen<\/li>\n \t<li>Tagfahrlicht im MMI ein-\/ausschaltbar<\/li>\n \t<li>Tagfahrlicht mit aktiven R\u00fcckleuchten<\/li>\n \t<li>Tastendruck der FFB f\u00fcr &#8222;\u00d6ffnen Heckklappe&#8220; anpassen (Verz\u00f6gerungszeit)<\/li>\n \t<li>Temperatur der Glatteiswarnung anpassen (Gl\u00e4ttewarnung)<\/li>\n \t<li>Verbrauchsanzeige im Kombiinstrument anpassen<\/li>\n \t<li>Verkehrszeichenerkennung freischalten<\/li>\n \t<li>Verz\u00f6gerungszeit f\u00fcr das Komfort\u00f6ffnen der Heckklappe \u00fcber die Funkfernbedienung anpassen<\/li>\n \t<li>Warnton \u201eZ\u00fcndung ist eingeschaltet\u201c deaktivieren<\/li>\n \t<li>Warnton der elektrischen Heckklappe deaktivieren<\/li>\n \t<li>Welcome-Sound \/ Heartbeat aktivieren<\/li>\n \t<li>Wireless CarPlay aktivieren (norm. CarPlay Voraussetzung)<\/li>\n \t<li>Zeigertest \/ Staging aktivieren<\/li>\n<\/ul><br><br><br>\nSollte eine Codierung nicht aufgelistet sein oder Sie haben Fragen zu einer Codierung, dann schicken Sie mir gerne eine Nachricht \u00fcber das Kontaktformular.\n\n\n\n<span><br><br><br>\n<font size=\"-2\">Letzte \u00c4nderung 07.12.2025<\/font><\/span>\n\t\t\t\t\t\t\t\t<\/div>\n\t\t\t\t<\/div>\n\t\t\t\t\t<\/div>\n\t\t<\/div>\n\t\t\t\t\t<\/div>\n\t\t<\/section>\n\t\t\t\t<\/div>\n\t\t","protected":false},"excerpt":{"rendered":"<p>Beim Audi A7 (4K) gibt es u.a. folgende Codierm\u00f6glichkeiten: \u201eAuto-Hold\u201c anpassen (L\u00f6seschwelle: fr\u00fch, normal, sp\u00e4t; Gurterkennung) \u201eAuto-Lock\u201c (Automatisches Ver-\/Entriegeln) \u00fcber MMI konfigurierbar \u201eAuto-Lock\u201c aktivieren\/deaktivieren (Automatisches Ver-\/entriegeln des Fahrzeugs ab 15km\/h) 5 GHz W-LAN aktivieren Abbiegelicht \u00fcber Allwetterleuchten Abschaltgeschwindigkeit der Einparkhilfe anpassen Abschaltgeschwindigkeit der R\u00fcckfahrkamera anpassen ACC-Fahrprofilauswahl im MMI aktivieren (comfort, standard, dynamic) Alle Leseleuchten bei<\/p>\n<p><a href=\"https:\/\/www.cf-coding.de\/index.php\/fahrzeugauswahl\/audi\/a7-4k\/\" class=\"more-link\">Weiterlesen<\/a><\/p>\n","protected":false},"author":5,"featured_media":0,"parent":120,"menu_order":0,"comment_status":"closed","ping_status":"closed","template":"","meta":{"_glsr_average":0,"_glsr_ranking":0,"_glsr_reviews":0,"footnotes":""},"class_list":["post-1916","page","type-page","status-publish","hentry"],"_links":{"self":[{"href":"https:\/\/www.cf-coding.de\/index.php\/wp-json\/wp\/v2\/pages\/1916","targetHints":{"allow":["GET"]}}],"collection":[{"href":"https:\/\/www.cf-coding.de\/index.php\/wp-json\/wp\/v2\/pages"}],"about":[{"href":"https:\/\/www.cf-coding.de\/index.php\/wp-json\/wp\/v2\/types\/page"}],"author":[{"embeddable":true,"href":"https:\/\/www.cf-coding.de\/index.php\/wp-json\/wp\/v2\/users\/5"}],"replies":[{"embeddable":true,"href":"https:\/\/www.cf-coding.de\/index.php\/wp-json\/wp\/v2\/comments?post=1916"}],"version-history":[{"count":7,"href":"https:\/\/www.cf-coding.de\/index.php\/wp-json\/wp\/v2\/pages\/1916\/revisions"}],"predecessor-version":[{"id":2388,"href":"https:\/\/www.cf-coding.de\/index.php\/wp-json\/wp\/v2\/pages\/1916\/revisions\/2388"}],"up":[{"embeddable":true,"href":"https:\/\/www.cf-coding.de\/index.php\/wp-json\/wp\/v2\/pages\/120"}],"wp:attachment":[{"href":"https:\/\/www.cf-coding.de\/index.php\/wp-json\/wp\/v2\/media?parent=1916"}],"curies":[{"name":"wp","href":"https:\/\/api.w.org\/{rel}","templated":true}]}}