{"id":1896,"date":"2023-11-02T15:09:14","date_gmt":"2023-11-02T13:09:14","guid":{"rendered":"https:\/\/www.cf-coding.de\/?page_id=1896"},"modified":"2023-11-05T15:08:19","modified_gmt":"2023-11-05T13:08:19","slug":"enyaq-iv","status":"publish","type":"page","link":"https:\/\/www.cf-coding.de\/index.php\/enyaq-iv\/","title":{"rendered":"Enyaq iV"},"content":{"rendered":"\t\t<div data-elementor-type=\"wp-page\" data-elementor-id=\"1896\" class=\"elementor elementor-1896\">\n\t\t\t\t\t\t<section class=\"elementor-section elementor-top-section elementor-element elementor-element-8d7da56 elementor-section-boxed elementor-section-height-default elementor-section-height-default\" data-id=\"8d7da56\" data-element_type=\"section\">\n\t\t\t\t\t\t<div class=\"elementor-container elementor-column-gap-default\">\n\t\t\t\t\t<div class=\"elementor-column elementor-col-100 elementor-top-column elementor-element elementor-element-65fc508\" data-id=\"65fc508\" data-element_type=\"column\">\n\t\t\t<div class=\"elementor-widget-wrap elementor-element-populated\">\n\t\t\t\t\t\t<div class=\"elementor-element elementor-element-e3b6435 elementor-widget elementor-widget-text-editor\" data-id=\"e3b6435\" data-element_type=\"widget\" data-widget_type=\"text-editor.default\">\n\t\t\t\t<div class=\"elementor-widget-container\">\n\t\t\t\t\t\t\t\t\tBeim Enyaq iV (CD) gibt es u.a. folgende Codierm\u00f6glichkeiten:\n<ul>\n \t<li>5-GHz-Wlan aktivieren<\/li>\n \t<li>Abschalten des Welcome-\/Exit-Bildschirms im Infotainment<\/li>\n \t<li>Anmeldedialog im Infotainment deaktivieren<\/li>\n \t<li>Anzeigedauer des Welcome-\/Exit-Bildschirms im Infotainment \u00e4ndern<\/li>\n \t<li>Autobahnlicht &#8211; Abschaltgeschwindigkeit anpassen<\/li>\n \t<li>Autobahnlicht &#8211; Einschaltgeschwindigkeit anpassen<\/li>\n \t<li>Blinkzyklen des Komfortblinkers \u00e4ndern<\/li>\n \t<li>Coming-Home Einschaltereignis \u00e4ndern (Fahrert\u00fcre oder Z\u00fcndung)<\/li>\n \t<li>Dachrollo beim Komfort\u00f6ffnen\/-schlie\u00dfen aktivieren\/deaktivieren<\/li>\n \t<li>Dachrollo schlie\u00dfen trotz ge\u00f6ffnetem Schiebedach aktivieren\/deaktivieren<\/li>\n \t<li>Dynamischen Anfahrassistenten (Auto-Hold) anpassen<\/li>\n \t<li>Easy Entry (Einstiegshilfe Fahrersitz)<\/li>\n \t<li>Fensterheber auch nach T\u00fcr\u00f6ffnen weiter aktiv\/bedienbar<\/li>\n \t<li>Fernlichtassistent aktiviert lassen (nach Z\u00fcndungswechsel weiterhin aktiv)<\/li>\n \t<li>Fernlichtassistent freischalten<\/li>\n \t<li>Gebl\u00e4sestufe im \u201eAuto\u201c-Modus der Klimaanlage anzeigen<\/li>\n \t<li>GRA (Geschwindigkeitsregelanlage) zus\u00e4tzlich zum ACC codieren<\/li>\n \t<li>Heckscheibenwischer &#8211; Automatisches wischen der Heckscheibe aktivieren\/deaktivieren<\/li>\n \t<li>Heckscheibenwischer &#8211; Intervallpausenzeiten Komfortwischen anpasssen<\/li>\n \t<li>Heckscheibenwischer &#8211; Komfortwischen aktivieren\/deaktivieren<\/li>\n \t<li>Heckscheibenwischer deaktivieren<\/li>\n \t<li>Intervallpausenzeit Komfortwischer der Heckscheibe anpassen<\/li>\n \t<li>Kennzeichenbeleuchtung dimmen<\/li>\n \t<li>Komfortblinken deaktivieren<\/li>\n \t<li>Lichthupe auch bei ausgeschalteter Z\u00fcndung nutzbar<\/li>\n \t<li>Men\u00fcpunkt Automatisches Ver-\/Entriegeln d. Zentralverriegelung im Infotainment freischalten<\/li>\n \t<li>Quittierungston\/Hornquittierung beim Verriegeln\/Entriegeln des Fahrzeugs<\/li>\n \t<li>Scheibenwischer &#8211; Wischgeschwindigkeit bei Dauerwischen anpassen<\/li>\n \t<li>Scheinwerferreinigungsanlage anpassen (Verz\u00f6gerungszeit, Aktivierungsintervall, Waschzeit\u2026)<\/li>\n \t<li>Schiebe-\/Panoramadach &#8211; Komfort\u00f6ffnen anpassen (ganz \u00f6ffnen, keine Kippstellung)<\/li>\n \t<li>Sitzheizung &#8211; R\u00fccknahmezeit der Sitzheizungsstufen anpassen<\/li>\n \t<li>Sitzheizung &#8211; Speicherung der zuletzt gew\u00e4hlten Sitzheizungsstufe<\/li>\n \t<li>Spurhalteassistent Einschaltzustand anpassen (Nach Z\u00fcndung letzte Einstellung, aus oder ein)<\/li>\n \t<li>Tagfahrlicht bei aktiver\/gezogener Handbremse ausschalten<\/li>\n \t<li>Tagfahrlicht im Infotainment ein-\/ausschaltbar<\/li>\n \t<li>Tagfahrlicht mit aktiven R\u00fcckleuchten<\/li>\n \t<li>Tagfahrlicht nur in Lichtschalterstellung \u201eAuto\u201c<\/li>\n \t<li>Temperaturstufen der Sitzheizung anpassen<\/li>\n \t<li>Tr\u00e4nenwischen aktivieren\/deaktivieren<\/li>\n \t<li>Umfeldbeleuchtung als Man\u00f6vrierlicht nutzen (AreaView Voraussetzung)<\/li>\n \t<li>Warnhinweis bei eingeschaltetem Nebelschlusslicht und \u00fcberscheiten von 60 km\/h<\/li>\n \t<li>Warnton der elektrischen Heckklappe aktivieren\/deaktivieren<\/li>\n<\/ul>\n\n<br><br>\nSollte eine Codierung nicht aufgelistet sein oder Sie haben Fragen zu einer Codierung, dann schicken Sie mir gerne eine Nachricht \u00fcber das Kontaktformular.\n\n\n<span><br><br><br>\n<font size=\"-2\">Letzte \u00c4nderung 05.11.2023<\/font><\/span>\t\t\t\t\t\t\t\t<\/div>\n\t\t\t\t<\/div>\n\t\t\t\t\t<\/div>\n\t\t<\/div>\n\t\t\t\t\t<\/div>\n\t\t<\/section>\n\t\t\t\t<\/div>\n\t\t","protected":false},"excerpt":{"rendered":"<p>Beim Enyaq iV (CD) gibt es u.a. folgende Codierm\u00f6glichkeiten: 5-GHz-Wlan aktivieren Abschalten des Welcome-\/Exit-Bildschirms im Infotainment Anmeldedialog im Infotainment deaktivieren Anzeigedauer des Welcome-\/Exit-Bildschirms im Infotainment \u00e4ndern Autobahnlicht &#8211; Abschaltgeschwindigkeit anpassen Autobahnlicht &#8211; Einschaltgeschwindigkeit anpassen Blinkzyklen des Komfortblinkers \u00e4ndern Coming-Home Einschaltereignis \u00e4ndern (Fahrert\u00fcre oder Z\u00fcndung) Dachrollo beim Komfort\u00f6ffnen\/-schlie\u00dfen aktivieren\/deaktivieren Dachrollo schlie\u00dfen trotz ge\u00f6ffnetem Schiebedach aktivieren\/deaktivieren Dynamischen<\/p>\n<p><a href=\"https:\/\/www.cf-coding.de\/index.php\/enyaq-iv\/\" class=\"more-link\">Weiterlesen<\/a><\/p>\n","protected":false},"author":5,"featured_media":0,"parent":0,"menu_order":0,"comment_status":"closed","ping_status":"closed","template":"","meta":{"_glsr_average":0,"_glsr_ranking":0,"_glsr_reviews":0,"footnotes":""},"class_list":["post-1896","page","type-page","status-publish","hentry"],"_links":{"self":[{"href":"https:\/\/www.cf-coding.de\/index.php\/wp-json\/wp\/v2\/pages\/1896","targetHints":{"allow":["GET"]}}],"collection":[{"href":"https:\/\/www.cf-coding.de\/index.php\/wp-json\/wp\/v2\/pages"}],"about":[{"href":"https:\/\/www.cf-coding.de\/index.php\/wp-json\/wp\/v2\/types\/page"}],"author":[{"embeddable":true,"href":"https:\/\/www.cf-coding.de\/index.php\/wp-json\/wp\/v2\/users\/5"}],"replies":[{"embeddable":true,"href":"https:\/\/www.cf-coding.de\/index.php\/wp-json\/wp\/v2\/comments?post=1896"}],"version-history":[{"count":10,"href":"https:\/\/www.cf-coding.de\/index.php\/wp-json\/wp\/v2\/pages\/1896\/revisions"}],"predecessor-version":[{"id":1912,"href":"https:\/\/www.cf-coding.de\/index.php\/wp-json\/wp\/v2\/pages\/1896\/revisions\/1912"}],"wp:attachment":[{"href":"https:\/\/www.cf-coding.de\/index.php\/wp-json\/wp\/v2\/media?parent=1896"}],"curies":[{"name":"wp","href":"https:\/\/api.w.org\/{rel}","templated":true}]}}