{"id":1809,"date":"2023-07-25T08:38:34","date_gmt":"2023-07-25T06:38:34","guid":{"rendered":"https:\/\/www.cf-coding.de\/?page_id=1809"},"modified":"2024-02-10T11:45:17","modified_gmt":"2024-02-10T09:45:17","slug":"b2000-fehler","status":"publish","type":"page","link":"https:\/\/www.cf-coding.de\/index.php\/diverses\/b2000-fehler\/","title":{"rendered":"B2000-Fehler"},"content":{"rendered":"\t\t<div data-elementor-type=\"wp-page\" data-elementor-id=\"1809\" class=\"elementor elementor-1809\">\n\t\t\t\t\t\t<section class=\"elementor-section elementor-top-section elementor-element elementor-element-1183ac7 elementor-section-boxed elementor-section-height-default elementor-section-height-default\" data-id=\"1183ac7\" data-element_type=\"section\" data-e-type=\"section\">\n\t\t\t\t\t\t<div class=\"elementor-container elementor-column-gap-default\">\n\t\t\t\t\t<div class=\"elementor-column elementor-col-100 elementor-top-column elementor-element elementor-element-89a2c7d\" data-id=\"89a2c7d\" data-element_type=\"column\" data-e-type=\"column\">\n\t\t\t<div class=\"elementor-widget-wrap elementor-element-populated\">\n\t\t\t\t\t\t<div class=\"elementor-element elementor-element-9d9a37c elementor-widget elementor-widget-heading\" data-id=\"9d9a37c\" data-element_type=\"widget\" data-e-type=\"widget\" data-widget_type=\"heading.default\">\n\t\t\t\t<div class=\"elementor-widget-container\">\n\t\t\t\t\t<h2 class=\"elementor-heading-title elementor-size-default\">Reparatur des B2000-Fehlers im Kombiinstrument<\/h2>\t\t\t\t<\/div>\n\t\t\t\t<\/div>\n\t\t\t\t\t<\/div>\n\t\t<\/div>\n\t\t\t\t\t<\/div>\n\t\t<\/section>\n\t\t\t\t<section class=\"elementor-section elementor-top-section elementor-element elementor-element-e4e23a1 elementor-section-boxed elementor-section-height-default elementor-section-height-default\" data-id=\"e4e23a1\" data-element_type=\"section\" data-e-type=\"section\">\n\t\t\t\t\t\t<div class=\"elementor-container elementor-column-gap-default\">\n\t\t\t\t\t<div class=\"elementor-column elementor-col-100 elementor-top-column elementor-element elementor-element-c22aefc\" data-id=\"c22aefc\" data-element_type=\"column\" data-e-type=\"column\">\n\t\t\t<div class=\"elementor-widget-wrap elementor-element-populated\">\n\t\t\t\t\t\t<div class=\"elementor-element elementor-element-5d5c488 elementor-widget elementor-widget-text-editor\" data-id=\"5d5c488\" data-element_type=\"widget\" data-e-type=\"widget\" data-widget_type=\"text-editor.default\">\n\t\t\t\t<div class=\"elementor-widget-container\">\n\t\t\t\t\t\t\t\t\t<p style=\"text-align: justify;\">Durch eine versuchte Tachomanipulation, einem Hardwaredefekt oder aus anderen Gr\u00fcnden kann es vorkommen, dass ein B2000-Fehler im Fehlerspeicher des Kombiinstrumentes gesetzt wird. Trotz dieses Fehlers funktioniert das Kombiinstrument weiterhin meist einwandfrei, jedoch besteht das Auto die n\u00e4chste HU bei einer Pr\u00fcforganisation nicht. Daher ist es leider mehr als ein &#8222;kosmetischer Mangel&#8220;. Die Reparatur dieses Fehlers ist mit normalen Diagnosemitteln nicht m\u00f6glich. Ein teurer Ersatz des Steuerger\u00e4tes w\u00e4re die einzige M\u00f6glichkeit, doch das muss nicht sein, denn eine Reparatur ist in vielen F\u00e4llen m\u00f6glich!<\/p>\n<p style=\"text-align: justify;\">Der Fehler \u00e4u\u00dfert sich z.B. durch folgende oder \u00e4hnlich lautende Fehlerspeichereintr\u00e4ge:<\/p>\n<p style=\"text-align: justify;\">10485833 &#8211; Steuerger\u00e4t defekt <br>&nbsp;&nbsp;&nbsp;&nbsp;&nbsp;&nbsp;&nbsp;&nbsp;&nbsp; B2000 49 [137] &#8211; Interner Elektronikfehler<br>&nbsp;&nbsp;&nbsp;&nbsp;&nbsp;&nbsp;&nbsp;&nbsp;&nbsp; [Steuerger\u00e4t defekt (SiWaLa)]<br>&nbsp;&nbsp;&nbsp;&nbsp;&nbsp;&nbsp;&nbsp;&nbsp;&nbsp; Warnleuchte EIN<\/p>\n<p style=\"text-align: justify;\">4186126 &#8211; Steuerger\u00e4t defekt <br>&nbsp;&nbsp;&nbsp;&nbsp;&nbsp;&nbsp;&nbsp;&nbsp;&nbsp; B2000 49 [009] &#8211; Interner Elektronikfehler<br>&nbsp;&nbsp;&nbsp;&nbsp;&nbsp;&nbsp;&nbsp;&nbsp;&nbsp; [Steuerger\u00e4t: elektrischer Fehler: defektECU: electrical defect: defect]&nbsp;&nbsp;&nbsp;&nbsp;&nbsp;&nbsp;<\/p>\n<p style=\"text-align: justify;\">10485825 &#8211; Steuerger\u00e4t defekt <br>&nbsp;&nbsp;&nbsp;&nbsp;&nbsp;&nbsp;&nbsp;&nbsp;&nbsp; B2000 41 [137] &#8211; Allgemeiner Checksummenfehler<br>&nbsp;&nbsp;&nbsp;&nbsp;&nbsp;&nbsp;&nbsp;&nbsp;&nbsp; [Steuerger\u00e4t defekt (EEPROM-Bereich Gesamtwegstrecke)]<br>&nbsp;&nbsp;&nbsp;&nbsp;&nbsp;&nbsp;&nbsp;&nbsp;&nbsp; Warnleuchte EIN<\/p>\n<p style=\"text-align: justify;\">10485826 &#8211; Steuerger\u00e4t defekt <br>&nbsp;&nbsp;&nbsp;&nbsp;&nbsp;&nbsp;&nbsp;&nbsp;&nbsp; B2000 41 [009] &#8211; Allgemeiner Checksummenfehler<br>&nbsp;&nbsp;&nbsp;&nbsp;&nbsp;&nbsp;&nbsp;&nbsp;&nbsp; [Steuerger\u00e4t defekt (CRC Check ROM)]<\/p>\n<p style=\"text-align: justify;\">\n<\/p><p style=\"text-align: justify;\">\n<\/p><p style=\"text-align: justify;\">\n<\/p><p>Falls Sie ein Steuerger\u00e4t mit diesem Problem haben, dann melden Sie sich gerne telefonisch oder \u00fcber das Kontaktformular.<\/p>\t\t\t\t\t\t\t\t<\/div>\n\t\t\t\t<\/div>\n\t\t\t\t\t<\/div>\n\t\t<\/div>\n\t\t\t\t\t<\/div>\n\t\t<\/section>\n\t\t\t\t<\/div>\n\t\t","protected":false},"excerpt":{"rendered":"<p>Reparatur des B2000-Fehlers im Kombiinstrument Durch eine versuchte Tachomanipulation, einem Hardwaredefekt oder aus anderen Gr\u00fcnden kann es vorkommen, dass ein B2000-Fehler im Fehlerspeicher des Kombiinstrumentes gesetzt wird. Trotz dieses Fehlers funktioniert das Kombiinstrument weiterhin meist einwandfrei, jedoch besteht das Auto die n\u00e4chste HU bei einer Pr\u00fcforganisation nicht. Daher ist es leider mehr als ein &#8222;kosmetischer<\/p>\n<p><a href=\"https:\/\/www.cf-coding.de\/index.php\/diverses\/b2000-fehler\/\" class=\"more-link\">Weiterlesen<\/a><\/p>\n","protected":false},"author":5,"featured_media":0,"parent":867,"menu_order":0,"comment_status":"closed","ping_status":"closed","template":"","meta":{"_glsr_average":0,"_glsr_ranking":0,"_glsr_reviews":0,"footnotes":""},"class_list":["post-1809","page","type-page","status-publish","hentry"],"_links":{"self":[{"href":"https:\/\/www.cf-coding.de\/index.php\/wp-json\/wp\/v2\/pages\/1809","targetHints":{"allow":["GET"]}}],"collection":[{"href":"https:\/\/www.cf-coding.de\/index.php\/wp-json\/wp\/v2\/pages"}],"about":[{"href":"https:\/\/www.cf-coding.de\/index.php\/wp-json\/wp\/v2\/types\/page"}],"author":[{"embeddable":true,"href":"https:\/\/www.cf-coding.de\/index.php\/wp-json\/wp\/v2\/users\/5"}],"replies":[{"embeddable":true,"href":"https:\/\/www.cf-coding.de\/index.php\/wp-json\/wp\/v2\/comments?post=1809"}],"version-history":[{"count":13,"href":"https:\/\/www.cf-coding.de\/index.php\/wp-json\/wp\/v2\/pages\/1809\/revisions"}],"predecessor-version":[{"id":2023,"href":"https:\/\/www.cf-coding.de\/index.php\/wp-json\/wp\/v2\/pages\/1809\/revisions\/2023"}],"up":[{"embeddable":true,"href":"https:\/\/www.cf-coding.de\/index.php\/wp-json\/wp\/v2\/pages\/867"}],"wp:attachment":[{"href":"https:\/\/www.cf-coding.de\/index.php\/wp-json\/wp\/v2\/media?parent=1809"}],"curies":[{"name":"wp","href":"https:\/\/api.w.org\/{rel}","templated":true}]}}