{"id":1512,"date":"2023-03-20T21:31:21","date_gmt":"2023-03-20T19:31:21","guid":{"rendered":"https:\/\/www.cf-coding.de\/?page_id=1512"},"modified":"2023-07-25T08:31:59","modified_gmt":"2023-07-25T06:31:59","slug":"blog","status":"publish","type":"page","link":"https:\/\/www.cf-coding.de\/index.php\/diverses\/blog\/","title":{"rendered":"Blog"},"content":{"rendered":"\n<p>Hier in meinem Blog m\u00f6chte ich einen kurzen Einblick in meine Arbeit geben.<\/p>\n\n\n\n<p>Die ersten Beitr\u00e4ge werden mit Fotos, welche ich urspr\u00fcnglich nur f\u00fcr mich gemacht habe, ver\u00f6ffentlicht. Sie werden daher eventuell nicht den Anspr\u00fcchen eines \u00f6ffentlichen Blogs gen\u00fcgen.<\/p>\n\n\n\n<div style=\"height:22px\" aria-hidden=\"true\" class=\"wp-block-spacer\"><\/div>\n\n\n\n<hr class=\"wp-block-separator has-alpha-channel-opacity\"\/>\n\n\n\n<div style=\"height:22px\" aria-hidden=\"true\" class=\"wp-block-spacer\"><\/div>\n\n\n<div class=\"pt-cv-wrapper\"><div class=\"pt-cv-view pt-cv-grid pt-cv-colsys\" id=\"pt-cv-view-31c7231wem\"><div data-id=\"pt-cv-page-1\" class=\"pt-cv-page\" data-cvc=\"1\"><div class=\"col-md-12 col-sm-6 col-xs-12 pt-cv-content-item pt-cv-1-col\" ><div class='pt-cv-ifield'><a href=\"https:\/\/www.cf-coding.de\/index.php\/2023\/07\/11\/mercedes-benz-w201-km-stand-angleichen\/\" class=\"_self pt-cv-href-thumbnail pt-cv-thumb-default\" target=\"_self\" ><\/a>\n<h4 class=\"pt-cv-title\"><a href=\"https:\/\/www.cf-coding.de\/index.php\/2023\/07\/11\/mercedes-benz-w201-km-stand-angleichen\/\" class=\"_self\" target=\"_self\" >Mercedes Benz W201 &#8211; KM-Stand angleichen<\/a><\/h4>\n<div class=\"pt-cv-content\">Mich hat ein Kunde angesprochen, ob ich auch an einem Mercedes W201 den KM-Stand korrigieren kann. Das aktuelle Kombiinstrument ist &#8230;<br \/><div class=\"pt-cv-rmwrap\"><a href=\"https:\/\/www.cf-coding.de\/index.php\/2023\/07\/11\/mercedes-benz-w201-km-stand-angleichen\/\" class=\"_self pt-cv-readmore btn btn-success\" target=\"_self\">Weiterlesen\u00a0\u2026<\/a><\/div><\/div><\/div><\/div>\n<div class=\"col-md-12 col-sm-6 col-xs-12 pt-cv-content-item pt-cv-1-col\" ><div class='pt-cv-ifield'><a href=\"https:\/\/www.cf-coding.de\/index.php\/2023\/03\/29\/q7-anhaengersteuergeraet-ein-selbstversuch\/\" class=\"_self pt-cv-href-thumbnail pt-cv-thumb-default\" target=\"_self\" ><\/a>\n<h4 class=\"pt-cv-title\"><a href=\"https:\/\/www.cf-coding.de\/index.php\/2023\/03\/29\/q7-anhaengersteuergeraet-ein-selbstversuch\/\" class=\"_self\" target=\"_self\" >Q7 Anh\u00e4ngersteuerger\u00e4t<\/a><\/h4>\n<div class=\"pt-cv-content\">Mich hat ein Q7 Anh\u00e4ngersteuerger\u00e4t erreicht, welches den Fehler 16347 &#8211; Steuerger\u00e4t &#8211; Fehler im EEPROM im Fehlerspeicher stehen hat &#8230;<br \/><div class=\"pt-cv-rmwrap\"><a href=\"https:\/\/www.cf-coding.de\/index.php\/2023\/03\/29\/q7-anhaengersteuergeraet-ein-selbstversuch\/\" class=\"_self pt-cv-readmore btn btn-success\" target=\"_self\">Weiterlesen\u00a0\u2026<\/a><\/div><\/div><\/div><\/div>\n<div class=\"col-md-12 col-sm-6 col-xs-12 pt-cv-content-item pt-cv-1-col\" ><div class='pt-cv-ifield'><a href=\"https:\/\/www.cf-coding.de\/index.php\/2023\/03\/23\/golf-5-r32-umbau-mfa-beleuchtung\/\" class=\"_self pt-cv-href-thumbnail pt-cv-thumb-default\" target=\"_self\" ><\/a>\n<h4 class=\"pt-cv-title\"><a href=\"https:\/\/www.cf-coding.de\/index.php\/2023\/03\/23\/golf-5-r32-umbau-mfa-beleuchtung\/\" class=\"_self\" target=\"_self\" >Golf 5 R32 &#8211; Umbau MFA Beleuchtung<\/a><\/h4>\n<div class=\"pt-cv-content\">Der Golf 5 R32 Tacho hat serienm\u00e4\u00dfig blaue Tachonadeln, wei\u00dfe Hintergrundbeleuchtung der Tachoscheiben und eine rotes MFA-Display. Kundenwunsch war hier, &#8230;<br \/><div class=\"pt-cv-rmwrap\"><a href=\"https:\/\/www.cf-coding.de\/index.php\/2023\/03\/23\/golf-5-r32-umbau-mfa-beleuchtung\/\" class=\"_self pt-cv-readmore btn btn-success\" target=\"_self\">Weiterlesen\u00a0\u2026<\/a><\/div><\/div><\/div><\/div>\n<div class=\"col-md-12 col-sm-6 col-xs-12 pt-cv-content-item pt-cv-1-col\" ><div class='pt-cv-ifield'><a href=\"https:\/\/www.cf-coding.de\/index.php\/2023\/03\/23\/austausch-des-fis-displays-am-audi-a6-4b\/\" class=\"_self pt-cv-href-thumbnail pt-cv-thumb-default\" target=\"_self\" ><\/a>\n<h4 class=\"pt-cv-title\"><a href=\"https:\/\/www.cf-coding.de\/index.php\/2023\/03\/23\/austausch-des-fis-displays-am-audi-a6-4b\/\" class=\"_self\" target=\"_self\" >Austausch des FIS-Displays am Audi A6  4B<\/a><\/h4>\n<div class=\"pt-cv-content\">Dieses Komiinstrument hatte einen h\u00e4ufig vorkommenden Fehler, d. h. horizontale Streifen im Display (Pixelfehler) und teilweise Kontrastverlust. Abhilfe schafft hier &#8230;<br \/><div class=\"pt-cv-rmwrap\"><a href=\"https:\/\/www.cf-coding.de\/index.php\/2023\/03\/23\/austausch-des-fis-displays-am-audi-a6-4b\/\" class=\"_self pt-cv-readmore btn btn-success\" target=\"_self\">Weiterlesen\u00a0\u2026<\/a><\/div><\/div><\/div><\/div><\/div><\/div><\/div>","protected":false},"excerpt":{"rendered":"<p>Hier in meinem Blog m\u00f6chte ich einen kurzen Einblick in meine Arbeit geben. Die ersten Beitr\u00e4ge werden mit Fotos, welche ich urspr\u00fcnglich nur f\u00fcr mich gemacht habe, ver\u00f6ffentlicht. Sie werden daher eventuell nicht den Anspr\u00fcchen eines \u00f6ffentlichen Blogs gen\u00fcgen.<\/p>\n","protected":false},"author":5,"featured_media":0,"parent":867,"menu_order":0,"comment_status":"closed","ping_status":"closed","template":"","meta":{"_glsr_average":0,"_glsr_ranking":0,"_glsr_reviews":0,"footnotes":""},"class_list":["post-1512","page","type-page","status-publish","hentry"],"_links":{"self":[{"href":"https:\/\/www.cf-coding.de\/index.php\/wp-json\/wp\/v2\/pages\/1512","targetHints":{"allow":["GET"]}}],"collection":[{"href":"https:\/\/www.cf-coding.de\/index.php\/wp-json\/wp\/v2\/pages"}],"about":[{"href":"https:\/\/www.cf-coding.de\/index.php\/wp-json\/wp\/v2\/types\/page"}],"author":[{"embeddable":true,"href":"https:\/\/www.cf-coding.de\/index.php\/wp-json\/wp\/v2\/users\/5"}],"replies":[{"embeddable":true,"href":"https:\/\/www.cf-coding.de\/index.php\/wp-json\/wp\/v2\/comments?post=1512"}],"version-history":[{"count":1,"href":"https:\/\/www.cf-coding.de\/index.php\/wp-json\/wp\/v2\/pages\/1512\/revisions"}],"predecessor-version":[{"id":1691,"href":"https:\/\/www.cf-coding.de\/index.php\/wp-json\/wp\/v2\/pages\/1512\/revisions\/1691"}],"up":[{"embeddable":true,"href":"https:\/\/www.cf-coding.de\/index.php\/wp-json\/wp\/v2\/pages\/867"}],"wp:attachment":[{"href":"https:\/\/www.cf-coding.de\/index.php\/wp-json\/wp\/v2\/media?parent=1512"}],"curies":[{"name":"wp","href":"https:\/\/api.w.org\/{rel}","templated":true}]}}