{"id":1483,"date":"2023-02-28T20:02:05","date_gmt":"2023-02-28T18:02:05","guid":{"rendered":"https:\/\/www.cf-coding.de\/?page_id=1483"},"modified":"2023-11-08T18:43:12","modified_gmt":"2023-11-08T16:43:12","slug":"alhambra-ii-71","status":"publish","type":"page","link":"https:\/\/www.cf-coding.de\/index.php\/fahrzeugauswahl\/seat\/alhambra-ii-71\/","title":{"rendered":"Alhambra II (71)"},"content":{"rendered":"\t\t<div data-elementor-type=\"wp-page\" data-elementor-id=\"1483\" class=\"elementor elementor-1483\">\n\t\t\t\t\t\t<section class=\"elementor-section elementor-top-section elementor-element elementor-element-f313f03 elementor-section-boxed elementor-section-height-default elementor-section-height-default\" data-id=\"f313f03\" data-element_type=\"section\">\n\t\t\t\t\t\t<div class=\"elementor-container elementor-column-gap-default\">\n\t\t\t\t\t<div class=\"elementor-column elementor-col-100 elementor-top-column elementor-element elementor-element-fe29db5\" data-id=\"fe29db5\" data-element_type=\"column\">\n\t\t\t<div class=\"elementor-widget-wrap elementor-element-populated\">\n\t\t\t\t\t\t<div class=\"elementor-element elementor-element-966620a elementor-widget elementor-widget-text-editor\" data-id=\"966620a\" data-element_type=\"widget\" data-widget_type=\"text-editor.default\">\n\t\t\t\t<div class=\"elementor-widget-container\">\n\t\t\t\t\t\t\t\t\tBeim Seat Alhambra II (71) gibt es u.a. folgende Codierm\u00f6glichkeiten:\n<ul>\n \t<li>Abbiegelicht bei R\u00fcckw\u00e4rtsfahrt<\/li>\n \t<li>Abbiegelicht \u00fcber Nebelscheinwerfer<\/li>\n \t<li>Audioabsenkung der Einparkhilfe aktivieren\/deaktivieren<\/li>\n \t<li>Automatisches Verriegeln\/Entriegeln der T\u00fcren<\/li>\n \t<li>Berganfahrassistent anpassen<\/li>\n \t<li>Blinkzyklen des Komfortblinkers \u00e4ndern<\/li>\n \t<li>Coming Home aktivieren (ohne verbauten Lichtsensor)<\/li>\n \t<li>Coming-\/Leaving Home \u00fcber Nebelscheinwerfer<\/li>\n \t<li>Coming-Home von manueller Aktivierung auf \u201eautomatisch\u201c \u00e4ndern<\/li>\n \t<li>Dauerfahrlicht\/Tagfahrlicht deaktivieren<\/li>\n \t<li>Fernlichtassistent freischalten*<\/li>\n \t<li>Fu\u00dfraumbeleuchtung aktivieren (nach Nachr\u00fcstung)<\/li>\n \t<li>Fu\u00dfraumbeleuchtung w\u00e4hrend der Fahrt<\/li>\n \t<li>Gurtwarnung deaktivieren<\/li>\n \t<li>Lautst\u00e4rke der Einparkhilfe \u00e4ndern<\/li>\n \t<li>M\u00fcdigkeitserkennung<\/li>\n \t<li>Nachtankmenge im Kombiinstrument<\/li>\n \t<li>Notbremswarnblinken \u00fcber Blinker<\/li>\n \t<li>Quittierungston\/Hornquittierung beim Verriegeln\/Entriegeln des Fahrzeugs (nur mit DWA)<\/li>\n \t<li>Regenschlie\u00dfen<\/li>\n \t<li>R\u00fcckfahrkamera codieren (nach Nachr\u00fcstung)<\/li>\n \t<li>Speicherung der zuletzt gew\u00e4hlten Sitzheizungsstufe<\/li>\n \t<li>Spiegelanklappen (nach Nachr\u00fcstung)<\/li>\n \t<li>Spiegelanklappen per Funkfernbedienung<\/li>\n \t<li>Spurhalteassistent anpassen (Zeit auf 60 Sekunden erh\u00f6hen)<\/li>\n \t<li>Spurhalteassistent freischalten*<\/li>\n \t<li>Start\/Stopp-System deaktivieren<\/li>\n \t<li>Tagfahrlicht bei aktiver\/gezogener Handbremse ausschalten<\/li>\n \t<li>Tagfahrlicht beim Blinken herunterdimmen<\/li>\n \t<li>Tagfahrlicht nur in Lichtschalterstellung \u201eAuto\u201c<\/li>\n \t<li>Tagfahrlicht \u00fcber MFA ein-\/ausschaltbar<\/li>\n \t<li>Tonart (Frequenz) der Einparkhilfe \u00e4ndern<\/li>\n \t<li>Tr\u00e4nenwischen aktivieren\/deaktivieren<\/li>\n \t<li>Verkehrszeichenerkennung freischalten*<\/li>\n \t<li>Zeigertest \/ Staging aktivieren<\/li>\n<\/ul>\n&nbsp;\n\n<br>\n*Multifunktionskamera muss verbaut sein\n<br><br><br>\nSollte eine Codierung nicht aufgelistet sein oder Sie haben Fragen zu einer Codierung, dann schicken Sie mir gerne eine Nachricht \u00fcber das Kontaktformular.\n\n\n\n<span><br><br><br>\n<font size=\"-2\">Letzte \u00c4nderung 28.02.2023<\/font><\/span>\n\t\t\t\t\t\t\t\t<\/div>\n\t\t\t\t<\/div>\n\t\t\t\t\t<\/div>\n\t\t<\/div>\n\t\t\t\t\t<\/div>\n\t\t<\/section>\n\t\t\t\t<\/div>\n\t\t","protected":false},"excerpt":{"rendered":"<p>Beim Seat Alhambra II (71) gibt es u.a. folgende Codierm\u00f6glichkeiten: Abbiegelicht bei R\u00fcckw\u00e4rtsfahrt Abbiegelicht \u00fcber Nebelscheinwerfer Audioabsenkung der Einparkhilfe aktivieren\/deaktivieren Automatisches Verriegeln\/Entriegeln der T\u00fcren Berganfahrassistent anpassen Blinkzyklen des Komfortblinkers \u00e4ndern Coming Home aktivieren (ohne verbauten Lichtsensor) Coming-\/Leaving Home \u00fcber Nebelscheinwerfer Coming-Home von manueller Aktivierung auf \u201eautomatisch\u201c \u00e4ndern Dauerfahrlicht\/Tagfahrlicht deaktivieren Fernlichtassistent freischalten* Fu\u00dfraumbeleuchtung aktivieren (nach Nachr\u00fcstung)<\/p>\n<p><a href=\"https:\/\/www.cf-coding.de\/index.php\/fahrzeugauswahl\/seat\/alhambra-ii-71\/\" class=\"more-link\">Weiterlesen<\/a><\/p>\n","protected":false},"author":5,"featured_media":0,"parent":125,"menu_order":0,"comment_status":"closed","ping_status":"closed","template":"","meta":{"_glsr_average":0,"_glsr_ranking":0,"_glsr_reviews":0,"footnotes":""},"class_list":["post-1483","page","type-page","status-publish","hentry"],"_links":{"self":[{"href":"https:\/\/www.cf-coding.de\/index.php\/wp-json\/wp\/v2\/pages\/1483","targetHints":{"allow":["GET"]}}],"collection":[{"href":"https:\/\/www.cf-coding.de\/index.php\/wp-json\/wp\/v2\/pages"}],"about":[{"href":"https:\/\/www.cf-coding.de\/index.php\/wp-json\/wp\/v2\/types\/page"}],"author":[{"embeddable":true,"href":"https:\/\/www.cf-coding.de\/index.php\/wp-json\/wp\/v2\/users\/5"}],"replies":[{"embeddable":true,"href":"https:\/\/www.cf-coding.de\/index.php\/wp-json\/wp\/v2\/comments?post=1483"}],"version-history":[{"count":1,"href":"https:\/\/www.cf-coding.de\/index.php\/wp-json\/wp\/v2\/pages\/1483\/revisions"}],"predecessor-version":[{"id":1952,"href":"https:\/\/www.cf-coding.de\/index.php\/wp-json\/wp\/v2\/pages\/1483\/revisions\/1952"}],"up":[{"embeddable":true,"href":"https:\/\/www.cf-coding.de\/index.php\/wp-json\/wp\/v2\/pages\/125"}],"wp:attachment":[{"href":"https:\/\/www.cf-coding.de\/index.php\/wp-json\/wp\/v2\/media?parent=1483"}],"curies":[{"name":"wp","href":"https:\/\/api.w.org\/{rel}","templated":true}]}}