{"id":1297,"date":"2022-05-29T13:43:46","date_gmt":"2022-05-29T11:43:46","guid":{"rendered":"http:\/\/www.cf-coding.de\/?page_id=1297"},"modified":"2023-02-05T22:47:03","modified_gmt":"2023-02-05T20:47:03","slug":"octavia-iv-nx-7n","status":"publish","type":"page","link":"https:\/\/www.cf-coding.de\/index.php\/fahrzeugauswahl\/skoda\/octavia-iv-nx-7n\/","title":{"rendered":"Octavia IV (NX\/7N)"},"content":{"rendered":"\t\t<div data-elementor-type=\"wp-page\" data-elementor-id=\"1297\" class=\"elementor elementor-1297\">\n\t\t\t\t\t\t<section class=\"elementor-section elementor-top-section elementor-element elementor-element-80d45aa elementor-section-boxed elementor-section-height-default elementor-section-height-default\" data-id=\"80d45aa\" data-element_type=\"section\">\n\t\t\t\t\t\t<div class=\"elementor-container elementor-column-gap-default\">\n\t\t\t\t\t<div class=\"elementor-column elementor-col-100 elementor-top-column elementor-element elementor-element-1a86124\" data-id=\"1a86124\" data-element_type=\"column\">\n\t\t\t<div class=\"elementor-widget-wrap elementor-element-populated\">\n\t\t\t\t\t\t<div class=\"elementor-element elementor-element-48e5f02 elementor-widget elementor-widget-text-editor\" data-id=\"48e5f02\" data-element_type=\"widget\" data-widget_type=\"text-editor.default\">\n\t\t\t\t<div class=\"elementor-widget-container\">\n\t\t\t\t\t\t\t\t\tBeim Skoda Octavia IV (NX, 7N) gibt es u.a. folgende Codierm\u00f6glichkeiten:\n<ul>\n \t<li>Abstand zum Bordstein anpassen (Parklenkassistent)<\/li>\n \t<li>Adaptive Spurf\u00fchrung des Spurhalteassistenten aktivieren<\/li>\n \t<li>Air Care aktiviert lassen (nach Z\u00fcndungswechsel weiterhin aktiv)<\/li>\n \t<li>Aktivierungston der Einparkhilfe aktivieren\/deaktivieren<\/li>\n \t<li>Anzeige der Getriebetemperatur im Kombiinstrument aktivieren <strong>*<\/strong><\/li>\n \t<li>Anzeige der Motorleistung im Kombiinstrument aktivieren <strong>*<\/strong><\/li>\n \t<li>Anzeige des Ladedrucks im Kombiinstrument aktivieren <strong>*<\/strong><\/li>\n \t<li>Anzeige des Motordrehmoment im Kombiinstrument aktivieren <strong>*<\/strong><\/li>\n \t<li>Auto-Lock\/-Unlock im CAR-Men\u00fc freischalten<\/li>\n \t<li>Automatisches Wischen der Heckscheibe aktivieren\/deaktivieren<\/li>\n \t<li>Coming-Home Einschaltereignis \u00e4ndern (Fahrert\u00fcre oder Z\u00fcndung)<\/li>\n \t<li>Coming-Home \u00fcber Nebelscheinwerfer<\/li>\n \t<li>Design\/Skin vom Active-Info-Display \u00e4ndern <strong>*<\/strong><\/li>\n \t<li>Fahrzeugdarstellung im Kombiinstrument \u00e4ndern <strong>*<\/strong><\/li>\n \t<li>Fensterheber auch nach Z\u00fcndung aus und T\u00fcr\u00f6ffnen bedienbar<\/li>\n \t<li>Fernlichtassistent aktiviert lassen (nach Z\u00fcndungswechsel weiterhin aktiv)<\/li>\n \t<li>Ger\u00e4uschverst\u00e4rker \/ Soundgenerator Lautst\u00e4rke mindern oder ganz deaktivieren<\/li>\n \t<li>Geschwindigkeitsregelanlage (GRA) zus\u00e4tzlich zum Limiter oder ACC codieren<\/li>\n \t<li>Gurtwarnung deaktivieren<\/li>\n \t<li>Heckscheibenwischer deaktivieren<\/li>\n \t<li>Intervallpausenzeit Komfortwischer der Heckscheibe anpassen<\/li>\n \t<li>Laptimer\/Rundenz\u00e4hler aktivieren<\/li>\n \t<li>Lichthupe bei ausgeschalteter Z\u00fcndung m\u00f6glich<\/li>\n \t<li>Men\u00fcpunkt Automatisches Ver-\/Entriegeln d. Zentralverriegelung im CAR-Men\u00fc freischalten<\/li>\n \t<li>Nachtankmenge im Kombiinstrument<\/li>\n \t<li>\u00d6ltemperaturanzeige im Kombiinstrument aktivieren<\/li>\n \t<li>Quittierungston\/Hornquittierung beim Verriegeln\/Entriegeln des Fahrzeugs<\/li>\n \t<li>RS-Design im Kombiinstrument aktivieren <strong>*<\/strong><\/li>\n \t<li>R\u00fccknahme der Sitzheizungsstufen anpassen<\/li>\n \t<li>Scheinwerferreinigungsanlage anpassen (Verz\u00f6gerungszeit, Aktivierungsintervall, Waschzeit\u2026)<\/li>\n \t<li>Skalenendwert vom Kombiinstrument \u00e4ndern <strong>*<\/strong><\/li>\n \t<li>Speicherung der zuletzt gew\u00e4hlten Sitzheizungsstufe<\/li>\n \t<li>Spiegelanklappen anpassen (Funkfernbedienung kurz dr\u00fccken\/FFB lang dr\u00fccken zum Einklappen)<\/li>\n \t<li>Spurhalteassistent Einschaltzustand anpassen (Nach Z\u00fcndung letzte Einstellung, aus oder ein)<\/li>\n \t<li>Spurverlassenwarnung auf Spurhalteassisten codieren (adaptive Spurf\u00fchrung, kapazitives Lenkrad nicht erforderlich)<\/li>\n \t<li>Startlogo des Kombiinstrumentes \u00e4ndern <strong>*<\/strong><\/li>\n \t<li>Tagfahrlicht bei aktiver\/gezogener Handbremse ausschalten<\/li>\n \t<li>Tagfahrlicht im CAR-Men\u00fc ein-\/ausschaltbar<\/li>\n \t<li>Tagfahrlicht mit aktiven R\u00fcckleuchten<\/li>\n \t<li>Tagfahrlicht nur in Lichtschalterstellung \u201eAuto\u201c<\/li>\n \t<li>Verbrauchsanzeige im Kombiinstrument anpassen<\/li>\n \t<li>Warnhinweis bei aktivem Nebelschlusslicht und \u00fcberscheiten von 60 km\/h<\/li>\n \t<li>Zeigertest \/ Staging aktivieren<\/li>\n<\/ul><br>\n<b>*<\/b> nur mit Active Info Display\n<br><br><br>\nSollte eine Codierung nicht aufgelistet sein oder Sie haben Fragen zu einer Codierung, dann schicken Sie mir gerne eine Nachricht \u00fcber das Kontaktformular.\n\n\n<span><br><br><br>\n<font size=\"-2\">Letzte \u00c4nderung 05.02.2023<\/font><\/span>\t\t\t\t\t\t\t\t<\/div>\n\t\t\t\t<\/div>\n\t\t\t\t\t<\/div>\n\t\t<\/div>\n\t\t\t\t\t<\/div>\n\t\t<\/section>\n\t\t\t\t<\/div>\n\t\t","protected":false},"excerpt":{"rendered":"<p>Beim Skoda Octavia IV (NX, 7N) gibt es u.a. folgende Codierm\u00f6glichkeiten: Abstand zum Bordstein anpassen (Parklenkassistent) Adaptive Spurf\u00fchrung des Spurhalteassistenten aktivieren Air Care aktiviert lassen (nach Z\u00fcndungswechsel weiterhin aktiv) Aktivierungston der Einparkhilfe aktivieren\/deaktivieren Anzeige der Getriebetemperatur im Kombiinstrument aktivieren * Anzeige der Motorleistung im Kombiinstrument aktivieren * Anzeige des Ladedrucks im Kombiinstrument aktivieren * Anzeige<\/p>\n<p><a href=\"https:\/\/www.cf-coding.de\/index.php\/fahrzeugauswahl\/skoda\/octavia-iv-nx-7n\/\" class=\"more-link\">Weiterlesen<\/a><\/p>\n","protected":false},"author":5,"featured_media":0,"parent":126,"menu_order":0,"comment_status":"closed","ping_status":"closed","template":"","meta":{"_glsr_average":0,"_glsr_ranking":0,"_glsr_reviews":0,"footnotes":""},"class_list":["post-1297","page","type-page","status-publish","hentry"],"_links":{"self":[{"href":"https:\/\/www.cf-coding.de\/index.php\/wp-json\/wp\/v2\/pages\/1297","targetHints":{"allow":["GET"]}}],"collection":[{"href":"https:\/\/www.cf-coding.de\/index.php\/wp-json\/wp\/v2\/pages"}],"about":[{"href":"https:\/\/www.cf-coding.de\/index.php\/wp-json\/wp\/v2\/types\/page"}],"author":[{"embeddable":true,"href":"https:\/\/www.cf-coding.de\/index.php\/wp-json\/wp\/v2\/users\/5"}],"replies":[{"embeddable":true,"href":"https:\/\/www.cf-coding.de\/index.php\/wp-json\/wp\/v2\/comments?post=1297"}],"version-history":[{"count":0,"href":"https:\/\/www.cf-coding.de\/index.php\/wp-json\/wp\/v2\/pages\/1297\/revisions"}],"up":[{"embeddable":true,"href":"https:\/\/www.cf-coding.de\/index.php\/wp-json\/wp\/v2\/pages\/126"}],"wp:attachment":[{"href":"https:\/\/www.cf-coding.de\/index.php\/wp-json\/wp\/v2\/media?parent=1297"}],"curies":[{"name":"wp","href":"https:\/\/api.w.org\/{rel}","templated":true}]}}