{"id":1272,"date":"2022-04-23T21:55:24","date_gmt":"2022-04-23T19:55:24","guid":{"rendered":"http:\/\/www.cf-coding.de\/?page_id=1272"},"modified":"2024-10-06T14:11:09","modified_gmt":"2024-10-06T12:11:09","slug":"a3-8y","status":"publish","type":"page","link":"https:\/\/www.cf-coding.de\/index.php\/fahrzeugauswahl\/audi\/a3-8y\/","title":{"rendered":"A3 (8Y)"},"content":{"rendered":"\t\t<div data-elementor-type=\"wp-page\" data-elementor-id=\"1272\" class=\"elementor elementor-1272\">\n\t\t\t\t\t\t<section class=\"elementor-section elementor-top-section elementor-element elementor-element-2d2ea41 elementor-section-boxed elementor-section-height-default elementor-section-height-default\" data-id=\"2d2ea41\" data-element_type=\"section\">\n\t\t\t\t\t\t<div class=\"elementor-container elementor-column-gap-default\">\n\t\t\t\t\t<div class=\"elementor-column elementor-col-100 elementor-top-column elementor-element elementor-element-17cba64\" data-id=\"17cba64\" data-element_type=\"column\">\n\t\t\t<div class=\"elementor-widget-wrap elementor-element-populated\">\n\t\t\t\t\t\t<div class=\"elementor-element elementor-element-21c8e48 elementor-widget elementor-widget-text-editor\" data-id=\"21c8e48\" data-element_type=\"widget\" data-widget_type=\"text-editor.default\">\n\t\t\t\t<div class=\"elementor-widget-container\">\n\t\t\t\t\t\t\t\t\tBeim Audi A3 (8Y) gibt es u.a. folgende Codierm\u00f6glichkeiten:\n<ul>\n \t<li>5 GHz-WLAN aktivieren<\/li>\n \t<li>Abstand zum Bordstein anpassen (Parklenkassistent)<\/li>\n \t<li>ACC in 1 km\/h-Schritten einstellen<\/li>\n \t<li>Aktivierungston der Einparkhilfe aktivieren\/deaktivieren<\/li>\n \t<li>Automatisches entriegeln der T\u00fcren bei Schalten in &#8222;P&#8220;<\/li>\n \t<li>Automatisches Wischen der Heckscheibe aktivieren<\/li>\n \t<li>Beschleunigungsmessung im Kombiinstrument aktivieren (0-100 km\/h, 100-200 km\/h\u2026)<\/li>\n \t<li>Blinkzyklen des Komfortblinkers \u00e4ndern<\/li>\n \t<li>Bremsscheibentrocknung anpassen (schwach, mittel, stark)<\/li>\n \t<li>Coming-\/Leaving Home Einschaltereignis \u00e4ndern (Fahrert\u00fcre oder Z\u00fcndung)<\/li>\n \t<li>Coming-\/Leaving Home \u00fcber Nebelscheinwerfer<\/li>\n \t<li>Coming-\/Leaving Home \u00fcber Nebelscheinwerfer und Abblendlicht<\/li>\n \t<li>Dynamischen Anfahrassistenten (Auto-Hold) anpassen<\/li>\n \t<li>Fensterheber auch nach T\u00fcr\u00f6ffnen weiter aktiv\/bedienbar<\/li>\n \t<li>Fernlichtassistent aktiviert lassen (nach Z\u00fcndungswechsel weiterhin aktiv)<\/li>\n \t<li>Gurtwarnung deaktivieren<\/li>\n \t<li>Heckscheibenwischer &#8211; Automatisches wischen der Heckscheibe aktivieren\/deaktivieren<\/li>\n \t<li>Heckscheibenwischer &#8211; Intervallpausenzeiten Komfortwischen anpassen<\/li>\n \t<li>Heckscheibenwischer &#8211; Komfortwischen aktivieren\/deaktivieren<\/li>\n \t<li>Heckscheibenwischer deaktivieren<\/li>\n \t<li>Heckscheibenwischer deaktivieren<\/li>\n \t<li>Hinweiston beim Einlegen des R\u00fcckw\u00e4rtsgangs deaktivieren<\/li>\n \t<li>Intervallpausenzeit Komfortwischer der Heckscheibe anpassen<\/li>\n \t<li>Kapazitives Lenkrad aktivieren (nach Nachr\u00fcstung)<\/li>\n \t<li>Kapazitives Lenkrad deaktivieren<\/li>\n \t<li>Komfortblinken deaktivieren<\/li>\n \t<li>Komfort\u00f6ffnung Panoramadach \u00e4ndern (Kippstellung\/ganz auf)<\/li>\n \t<li>Lichthupe bei ausgeschalteter Z\u00fcndung m\u00f6glich<\/li>\n \t<li>Men\u00fcpunkt Automatisches Ver-\/Entriegeln d. Zentralverriegelung im MMI freischalten<\/li>\n \t<li>Optische Darstellung der Einparkhilfe freischalten (APS)<\/li>\n \t<li>Quittierungston\/Hornquittierung beim Verriegeln\/Entriegeln des Fahrzeugs<\/li>\n \t<li>Rechts \u00fcberholen mit ACC aktivieren\/erlauben<\/li>\n \t<li>RS-Inszenierung der R\u00fcckleuchten freischalten (nur mit Matrix-LED-Scheinwerfer)<\/li>\n \t<li>R\u00fccknahme der Sitzheizungsstufen anpassen<\/li>\n \t<li>Rundenz\u00e4hler\/Laptimer aktivieren<\/li>\n \t<li>Scheibenwischer &#8211; Wischgeschwindigkeit bei Dauerwischen anpassen<\/li>\n \t<li>Scheinwerferreinigungsanlage anpassen (Verz\u00f6gerungszeit, Aktivierungsintervall, Waschzeit\u2026)<\/li>\n \t<li>Scheinwerferreinigungsanlage anpassen (Verz\u00f6gerungszeit, Aktivierungsintervall, Waschzeit\u2026)<\/li>\n \t<li>Schiebe\/Panoramadach &#8211; Komfort\u00f6ffnen anpassen (ganz \u00f6ffnen, Kippstellung)<\/li>\n \t<li>Soundgenerator Lautst\u00e4rke mindern oder ganz deaktivieren<\/li>\n \t<li>Speicherung der zuletzt gew\u00e4hlten Sitzheizungsstufe<\/li>\n \t<li>Spiegelanklappen anpassen (Funkfernbedienung kurz dr\u00fccken\/FFB lang dr\u00fccken zum Einklappen)<\/li>\n \t<li>Spurhalteassistent Einschaltzustand anpassen (Nach Z\u00fcndung letzte Einstellung, aus oder ein)<\/li>\n \t<li>Spurverlassenwarnung auf Spurhalteassisten codieren (adaptive Spurf\u00fchrung)<\/li>\n \t<li>Tagfahrlicht bei aktiver\/gezogener Handbremse ausschalten<\/li>\n \t<li>Tagfahrlicht im MMI ein-\/ausschaltbar<\/li>\n \t<li>Tagfahrlicht mit aktiven R\u00fcckleuchten<\/li>\n \t<li>Tagfahrlicht nur in Lichtschalterstellung \u201eAuto\u201c<\/li>\n \t<li>Tr\u00e4nenwischen aktivieren\/deaktivieren<\/li>\n \t<li>Verbrauchsanzeige im Kombiinstrument anpassen<\/li>\n \t<li>Video in Motion (VIM) freischalten<\/li>\n \t<li>Warnhinweis bei eingeschaltetem Nebelschlusslicht und \u00fcberscheiten von 60 km\/h<\/li>\n \t<li>Warnton \u201eZ\u00fcndung ein\u201c deaktivieren<\/li>\n \t<li>Welcome-Sound (Heartbeat) aktivieren<\/li>\n \t<li>Wireless CarPlay aktivieren<\/li>\n \t<li>Zeigertest \/ Staging aktivieren<\/li>\n<\/ul><br><br>\nSollte eine Codierung nicht aufgelistet sein oder Sie haben Fragen zu einer Codierung, dann schicken Sie mir gerne eine Nachricht \u00fcber das Kontaktformular.\n\n\n\n<span><br><br><br>\n<font size=\"-2\">Letzte \u00c4nderung 06.10.2024<\/font><\/span>\t\t\t\t\t\t\t\t<\/div>\n\t\t\t\t<\/div>\n\t\t\t\t\t<\/div>\n\t\t<\/div>\n\t\t\t\t\t<\/div>\n\t\t<\/section>\n\t\t\t\t<\/div>\n\t\t","protected":false},"excerpt":{"rendered":"<p>Beim Audi A3 (8Y) gibt es u.a. folgende Codierm\u00f6glichkeiten: 5 GHz-WLAN aktivieren Abstand zum Bordstein anpassen (Parklenkassistent) ACC in 1 km\/h-Schritten einstellen Aktivierungston der Einparkhilfe aktivieren\/deaktivieren Automatisches entriegeln der T\u00fcren bei Schalten in &#8222;P&#8220; Automatisches Wischen der Heckscheibe aktivieren Beschleunigungsmessung im Kombiinstrument aktivieren (0-100 km\/h, 100-200 km\/h\u2026) Blinkzyklen des Komfortblinkers \u00e4ndern Bremsscheibentrocknung anpassen (schwach, mittel,<\/p>\n<p><a href=\"https:\/\/www.cf-coding.de\/index.php\/fahrzeugauswahl\/audi\/a3-8y\/\" class=\"more-link\">Weiterlesen<\/a><\/p>\n","protected":false},"author":5,"featured_media":0,"parent":120,"menu_order":0,"comment_status":"closed","ping_status":"closed","template":"","meta":{"_glsr_average":0,"_glsr_ranking":0,"_glsr_reviews":0,"footnotes":""},"class_list":["post-1272","page","type-page","status-publish","hentry"],"_links":{"self":[{"href":"https:\/\/www.cf-coding.de\/index.php\/wp-json\/wp\/v2\/pages\/1272","targetHints":{"allow":["GET"]}}],"collection":[{"href":"https:\/\/www.cf-coding.de\/index.php\/wp-json\/wp\/v2\/pages"}],"about":[{"href":"https:\/\/www.cf-coding.de\/index.php\/wp-json\/wp\/v2\/types\/page"}],"author":[{"embeddable":true,"href":"https:\/\/www.cf-coding.de\/index.php\/wp-json\/wp\/v2\/users\/5"}],"replies":[{"embeddable":true,"href":"https:\/\/www.cf-coding.de\/index.php\/wp-json\/wp\/v2\/comments?post=1272"}],"version-history":[{"count":6,"href":"https:\/\/www.cf-coding.de\/index.php\/wp-json\/wp\/v2\/pages\/1272\/revisions"}],"predecessor-version":[{"id":2202,"href":"https:\/\/www.cf-coding.de\/index.php\/wp-json\/wp\/v2\/pages\/1272\/revisions\/2202"}],"up":[{"embeddable":true,"href":"https:\/\/www.cf-coding.de\/index.php\/wp-json\/wp\/v2\/pages\/120"}],"wp:attachment":[{"href":"https:\/\/www.cf-coding.de\/index.php\/wp-json\/wp\/v2\/media?parent=1272"}],"curies":[{"name":"wp","href":"https:\/\/api.w.org\/{rel}","templated":true}]}}