{"id":1186,"date":"2021-07-22T16:51:15","date_gmt":"2021-07-22T14:51:15","guid":{"rendered":"http:\/\/www.cf-coding.de\/?page_id=1186"},"modified":"2024-03-12T20:19:53","modified_gmt":"2024-03-12T18:19:53","slug":"reparatur-anhaengersteuergeraet-audi-q7-4l","status":"publish","type":"page","link":"https:\/\/www.cf-coding.de\/index.php\/diverses\/reparatur-anhaengersteuergeraet-audi-q7-4l\/","title":{"rendered":"Reparatur Anh\u00e4ngersteuerger\u00e4t Audi Q7 4L"},"content":{"rendered":"\t\t<div data-elementor-type=\"wp-page\" data-elementor-id=\"1186\" class=\"elementor elementor-1186\">\n\t\t\t\t\t\t<section class=\"elementor-section elementor-top-section elementor-element elementor-element-e00becb elementor-section-boxed elementor-section-height-default elementor-section-height-default\" data-id=\"e00becb\" data-element_type=\"section\">\n\t\t\t\t\t\t<div class=\"elementor-container elementor-column-gap-default\">\n\t\t\t\t\t<div class=\"elementor-column elementor-col-100 elementor-top-column elementor-element elementor-element-a48fa95\" data-id=\"a48fa95\" data-element_type=\"column\">\n\t\t\t<div class=\"elementor-widget-wrap elementor-element-populated\">\n\t\t\t\t\t\t<div class=\"elementor-element elementor-element-85fd5b9 elementor-widget elementor-widget-heading\" data-id=\"85fd5b9\" data-element_type=\"widget\" data-widget_type=\"heading.default\">\n\t\t\t\t<div class=\"elementor-widget-container\">\n\t\t\t\t\t<h2 class=\"elementor-heading-title elementor-size-default\">Reparatur des Anh\u00e4ngersteuerger\u00e4tes vom Audi Q7 (4L) \/ Touareg (7L)<\/h2>\t\t\t\t<\/div>\n\t\t\t\t<\/div>\n\t\t\t\t\t<\/div>\n\t\t<\/div>\n\t\t\t\t\t<\/div>\n\t\t<\/section>\n\t\t\t\t<section class=\"elementor-section elementor-top-section elementor-element elementor-element-3d2500c elementor-section-boxed elementor-section-height-default elementor-section-height-default\" data-id=\"3d2500c\" data-element_type=\"section\">\n\t\t\t\t\t\t<div class=\"elementor-container elementor-column-gap-default\">\n\t\t\t\t\t<div class=\"elementor-column elementor-col-100 elementor-top-column elementor-element elementor-element-01ea6d9\" data-id=\"01ea6d9\" data-element_type=\"column\">\n\t\t\t<div class=\"elementor-widget-wrap elementor-element-populated\">\n\t\t\t\t\t\t<div class=\"elementor-element elementor-element-620c746 elementor-widget elementor-widget-text-editor\" data-id=\"620c746\" data-element_type=\"widget\" data-widget_type=\"text-editor.default\">\n\t\t\t\t<div class=\"elementor-widget-container\">\n\t\t\t\t\t\t\t\t\t<p style=\"text-align: justify;\">Wenn Sie den Fehler <span style=\"text-decoration: underline;\">16347 &#8211; Steuerger\u00e4t &#8211; Fehler im EEPROM<\/span> im Fehlerspeicher vom Steuerger\u00e4t der Anh\u00e4ngerkupplung haben, ist eine Reparatur mit normalen Diagnosemitteln nicht m\u00f6glich. Ein teurer Ersatz des Steuerger\u00e4tes w\u00e4re die einzige M\u00f6glichkeit, doch das muss nicht sein, denn eine Reparatur ist m\u00f6glich!<\/p><p style=\"text-align: justify;\">Die Reparatur ist bei folgenden Steuerger\u00e4ten m\u00f6glich:<\/p><ul><li style=\"text-align: justify;\">4L0 907 383<\/li><li style=\"text-align: justify;\">7L0 907 383 F<\/li><\/ul><p>Falls Sie ein Steuerger\u00e4t mit diesem Problem haben, dann melden Sie sich gerne \u00fcber das Kontaktformular.<\/p>\t\t\t\t\t\t\t\t<\/div>\n\t\t\t\t<\/div>\n\t\t\t\t\t<\/div>\n\t\t<\/div>\n\t\t\t\t\t<\/div>\n\t\t<\/section>\n\t\t\t\t<section class=\"elementor-section elementor-top-section elementor-element elementor-element-11e8fc2 elementor-section-boxed elementor-section-height-default elementor-section-height-default\" data-id=\"11e8fc2\" data-element_type=\"section\">\n\t\t\t\t\t\t<div class=\"elementor-container elementor-column-gap-default\">\n\t\t\t\t\t<div class=\"elementor-column elementor-col-100 elementor-top-column elementor-element elementor-element-be11852\" data-id=\"be11852\" data-element_type=\"column\">\n\t\t\t<div class=\"elementor-widget-wrap\">\n\t\t\t\t\t\t\t<\/div>\n\t\t<\/div>\n\t\t\t\t\t<\/div>\n\t\t<\/section>\n\t\t\t\t<section class=\"elementor-section elementor-top-section elementor-element elementor-element-4bfb7ed elementor-section-boxed elementor-section-height-default elementor-section-height-default\" data-id=\"4bfb7ed\" data-element_type=\"section\">\n\t\t\t\t\t\t<div class=\"elementor-container elementor-column-gap-default\">\n\t\t\t\t\t<div class=\"elementor-column elementor-col-100 elementor-top-column elementor-element elementor-element-2531c1b\" data-id=\"2531c1b\" data-element_type=\"column\">\n\t\t\t<div class=\"elementor-widget-wrap elementor-element-populated\">\n\t\t\t\t\t\t<div class=\"elementor-element elementor-element-9e54471 elementor-widget elementor-widget-image\" data-id=\"9e54471\" data-element_type=\"widget\" data-widget_type=\"image.default\">\n\t\t\t\t<div class=\"elementor-widget-container\">\n\t\t\t\t\t\t\t\t\t\t\t\t\t\t\t<img fetchpriority=\"high\" decoding=\"async\" width=\"618\" height=\"490\" src=\"https:\/\/www.cf-coding.de\/wp-content\/uploads\/2021\/07\/4L0-907-383_Anh\u00e4ngersteuerger\u00e4t__.jpg\" class=\"attachment-full size-full wp-image-1202\" alt=\"\" srcset=\"https:\/\/www.cf-coding.de\/wp-content\/uploads\/2021\/07\/4L0-907-383_Anh\u00e4ngersteuerger\u00e4t__.jpg 618w, https:\/\/www.cf-coding.de\/wp-content\/uploads\/2021\/07\/4L0-907-383_Anh\u00e4ngersteuerger\u00e4t__-300x238.jpg 300w\" sizes=\"(max-width: 618px) 100vw, 618px\" \/>\t\t\t\t\t\t\t\t\t\t\t\t\t\t\t<\/div>\n\t\t\t\t<\/div>\n\t\t\t\t\t<\/div>\n\t\t<\/div>\n\t\t\t\t\t<\/div>\n\t\t<\/section>\n\t\t\t\t<\/div>\n\t\t","protected":false},"excerpt":{"rendered":"<p>Reparatur des Anh\u00e4ngersteuerger\u00e4tes vom Audi Q7 (4L) \/ Touareg (7L) Wenn Sie den Fehler 16347 &#8211; Steuerger\u00e4t &#8211; Fehler im EEPROM im Fehlerspeicher vom Steuerger\u00e4t der Anh\u00e4ngerkupplung haben, ist eine Reparatur mit normalen Diagnosemitteln nicht m\u00f6glich. Ein teurer Ersatz des Steuerger\u00e4tes w\u00e4re die einzige M\u00f6glichkeit, doch das muss nicht sein, denn eine Reparatur ist m\u00f6glich!<\/p>\n<p><a href=\"https:\/\/www.cf-coding.de\/index.php\/diverses\/reparatur-anhaengersteuergeraet-audi-q7-4l\/\" class=\"more-link\">Weiterlesen<\/a><\/p>\n","protected":false},"author":5,"featured_media":0,"parent":867,"menu_order":0,"comment_status":"closed","ping_status":"closed","template":"","meta":{"_glsr_average":0,"_glsr_ranking":0,"_glsr_reviews":0,"footnotes":""},"class_list":["post-1186","page","type-page","status-publish","hentry"],"_links":{"self":[{"href":"https:\/\/www.cf-coding.de\/index.php\/wp-json\/wp\/v2\/pages\/1186","targetHints":{"allow":["GET"]}}],"collection":[{"href":"https:\/\/www.cf-coding.de\/index.php\/wp-json\/wp\/v2\/pages"}],"about":[{"href":"https:\/\/www.cf-coding.de\/index.php\/wp-json\/wp\/v2\/types\/page"}],"author":[{"embeddable":true,"href":"https:\/\/www.cf-coding.de\/index.php\/wp-json\/wp\/v2\/users\/5"}],"replies":[{"embeddable":true,"href":"https:\/\/www.cf-coding.de\/index.php\/wp-json\/wp\/v2\/comments?post=1186"}],"version-history":[{"count":3,"href":"https:\/\/www.cf-coding.de\/index.php\/wp-json\/wp\/v2\/pages\/1186\/revisions"}],"predecessor-version":[{"id":2052,"href":"https:\/\/www.cf-coding.de\/index.php\/wp-json\/wp\/v2\/pages\/1186\/revisions\/2052"}],"up":[{"embeddable":true,"href":"https:\/\/www.cf-coding.de\/index.php\/wp-json\/wp\/v2\/pages\/867"}],"wp:attachment":[{"href":"https:\/\/www.cf-coding.de\/index.php\/wp-json\/wp\/v2\/media?parent=1186"}],"curies":[{"name":"wp","href":"https:\/\/api.w.org\/{rel}","templated":true}]}}