{"id":1171,"date":"2021-07-09T14:47:36","date_gmt":"2021-07-09T12:47:36","guid":{"rendered":"http:\/\/www.cf-coding.de\/?page_id=1171"},"modified":"2022-01-12T14:53:08","modified_gmt":"2022-01-12T12:53:08","slug":"sharan-ii-7n","status":"publish","type":"page","link":"https:\/\/www.cf-coding.de\/index.php\/fahrzeugauswahl\/volkswagen\/sharan-ii-7n\/","title":{"rendered":"Sharan II (7N)"},"content":{"rendered":"\t\t<div data-elementor-type=\"wp-page\" data-elementor-id=\"1171\" class=\"elementor elementor-1171\">\n\t\t\t\t\t\t<section class=\"elementor-section elementor-top-section elementor-element elementor-element-0406c00 elementor-section-boxed elementor-section-height-default elementor-section-height-default\" data-id=\"0406c00\" data-element_type=\"section\">\n\t\t\t\t\t\t<div class=\"elementor-container elementor-column-gap-default\">\n\t\t\t\t\t<div class=\"elementor-column elementor-col-100 elementor-top-column elementor-element elementor-element-b60886d\" data-id=\"b60886d\" data-element_type=\"column\">\n\t\t\t<div class=\"elementor-widget-wrap elementor-element-populated\">\n\t\t\t\t\t\t<div class=\"elementor-element elementor-element-4323df4 elementor-widget elementor-widget-text-editor\" data-id=\"4323df4\" data-element_type=\"widget\" data-widget_type=\"text-editor.default\">\n\t\t\t\t<div class=\"elementor-widget-container\">\n\t\t\t\t\t\t\t\t\t<p>Beim VW Sharan II (7N) gibt es u.a. folgende Codierm\u00f6glichkeiten:<\/p><ul><li>Abbiegelicht bei R\u00fcckw\u00e4rtsfahrt<\/li><li>Abbiegelicht \u00fcber Nebelscheinwerfer<\/li><li>Audioabsenkung der Einparkhilfe aktivieren\/deaktivieren<\/li><li>Automatisches Verriegeln\/Entriegeln der T\u00fcren<\/li><li>Berganfahrassistent anpassen<\/li><li>Blinkzyklen des Komfortblinkers \u00e4ndern<\/li><li>Coming Home aktivieren (ohne verbauten Lichtsensor)<\/li><li>Coming-\/Leaving Home \u00fcber Nebelscheinwerfer<\/li><li>Coming-Home von manueller Aktivierung auf \u201eautomatisch\u201c \u00e4ndern<\/li><li>Dauerfahrlicht\/Tagfahrlicht deaktivieren<\/li><li>Fernlichtassistent freischalten*<\/li><li>Fu\u00dfraumbeleuchtung aktivieren (nach Nachr\u00fcstung)<\/li><li>Fu\u00dfraumbeleuchtung w\u00e4hrend der Fahrt<\/li><li>Gurtwarnung deaktivieren<\/li><li>Lautst\u00e4rke der Einparkhilfe \u00e4ndern<\/li><li>M\u00fcdigkeitserkennung<\/li><li>Nachtankmenge im Kombiinstrument<\/li><li>Notbremswarnblinken \u00fcber Blinker<\/li><li>Quittierungston\/Hornquittierung beim Verriegeln\/Entriegeln des Fahrzeugs (nur mit DWA)<\/li><li>Regenschlie\u00dfen<\/li><li>R\u00fcckfahrkamera codieren (nach Nachr\u00fcstung)<\/li><li>Speicherung der zuletzt gew\u00e4hlten Sitzheizungsstufe<\/li><li>Spiegelanklappen (nach Nachr\u00fcstung)<\/li><li>Spiegelanklappen per Funkfernbedienung<\/li><li>Spurhalteassistent anpassen (Zeit auf 60 Sekunden erh\u00f6hen)<\/li><li>Spurhalteassistent freischalten*<\/li><li>Start\/Stopp-System deaktivieren<\/li><li>Tagfahrlicht bei aktiver\/gezogener Handbremse ausschalten<\/li><li>Tagfahrlicht beim Blinken herunterdimmen<\/li><li>Tagfahrlicht nur in Lichtschalterstellung \u201eAuto\u201c<\/li><li>Tagfahrlicht \u00fcber MFA ein-\/ausschaltbar<\/li><li>Tonart (Frequenz) der Einparkhilfe \u00e4ndern<\/li><li>Tr\u00e4nenwischen aktivieren\/deaktivieren<\/li><li>Verkehrszeichenerkennung freischalten*<\/li><li>Zeigertest \/ Staging aktivieren<\/li><\/ul>\t\t\t\t\t\t\t\t<\/div>\n\t\t\t\t<\/div>\n\t\t\t\t\t<\/div>\n\t\t<\/div>\n\t\t\t\t\t<\/div>\n\t\t<\/section>\n\t\t\t\t<\/div>\n\t\t","protected":false},"excerpt":{"rendered":"<p>Beim VW Sharan II (7N) gibt es u.a. folgende Codierm\u00f6glichkeiten: Abbiegelicht bei R\u00fcckw\u00e4rtsfahrt Abbiegelicht \u00fcber Nebelscheinwerfer Audioabsenkung der Einparkhilfe aktivieren\/deaktivieren Automatisches Verriegeln\/Entriegeln der T\u00fcren Berganfahrassistent anpassen Blinkzyklen des Komfortblinkers \u00e4ndern Coming Home aktivieren (ohne verbauten Lichtsensor) Coming-\/Leaving Home \u00fcber Nebelscheinwerfer Coming-Home von manueller Aktivierung auf \u201eautomatisch\u201c \u00e4ndern Dauerfahrlicht\/Tagfahrlicht deaktivieren Fernlichtassistent freischalten* Fu\u00dfraumbeleuchtung aktivieren (nach Nachr\u00fcstung)<\/p>\n<p><a href=\"https:\/\/www.cf-coding.de\/index.php\/fahrzeugauswahl\/volkswagen\/sharan-ii-7n\/\" class=\"more-link\">Weiterlesen<\/a><\/p>\n","protected":false},"author":5,"featured_media":0,"parent":128,"menu_order":0,"comment_status":"closed","ping_status":"closed","template":"","meta":{"_glsr_average":0,"_glsr_ranking":0,"_glsr_reviews":0,"footnotes":""},"class_list":["post-1171","page","type-page","status-publish","hentry"],"_links":{"self":[{"href":"https:\/\/www.cf-coding.de\/index.php\/wp-json\/wp\/v2\/pages\/1171","targetHints":{"allow":["GET"]}}],"collection":[{"href":"https:\/\/www.cf-coding.de\/index.php\/wp-json\/wp\/v2\/pages"}],"about":[{"href":"https:\/\/www.cf-coding.de\/index.php\/wp-json\/wp\/v2\/types\/page"}],"author":[{"embeddable":true,"href":"https:\/\/www.cf-coding.de\/index.php\/wp-json\/wp\/v2\/users\/5"}],"replies":[{"embeddable":true,"href":"https:\/\/www.cf-coding.de\/index.php\/wp-json\/wp\/v2\/comments?post=1171"}],"version-history":[{"count":0,"href":"https:\/\/www.cf-coding.de\/index.php\/wp-json\/wp\/v2\/pages\/1171\/revisions"}],"up":[{"embeddable":true,"href":"https:\/\/www.cf-coding.de\/index.php\/wp-json\/wp\/v2\/pages\/128"}],"wp:attachment":[{"href":"https:\/\/www.cf-coding.de\/index.php\/wp-json\/wp\/v2\/media?parent=1171"}],"curies":[{"name":"wp","href":"https:\/\/api.w.org\/{rel}","templated":true}]}}