{"id":1032,"date":"2020-07-05T18:15:33","date_gmt":"2020-07-05T16:15:33","guid":{"rendered":"http:\/\/www.cf-coding.de\/?page_id=1032"},"modified":"2025-12-07T15:31:08","modified_gmt":"2025-12-07T14:31:08","slug":"q8-4m","status":"publish","type":"page","link":"https:\/\/www.cf-coding.de\/index.php\/fahrzeugauswahl\/audi\/q8-4m\/","title":{"rendered":"Q8 (4M)"},"content":{"rendered":"\t\t<div data-elementor-type=\"wp-page\" data-elementor-id=\"1032\" class=\"elementor elementor-1032\">\n\t\t\t\t\t\t<section class=\"elementor-section elementor-top-section elementor-element elementor-element-85fba89 elementor-section-boxed elementor-section-height-default elementor-section-height-default\" data-id=\"85fba89\" data-element_type=\"section\">\n\t\t\t\t\t\t<div class=\"elementor-container elementor-column-gap-default\">\n\t\t\t\t\t<div class=\"elementor-column elementor-col-100 elementor-top-column elementor-element elementor-element-751445f\" data-id=\"751445f\" data-element_type=\"column\">\n\t\t\t<div class=\"elementor-widget-wrap elementor-element-populated\">\n\t\t\t\t\t\t<div class=\"elementor-element elementor-element-40d45dc elementor-widget elementor-widget-text-editor\" data-id=\"40d45dc\" data-element_type=\"widget\" data-widget_type=\"text-editor.default\">\n\t\t\t\t<div class=\"elementor-widget-container\">\n\t\t\t\t\t\t\t\t\tBeim Audi Q8 (4M) gibt es u.a. folgende Codierm\u00f6glichkeiten:\n\n&nbsp;\n<ul>\n \t<li>\u201eAuto-Hold\u201c anpassen (L\u00f6seschwelle: fr\u00fch, normal, sp\u00e4t; Gurterkennung)<\/li>\n \t<li>\u201eAuto-Lock\u201c aktivieren\/deaktivieren (Automatisches Ver-\/entriegeln des Fahrzeugs ab 15km\/h)<\/li>\n \t<li>Automatische Aktivierung der Einparkhilfe deaktivieren<\/li>\n \t<li>Blinkzyklen des Komfortblinkers anpassen<\/li>\n \t<li>Coming-Home Einschaltereignis \u00e4ndern (Fahrert\u00fcre oder Z\u00fcndung)<\/li>\n \t<li>Dachrollo beim Komfort\u00f6ffnen\/-schlie\u00dfen aktivieren\/deaktivieren<\/li>\n \t<li>DVD-\/Videofreischaltung w\u00e4hrend der Fahrt (VIM)<\/li>\n \t<li>Einschaltzustand Spurhalteassistent \u00e4ndern (aktiviert\/deaktiviert\/letzte Einstellung)<\/li>\n \t<li>Elektrische Parkbremse automatisch aktivieren<\/li>\n \t<li>Gurtwarnung deaktivieren<\/li>\n \t<li>Komfort\u00f6ffnung Panoramadach \u00e4ndern (Kippstellung\/ganz auf)<\/li>\n \t<li>Laptimer\/Rundenz\u00e4hler aktivieren<\/li>\n \t<li>Quittierungston\/Hornquittierung beim Verriegeln\/Entriegeln des Fahrzeugs (nur mit DWA)<\/li>\n \t<li>S-\/RS-Ansicht im Virtual Cockpit freischalten<\/li>\n \t<li>Tagfahrlicht im MMI ein-\/ausschaltbar<\/li>\n \t<li>Tagfahrlicht mit aktiven R\u00fcckleuchten<\/li>\n \t<li>Tastendruck der FFB f\u00fcr &#8222;\u00d6ffnen Heckklappe&#8220; anpassen (Verz\u00f6gerungszeit)<\/li>\n \t<li>Temperatur der Glatteiswarnung anpassen (Gl\u00e4ttewarnung)<\/li>\n \t<li>Wireless CarPlay aktivieren (norm. CarPlay Voraussetzung)<\/li>\n \t<li>Zeigertest \/ Staging aktivieren<\/li>\n<\/ul>\n\n<br><br><br>\nSollte eine Codierung nicht aufgelistet sein oder Sie haben Fragen zu einer Codierung, dann schicken Sie mir gerne eine Nachricht \u00fcber das Kontaktformular.\n\n\n\n<span><br><br><br>\n<font size=\"-2\">Letzte \u00c4nderung 07.12.2025<\/font><\/span>\n\t\t\t\t\t\t\t\t<\/div>\n\t\t\t\t<\/div>\n\t\t\t\t\t<\/div>\n\t\t<\/div>\n\t\t\t\t\t<\/div>\n\t\t<\/section>\n\t\t\t\t<\/div>\n\t\t","protected":false},"excerpt":{"rendered":"<p>Beim Audi Q8 (4M) gibt es u.a. folgende Codierm\u00f6glichkeiten: &nbsp; \u201eAuto-Hold\u201c anpassen (L\u00f6seschwelle: fr\u00fch, normal, sp\u00e4t; Gurterkennung) \u201eAuto-Lock\u201c aktivieren\/deaktivieren (Automatisches Ver-\/entriegeln des Fahrzeugs ab 15km\/h) Automatische Aktivierung der Einparkhilfe deaktivieren Blinkzyklen des Komfortblinkers anpassen Coming-Home Einschaltereignis \u00e4ndern (Fahrert\u00fcre oder Z\u00fcndung) Dachrollo beim Komfort\u00f6ffnen\/-schlie\u00dfen aktivieren\/deaktivieren DVD-\/Videofreischaltung w\u00e4hrend der Fahrt (VIM) Einschaltzustand Spurhalteassistent \u00e4ndern (aktiviert\/deaktiviert\/letzte Einstellung) Elektrische<\/p>\n<p><a href=\"https:\/\/www.cf-coding.de\/index.php\/fahrzeugauswahl\/audi\/q8-4m\/\" class=\"more-link\">Weiterlesen<\/a><\/p>\n","protected":false},"author":5,"featured_media":0,"parent":120,"menu_order":0,"comment_status":"closed","ping_status":"closed","template":"","meta":{"_glsr_average":0,"_glsr_ranking":0,"_glsr_reviews":0,"footnotes":""},"class_list":["post-1032","page","type-page","status-publish","hentry"],"_links":{"self":[{"href":"https:\/\/www.cf-coding.de\/index.php\/wp-json\/wp\/v2\/pages\/1032","targetHints":{"allow":["GET"]}}],"collection":[{"href":"https:\/\/www.cf-coding.de\/index.php\/wp-json\/wp\/v2\/pages"}],"about":[{"href":"https:\/\/www.cf-coding.de\/index.php\/wp-json\/wp\/v2\/types\/page"}],"author":[{"embeddable":true,"href":"https:\/\/www.cf-coding.de\/index.php\/wp-json\/wp\/v2\/users\/5"}],"replies":[{"embeddable":true,"href":"https:\/\/www.cf-coding.de\/index.php\/wp-json\/wp\/v2\/comments?post=1032"}],"version-history":[{"count":3,"href":"https:\/\/www.cf-coding.de\/index.php\/wp-json\/wp\/v2\/pages\/1032\/revisions"}],"predecessor-version":[{"id":2391,"href":"https:\/\/www.cf-coding.de\/index.php\/wp-json\/wp\/v2\/pages\/1032\/revisions\/2391"}],"up":[{"embeddable":true,"href":"https:\/\/www.cf-coding.de\/index.php\/wp-json\/wp\/v2\/pages\/120"}],"wp:attachment":[{"href":"https:\/\/www.cf-coding.de\/index.php\/wp-json\/wp\/v2\/media?parent=1032"}],"curies":[{"name":"wp","href":"https:\/\/api.w.org\/{rel}","templated":true}]}}